{"id":1149,"date":"2023-12-19T13:06:37","date_gmt":"2023-12-19T13:06:37","guid":{"rendered":"https:\/\/www.sugherificiocorkline.it\/mappa-del-sito\/"},"modified":"2024-01-12T08:26:05","modified_gmt":"2024-01-12T08:26:05","slug":"plan-du-site","status":"publish","type":"page","link":"https:\/\/www.sugherificiocorkline.it\/fr\/plan-du-site\/","title":{"rendered":"Plan du site"},"content":{"rendered":"<h1>Plan du site<span style=\"color: #b6b29a;\">.<\/span><\/h1>\n<div>\n<div>\n<div class=\"wsp-container\"><h2 class=\"wsp-pages-title\">Pages<\/h2>\n<ul class=\"wsp-pages-list\">\n<li class=\"page_item page-item-1143\"><a href=\"https:\/\/www.sugherificiocorkline.it\/fr\/accessoires-en-liege\/\">Accessoires en li\u00e8ge<\/a><\/li>\n<li class=\"page_item page-item-655\"><a href=\"https:\/\/www.sugherificiocorkline.it\/fr\/\">Accueil<\/a><\/li>\n<li class=\"page_item page-item-1140\"><a href=\"https:\/\/www.sugherificiocorkline.it\/fr\/chaussures-et-semelles-compensees-en-liege\/\">Chaussures et semelles compens\u00e9es en li\u00e8ge<\/a><\/li>\n<li class=\"page_item page-item-1147\"><a href=\"https:\/\/www.sugherificiocorkline.it\/fr\/contacts\/\">Contacts<\/a><\/li>\n<li class=\"page_item page-item-1138\"><a href=\"https:\/\/www.sugherificiocorkline.it\/fr\/creches-en-liege\/\">Cr\u00e8ches en li\u00e8ge<\/a><\/li>\n<li class=\"page_item page-item-1136\"><a href=\"https:\/\/www.sugherificiocorkline.it\/fr\/granules-de-liege\/\">Granul\u00e9s de li\u00e8ge<\/a><\/li>\n<li class=\"page_item page-item-1137\"><a href=\"https:\/\/www.sugherificiocorkline.it\/fr\/panneaux-de-liege\/\">Panneaux de li\u00e8ge<\/a><\/li>\n<li class=\"page_item page-item-1149\"><a href=\"https:\/\/www.sugherificiocorkline.it\/fr\/plan-du-site\/\">Plan du site<\/a><\/li>\n<li class=\"page_item page-item-1150\"><a href=\"https:\/\/www.sugherificiocorkline.it\/fr\/politique-de-confidentialite\/\">Politique de confidentialit\u00e9<\/a><\/li>\n<li class=\"page_item page-item-1148\"><a href=\"https:\/\/www.sugherificiocorkline.it\/fr\/politique-de-cookies\/\">Politique de cookies<\/a><\/li>\n<li class=\"page_item page-item-1135\"><a href=\"https:\/\/www.sugherificiocorkline.it\/fr\/qui-sommes-nous\/\">Qui sommes-nous<\/a><\/li>\n<\/ul>\n<h2 class=\"wsp-posts-title\">Articles par cat\u00e9gorie<\/h2>\n<ul class=\"wsp-posts-list\">\n\t<li><strong class=\"wsp-category-title\"><a href=\"https:\/\/www.sugherificiocorkline.it\/fr\/category\/non-classifiee\/\">Non classifi\u00e9(e)<\/a><\/strong>\n<ul class=\"wsp-posts-list\">\t\t<li class=\"wsp-post\"><a href=\"https:\/\/www.sugherificiocorkline.it\/fr\/quest-ce-que-souffler-avec-des-granules-de-liege\/\">Qu&rsquo;est-ce que souffler avec des granul\u00e9s de li\u00e8ge ?<\/a><\/li>\n<\/ul><\/li>\n\t<li><strong class=\"wsp-category-title\"><a href=\"https:\/\/www.sugherificiocorkline.it\/fr\/category\/nouveaute\/\">Nouveaut\u00e9<\/a><\/strong>\n<ul class=\"wsp-posts-list\">\t\t<li class=\"wsp-post\"><a href=\"https:\/\/www.sugherificiocorkline.it\/fr\/des-villes-plus-fraiches-et-plus-vivables-le-role-des-materiaux-naturels-contre-les-chaleurs-extremes\/\">Des villes plus fra\u00eeches et plus vivables : le r\u00f4le des mat\u00e9riaux naturels contre les chaleurs extr\u00eames<\/a><\/li>\n\t\t<li class=\"wsp-post\"><a href=\"https:\/\/www.sugherificiocorkline.it\/fr\/le-choix-dun-fournisseur-de-granules-de-liege-est-synonyme-de-qualite-et-dinnovation\/\">Le choix d&rsquo;un fournisseur de granul\u00e9s de li\u00e8ge est synonyme de qualit\u00e9 et d&rsquo;innovation<\/a><\/li>\n\t\t<li class=\"wsp-post\"><a href=\"https:\/\/www.sugherificiocorkline.it\/fr\/le-liege-pour-lemballage-alimentaire-la-voie-dun-avenir-durable\/\">Le li\u00e8ge pour l&#8217;emballage alimentaire : la voie d&rsquo;un avenir durable<\/a><\/li>\n\t\t<li class=\"wsp-post\"><a href=\"https:\/\/www.sugherificiocorkline.it\/fr\/cappotto-in-sughero-un-nuovo-approccio-allisolamento\/\">L&rsquo;isolant en li\u00e8ge : une nouvelle approche de l&rsquo;isolation<\/a><\/li>\n\t\t<li class=\"wsp-post\"><a href=\"https:\/\/www.sugherificiocorkline.it\/fr\/panneaux-liege-pour-creches-allier-tradition-et-durabilite\/\">Panneaux li\u00e8ge pour cr\u00e8ches : allier tradition et durabilit\u00e9<\/a><\/li>\n\t\t<li class=\"wsp-post\"><a href=\"https:\/\/www.sugherificiocorkline.it\/fr\/panneaux-de-liege-interieurs-insonorisants-pour-un-confort-accru\/\">Panneaux de li\u00e8ge int\u00e9rieurs insonorisants pour un confort accru<\/a><\/li>\n\t\t<li class=\"wsp-post\"><a href=\"https:\/\/www.sugherificiocorkline.it\/fr\/isolation-thermique-et-acoustique-en-liege-une-solution-naturelle-et-durable\/\">Isolation thermique et acoustique en li\u00e8ge : une solution naturelle et durable<\/a><\/li>\n\t\t<li class=\"wsp-post\"><a href=\"https:\/\/www.sugherificiocorkline.it\/fr\/granules-de-liege-pour-un-design-ecologique\/\">Granul\u00e9s de li\u00e8ge pour un design \u00e9cologique<\/a><\/li>\n\t\t<li class=\"wsp-post\"><a href=\"https:\/\/www.sugherificiocorkline.it\/fr\/production-de-granules-de-liege-innovation-et-durabilite\/\">Production de granul\u00e9s de li\u00e8ge : innovation et durabilit\u00e9<\/a><\/li>\n\t\t<li class=\"wsp-post\"><a href=\"https:\/\/www.sugherificiocorkline.it\/fr\/le-liege-pour-lemballage-des-objets-fragiles-protection-et-durabilite\/\">Le li\u00e8ge pour l&#8217;emballage des objets fragiles : protection et durabilit\u00e9<\/a><\/li>\n\t\t<li class=\"wsp-post\"><a href=\"https:\/\/www.sugherificiocorkline.it\/fr\/le-liege-pour-des-meubles-ecologiques-design-et-durabilite\/\">Le li\u00e8ge pour des meubles \u00e9cologiques : design et durabilit\u00e9<\/a><\/li>\n\t\t<li class=\"wsp-post\"><a href=\"https:\/\/www.sugherificiocorkline.it\/fr\/sughero-in-industria-applicazioni-e-vantaggi\/\">Le li\u00e8ge dans l&rsquo;industrie : applications et avantages<\/a><\/li>\n\t\t<li class=\"wsp-post\"><a href=\"https:\/\/www.sugherificiocorkline.it\/fr\/le-liege-pour-le-remplissage-une-solution-durable-pour-lenvironnement-et-le-sport\/\">Le li\u00e8ge pour le remplissage : une solution durable pour l&rsquo;environnement et le sport<\/a><\/li>\n\t\t<li class=\"wsp-post\"><a href=\"https:\/\/www.sugherificiocorkline.it\/fr\/le-liege-pour-lemballage-ecologique-une-solution-durable-et-innovante\/\">Le li\u00e8ge pour l&#8217;emballage \u00e9cologique : une solution durable et innovante<\/a><\/li>\n\t\t<li class=\"wsp-post\"><a href=\"https:\/\/www.sugherificiocorkline.it\/fr\/le-processus-de-production-de-liege-brun\/\">Le processus de production de li\u00e8ge brun<\/a><\/li>\n\t\t<li class=\"wsp-post\"><a href=\"https:\/\/www.sugherificiocorkline.it\/fr\/bouchons-de-liege-dans-les-terrains-de-sport\/\">Bouchons de li\u00e8ge dans les terrains de sport<\/a><\/li>\n\t\t<li class=\"wsp-post\"><a href=\"https:\/\/www.sugherificiocorkline.it\/fr\/avantages-et-inconvenients-du-liege-dans-la-construction\/\">Avantages et inconv\u00e9nients du li\u00e8ge dans la construction<\/a><\/li>\n\t\t<li class=\"wsp-post\"><a href=\"https:\/\/www.sugherificiocorkline.it\/fr\/le-liege-a-souffler-en-granules-une-solution-efficace-pour-une-isolation-durable\/\">Le li\u00e8ge \u00e0 souffler en granul\u00e9s : une solution efficace pour une isolation durable<\/a><\/li>\n\t\t<li class=\"wsp-post\"><a href=\"https:\/\/www.sugherificiocorkline.it\/fr\/epaisseur-du-liege-pour-lisolation-thermique-quelques-lignes-directrices\/\">Epaisseur du li\u00e8ge pour l&rsquo;isolation thermique : quelques lignes directrices<\/a><\/li>\n\t\t<li class=\"wsp-post\"><a href=\"https:\/\/www.sugherificiocorkline.it\/fr\/liege-dans-la-construction\/\">Les applications du li\u00e8ge dans la construction moderne<\/a><\/li>\n<\/ul><\/li>\n<\/ul>\n<\/div>\n<\/div>\n<\/div>\n<p><!--more--><br \/>\n<!-- {\"type\":\"layout\",\"children\":[{\"type\":\"section\",\"props\":{\"image_position\":\"center-center\",\"style\":\"default\",\"title_breakpoint\":\"xl\",\"title_position\":\"top-left\",\"title_rotation\":\"left\",\"vertical_align\":\"middle\",\"width\":\"large\"},\"children\":[{\"type\":\"row\",\"children\":[{\"type\":\"column\",\"props\":{\"image_position\":\"center-center\",\"position_sticky_breakpoint\":\"m\"},\"children\":[{\"type\":\"breadcrumbs\",\"props\":{\"show_current\":true,\"show_home\":true}},{\"type\":\"headline\",\"props\":{\"animation\":\"slide-left-medium\",\"content\":\"Plan du site<span style=\\\"color: #b6b29a;\\\">.<\\\/span>\",\"margin_remove_top\":false,\"parallax_blur\":\"50\",\"parallax_opacity\":\"1,0,0\",\"parallax_scale\":\"0.5\",\"parallax_start\":\"50vh + 50%\",\"position_z_index\":\"0\",\"text_align\":\"left\",\"title_element\":\"h1\",\"title_style\":\"heading-large\"},\"name\":\"Headline\"}]}]},{\"type\":\"row\",\"children\":[{\"type\":\"column\",\"props\":{\"image_position\":\"center-center\",\"media_overlay\":\"rgba(255, 255, 255, 0.6)\",\"position_sticky_breakpoint\":\"m\",\"preserve_color\":true,\"style\":\"tile-muted\",\"vertical_align\":\"middle\"},\"children\":[{\"type\":\"panel\",\"props\":{\"content\":\"\n\n<p>[wp_sitemap_page display_category_title_wording=\\\"false\\\"]<\\\/p>\",\"content_column_breakpoint\":\"m\",\"content_style\":\"text-large\",\"icon\":\"\",\"icon_width\":80,\"image\":\"\",\"image_align\":\"right\",\"image_grid_breakpoint\":\"m\",\"image_grid_column_gap\":\"large\",\"image_grid_width\":\"1-2\",\"image_margin\":\"medium\",\"image_svg_animate\":false,\"image_svg_color\":\"primary\",\"image_svg_inline\":true,\"image_vertical_align\":true,\"link_margin\":\"medium\",\"link_size\":\"large\",\"link_style\":\"secondary\",\"link_text\":\"\",\"margin\":\"default\",\"meta\":\"\",\"meta_align\":\"below-title\",\"meta_color\":\"secondary\",\"meta_element\":\"div\",\"meta_style\":\"h2\",\"panel_link\":false,\"position\":\"relative\",\"position_z_index\":\"1\",\"title\":\"\",\"title_align\":\"top\",\"title_element\":\"h2\",\"title_grid_breakpoint\":\"m\",\"title_grid_width\":\"1-2\",\"title_hover_style\":\"reset\",\"title_style\":\"heading-large\"}}]}]}],\"name\":\"Pagina\"}],\"version\":\"4.2.11\"} --><\/p>\n","protected":false},"excerpt":{"rendered":"<p>Plan du site.<\/p>\n","protected":false},"author":2,"featured_media":0,"parent":0,"menu_order":0,"comment_status":"closed","ping_status":"closed","template":"","meta":{"footnotes":""},"class_list":["post-1149","page","type-page","status-publish","hentry"],"yoast_head":"<!-- This site is optimized with the Yoast SEO plugin v21.8 - https:\/\/yoast.com\/wordpress\/plugins\/seo\/ -->\n<title>Plan du site - Cork Line - Sp\u00e9cialistes dans la production de granul\u00e9s de li\u00e8ge<\/title>\n<meta name=\"robots\" content=\"index, follow, max-snippet:-1, max-image-preview:large, max-video-preview:-1\" \/>\n<link rel=\"canonical\" href=\"https:\/\/www.sugherificiocorkline.it\/fr\/plan-du-site\/\" \/>\n<meta property=\"og:locale\" content=\"fr_FR\" \/>\n<meta property=\"og:type\" content=\"article\" \/>\n<meta property=\"og:title\" content=\"Plan du site - Cork Line - Sp\u00e9cialistes dans la production de granul\u00e9s de li\u00e8ge\" \/>\n<meta property=\"og:description\" content=\"Plan du site.\" \/>\n<meta property=\"og:url\" content=\"https:\/\/www.sugherificiocorkline.it\/fr\/plan-du-site\/\" \/>\n<meta property=\"og:site_name\" content=\"Cork Line - Sp\u00e9cialistes dans la production de granul\u00e9s de li\u00e8ge\" \/>\n<meta property=\"article:publisher\" content=\"https:\/\/m.facebook.com\/p\/Cork-Line-100071951215164\/?locale=it_IT\" \/>\n<meta property=\"article:modified_time\" content=\"2024-01-12T08:26:05+00:00\" \/>\n<meta name=\"twitter:card\" content=\"summary_large_image\" \/>\n<script type=\"application\/ld+json\" class=\"yoast-schema-graph\">{\"@context\":\"https:\/\/schema.org\",\"@graph\":[{\"@type\":\"WebPage\",\"@id\":\"https:\/\/www.sugherificiocorkline.it\/fr\/plan-du-site\/\",\"url\":\"https:\/\/www.sugherificiocorkline.it\/fr\/plan-du-site\/\",\"name\":\"Plan du site - Cork Line - Sp\u00e9cialistes dans la production de granul\u00e9s de li\u00e8ge\",\"isPartOf\":{\"@id\":\"https:\/\/www.sugherificiocorkline.it\/fr\/#website\"},\"datePublished\":\"2023-12-19T13:06:37+00:00\",\"dateModified\":\"2024-01-12T08:26:05+00:00\",\"breadcrumb\":{\"@id\":\"https:\/\/www.sugherificiocorkline.it\/fr\/plan-du-site\/#breadcrumb\"},\"inLanguage\":\"fr-FR\",\"potentialAction\":[{\"@type\":\"ReadAction\",\"target\":[\"https:\/\/www.sugherificiocorkline.it\/fr\/plan-du-site\/\"]}]},{\"@type\":\"BreadcrumbList\",\"@id\":\"https:\/\/www.sugherificiocorkline.it\/fr\/plan-du-site\/#breadcrumb\",\"itemListElement\":[{\"@type\":\"ListItem\",\"position\":1,\"name\":\"Home\",\"item\":\"https:\/\/www.sugherificiocorkline.it\/fr\/\"},{\"@type\":\"ListItem\",\"position\":2,\"name\":\"Plan du site\"}]},{\"@type\":\"WebSite\",\"@id\":\"https:\/\/www.sugherificiocorkline.it\/fr\/#website\",\"url\":\"https:\/\/www.sugherificiocorkline.it\/fr\/\",\"name\":\"Cork Line - Specialisti nella produzione di granulati di sughero\",\"description\":\"\",\"publisher\":{\"@id\":\"https:\/\/www.sugherificiocorkline.it\/fr\/#organization\"},\"potentialAction\":[{\"@type\":\"SearchAction\",\"target\":{\"@type\":\"EntryPoint\",\"urlTemplate\":\"https:\/\/www.sugherificiocorkline.it\/fr\/?s={search_term_string}\"},\"query-input\":\"required name=search_term_string\"}],\"inLanguage\":\"fr-FR\"},{\"@type\":\"Organization\",\"@id\":\"https:\/\/www.sugherificiocorkline.it\/fr\/#organization\",\"name\":\"Cork Line - Sp\u00e9cialistes dans la production de granul\u00e9s de li\u00e8ge\",\"url\":\"https:\/\/www.sugherificiocorkline.it\/fr\/\",\"logo\":{\"@type\":\"ImageObject\",\"inLanguage\":\"fr-FR\",\"@id\":\"https:\/\/www.sugherificiocorkline.it\/fr\/#\/schema\/logo\/image\/\",\"url\":\"https:\/\/www.sugherificiocorkline.it\/wp-content\/uploads\/2021\/05\/logo-corkline.png\",\"contentUrl\":\"https:\/\/www.sugherificiocorkline.it\/wp-content\/uploads\/2021\/05\/logo-corkline.png\",\"width\":245,\"height\":75,\"caption\":\"Cork Line - Sp\u00e9cialistes dans la production de granul\u00e9s de li\u00e8ge\"},\"image\":{\"@id\":\"https:\/\/www.sugherificiocorkline.it\/fr\/#\/schema\/logo\/image\/\"},\"sameAs\":[\"https:\/\/m.facebook.com\/p\/Cork-Line-100071951215164\/?locale=it_IT\"]}]}<\/script>\n<!-- \/ Yoast SEO plugin. -->","yoast_head_json":{"title":"Plan du site - Cork Line - Sp\u00e9cialistes dans la production de granul\u00e9s de li\u00e8ge","robots":{"index":"index","follow":"follow","max-snippet":"max-snippet:-1","max-image-preview":"max-image-preview:large","max-video-preview":"max-video-preview:-1"},"canonical":"https:\/\/www.sugherificiocorkline.it\/fr\/plan-du-site\/","og_locale":"fr_FR","og_type":"article","og_title":"Plan du site - Cork Line - Sp\u00e9cialistes dans la production de granul\u00e9s de li\u00e8ge","og_description":"Plan du site.","og_url":"https:\/\/www.sugherificiocorkline.it\/fr\/plan-du-site\/","og_site_name":"Cork Line - Sp\u00e9cialistes dans la production de granul\u00e9s de li\u00e8ge","article_publisher":"https:\/\/m.facebook.com\/p\/Cork-Line-100071951215164\/?locale=it_IT","article_modified_time":"2024-01-12T08:26:05+00:00","twitter_card":"summary_large_image","schema":{"@context":"https:\/\/schema.org","@graph":[{"@type":"WebPage","@id":"https:\/\/www.sugherificiocorkline.it\/fr\/plan-du-site\/","url":"https:\/\/www.sugherificiocorkline.it\/fr\/plan-du-site\/","name":"Plan du site - Cork Line - Sp\u00e9cialistes dans la production de granul\u00e9s de li\u00e8ge","isPartOf":{"@id":"https:\/\/www.sugherificiocorkline.it\/fr\/#website"},"datePublished":"2023-12-19T13:06:37+00:00","dateModified":"2024-01-12T08:26:05+00:00","breadcrumb":{"@id":"https:\/\/www.sugherificiocorkline.it\/fr\/plan-du-site\/#breadcrumb"},"inLanguage":"fr-FR","potentialAction":[{"@type":"ReadAction","target":["https:\/\/www.sugherificiocorkline.it\/fr\/plan-du-site\/"]}]},{"@type":"BreadcrumbList","@id":"https:\/\/www.sugherificiocorkline.it\/fr\/plan-du-site\/#breadcrumb","itemListElement":[{"@type":"ListItem","position":1,"name":"Home","item":"https:\/\/www.sugherificiocorkline.it\/fr\/"},{"@type":"ListItem","position":2,"name":"Plan du site"}]},{"@type":"WebSite","@id":"https:\/\/www.sugherificiocorkline.it\/fr\/#website","url":"https:\/\/www.sugherificiocorkline.it\/fr\/","name":"Cork Line - Specialisti nella produzione di granulati di sughero","description":"","publisher":{"@id":"https:\/\/www.sugherificiocorkline.it\/fr\/#organization"},"potentialAction":[{"@type":"SearchAction","target":{"@type":"EntryPoint","urlTemplate":"https:\/\/www.sugherificiocorkline.it\/fr\/?s={search_term_string}"},"query-input":"required name=search_term_string"}],"inLanguage":"fr-FR"},{"@type":"Organization","@id":"https:\/\/www.sugherificiocorkline.it\/fr\/#organization","name":"Cork Line - Sp\u00e9cialistes dans la production de granul\u00e9s de li\u00e8ge","url":"https:\/\/www.sugherificiocorkline.it\/fr\/","logo":{"@type":"ImageObject","inLanguage":"fr-FR","@id":"https:\/\/www.sugherificiocorkline.it\/fr\/#\/schema\/logo\/image\/","url":"https:\/\/www.sugherificiocorkline.it\/wp-content\/uploads\/2021\/05\/logo-corkline.png","contentUrl":"https:\/\/www.sugherificiocorkline.it\/wp-content\/uploads\/2021\/05\/logo-corkline.png","width":245,"height":75,"caption":"Cork Line - Sp\u00e9cialistes dans la production de granul\u00e9s de li\u00e8ge"},"image":{"@id":"https:\/\/www.sugherificiocorkline.it\/fr\/#\/schema\/logo\/image\/"},"sameAs":["https:\/\/m.facebook.com\/p\/Cork-Line-100071951215164\/?locale=it_IT"]}]}},"_links":{"self":[{"href":"https:\/\/www.sugherificiocorkline.it\/fr\/wp-json\/wp\/v2\/pages\/1149","targetHints":{"allow":["GET"]}}],"collection":[{"href":"https:\/\/www.sugherificiocorkline.it\/fr\/wp-json\/wp\/v2\/pages"}],"about":[{"href":"https:\/\/www.sugherificiocorkline.it\/fr\/wp-json\/wp\/v2\/types\/page"}],"author":[{"embeddable":true,"href":"https:\/\/www.sugherificiocorkline.it\/fr\/wp-json\/wp\/v2\/users\/2"}],"replies":[{"embeddable":true,"href":"https:\/\/www.sugherificiocorkline.it\/fr\/wp-json\/wp\/v2\/comments?post=1149"}],"version-history":[{"count":3,"href":"https:\/\/www.sugherificiocorkline.it\/fr\/wp-json\/wp\/v2\/pages\/1149\/revisions"}],"predecessor-version":[{"id":1409,"href":"https:\/\/www.sugherificiocorkline.it\/fr\/wp-json\/wp\/v2\/pages\/1149\/revisions\/1409"}],"wp:attachment":[{"href":"https:\/\/www.sugherificiocorkline.it\/fr\/wp-json\/wp\/v2\/media?parent=1149"}],"curies":[{"name":"wp","href":"https:\/\/api.w.org\/{rel}","templated":true}]}}