{"id":1147,"date":"2021-05-06T13:29:16","date_gmt":"2021-05-06T13:29:16","guid":{"rendered":"https:\/\/www.sugherificiocorkline.it\/contatti\/"},"modified":"2025-05-05T13:16:09","modified_gmt":"2025-05-05T13:16:09","slug":"contacts","status":"publish","type":"page","link":"https:\/\/www.sugherificiocorkline.it\/fr\/contacts\/","title":{"rendered":"Contacts"},"content":{"rendered":"<h1>Contacts<span style=\"color: #b6b29a;\">.<\/span><\/h1>\n<div>\n<h2>Remplissez <span style=\"color:#740201;\">le formulaire<\/span><\/h2>\n<div>\n\n<div class=\"wpcf7 no-js\" id=\"wpcf7-f1298-o1\" lang=\"it-IT\" dir=\"ltr\">\n<div class=\"screen-reader-response\"><p role=\"status\" aria-live=\"polite\" aria-atomic=\"true\"><\/p> <ul><\/ul><\/div>\n<form action=\"\/fr\/wp-json\/wp\/v2\/pages\/1147#wpcf7-f1298-o1\" method=\"post\" class=\"wpcf7-form init\" aria-label=\"Modulo di contatto\" novalidate=\"novalidate\" data-status=\"init\">\n<div style=\"display: none;\">\n<input type=\"hidden\" name=\"_wpcf7\" value=\"1298\" \/>\n<input type=\"hidden\" name=\"_wpcf7_version\" value=\"5.8.6\" \/>\n<input type=\"hidden\" name=\"_wpcf7_locale\" value=\"it_IT\" \/>\n<input type=\"hidden\" name=\"_wpcf7_unit_tag\" value=\"wpcf7-f1298-o1\" \/>\n<input type=\"hidden\" name=\"_wpcf7_container_post\" value=\"0\" \/>\n<input type=\"hidden\" name=\"_wpcf7_posted_data_hash\" value=\"\" \/>\n<\/div>\n<p>Nom et pr\u00e9nom *<br \/>\n<span class=\"wpcf7-form-control-wrap\" data-name=\"your-name\"><input size=\"40\" class=\"wpcf7-form-control wpcf7-text wpcf7-validates-as-required\" aria-required=\"true\" aria-invalid=\"false\" value=\"\" type=\"text\" name=\"your-name\" \/><\/span>\n<\/p>\n<p>Email *<br \/>\n<span class=\"wpcf7-form-control-wrap\" data-name=\"your-email\"><input size=\"40\" class=\"wpcf7-form-control wpcf7-email wpcf7-validates-as-required wpcf7-text wpcf7-validates-as-email\" aria-required=\"true\" aria-invalid=\"false\" value=\"\" type=\"email\" name=\"your-email\" \/><\/span>\n<\/p>\n<p>T\u00e9l\u00e9phone *<br \/>\n<span class=\"wpcf7-form-control-wrap\" data-name=\"tel-52\"><input size=\"40\" class=\"wpcf7-form-control wpcf7-tel wpcf7-validates-as-required wpcf7-text wpcf7-validates-as-tel\" aria-required=\"true\" aria-invalid=\"false\" value=\"\" type=\"tel\" name=\"tel-52\" \/><\/span>\n<\/p>\n<p>S\u00e9lectionnez votre demande d\u2019information et de devis *<br \/>\n<span class=\"wpcf7-form-control-wrap\" data-name=\"checkbox-392\"><span class=\"wpcf7-form-control wpcf7-checkbox wpcf7-validates-as-required\"><span class=\"wpcf7-list-item first\"><label><input type=\"checkbox\" name=\"checkbox-392[]\" value=\"Granul\u00e9s\" \/><span class=\"wpcf7-list-item-label\">Granul\u00e9s<\/span><\/label><\/span><span class=\"wpcf7-list-item\"><label><input type=\"checkbox\" name=\"checkbox-392[]\" value=\"Panneaux\" \/><span class=\"wpcf7-list-item-label\">Panneaux<\/span><\/label><\/span><span class=\"wpcf7-list-item\"><label><input type=\"checkbox\" name=\"checkbox-392[]\" value=\"Cr\u00e8ches\" \/><span class=\"wpcf7-list-item-label\">Cr\u00e8ches<\/span><\/label><\/span><span class=\"wpcf7-list-item\"><label><input type=\"checkbox\" name=\"checkbox-392[]\" value=\"Chaussures\" \/><span class=\"wpcf7-list-item-label\">Chaussures<\/span><\/label><\/span><span class=\"wpcf7-list-item last\"><label><input type=\"checkbox\" name=\"checkbox-392[]\" value=\"Accessoires\" \/><span class=\"wpcf7-list-item-label\">Accessoires<\/span><\/label><\/span><\/span><\/span>\n<\/p>\n<p>Votre message *<br \/>\n<span class=\"wpcf7-form-control-wrap\" data-name=\"your-message\"><textarea cols=\"40\" rows=\"10\" class=\"wpcf7-form-control wpcf7-textarea wpcf7-validates-as-required\" aria-required=\"true\" aria-invalid=\"false\" name=\"your-message\"><\/textarea><\/span>\n<\/p>\n<p><span class=\"wpcf7-form-control-wrap\" data-name=\"acceptance-693\"><span class=\"wpcf7-form-control wpcf7-acceptance\"><span class=\"wpcf7-list-item\"><label><input type=\"checkbox\" name=\"acceptance-693\" value=\"1\" aria-invalid=\"false\" \/><span class=\"wpcf7-list-item-label\">En soumettant ce formulaire, j'accepte la politique de confidentialit\u00e9 et je m'engage \u00e0 lire toutes les conditions \u00e9nonc\u00e9es sur la page web <a href=\"https:\/\/www.sugherificiocorkline.it\/fr\/politique-de-confidentialite\/\">politique de confidentialit\u00e9<\/a> de ce site *<\/span><\/label><\/span><\/span><\/span>\n<\/p>\n<p><input class=\"wpcf7-form-control wpcf7-submit has-spinner\" type=\"submit\" value=\"ENVOYER\" \/>\n<\/p><div class=\"wpcf7-response-output\" aria-hidden=\"true\"><\/div>\n<\/form>\n<\/div>\n\n<\/div>\n<\/div>\n<ul>\n<li>\n<h3>T\u00e9l\u00e9phone<\/h3>\n<div>\n<p><a href=\"tel:+390742818038\">+39 0742 818038<\/a><\/p>\n<\/div>\n<\/li>\n<li>\n<h3>Mobile<\/h3>\n<div>\n<p><a href=\"tel:+393336722615\">+39 333 6722615<\/a><\/p>\n<\/div>\n<\/li>\n<li>\n<h3> Email<\/h3>\n<div>\n<p><a href=\"mailto:corkline@libero.it\"><span>corkline@libero.it<\/span><\/a><\/p>\n<\/div>\n<\/li>\n<li>\n<h3>Horaires<\/h3>\n<div>Lundi &#8211; Vendredi<br \/>\n08h00 &#8211; 12h00 \/ 14h00 &#8211; 18h00<br \/>\nSamedi &#8211; Dimanche: ferm\u00e9<\/div>\n<\/li>\n<li>\n<h3>Adresse<\/h3>\n<div>Zona PiP &#8211; Nocera Scalo, 06025 Nocera Umbra (Perugia) Italie<\/div>\n<\/li>\n<\/ul>\n<div>\n<p>43.1050242,12.7632346<\/p>\n<div>\n<p><a href=\"https:\/\/www.google.com\/maps\/dir\/\/Cork+Line,+Zona+PiP+-+Nocera+Scalo,+06025+Nocera+Umbra+PG\/@43.1050242,12.7632346,17z\/data=!4m9!4m8!1m0!1m5!1m1!1s0x132c2af7af11227f:0xf19c0e45112bce1f!2m2!1d12.7632387!2d43.1048359!3e0?entry=ttu\" target=\"_blank\" rel=\"noopener\">Calculer l&rsquo;itin\u00e9raire<\/a><\/p>\n<\/div>\n<\/div>\n<p><!--more--><br \/>\n<!-- {\"type\":\"layout\",\"children\":[{\"type\":\"section\",\"props\":{\"image_position\":\"center-center\",\"style\":\"default\",\"title_breakpoint\":\"xl\",\"title_position\":\"top-left\",\"title_rotation\":\"left\",\"vertical_align\":\"\",\"width\":\"large\"},\"children\":[{\"type\":\"row\",\"children\":[{\"type\":\"column\",\"props\":{\"image_position\":\"center-center\",\"position_sticky_breakpoint\":\"m\"},\"children\":[{\"type\":\"breadcrumbs\",\"props\":{\"show_current\":true,\"show_home\":true}},{\"type\":\"headline\",\"props\":{\"animation\":\"slide-left-medium\",\"content\":\"Contacts<span style=\\\"color: #b6b29a;\\\">.<\\\/span>\",\"margin_remove_top\":false,\"parallax_blur\":\"50\",\"parallax_opacity\":\"1,0,0\",\"parallax_scale\":\"0.5\",\"parallax_start\":\"50vh + 50%\",\"position_z_index\":\"0\",\"text_align\":\"left\",\"title_element\":\"h1\",\"title_style\":\"heading-xlarge\"},\"name\":\"Headline\"}]}]},{\"type\":\"row\",\"children\":[{\"type\":\"column\",\"props\":{\"image_position\":\"center-center\",\"media_overlay\":\"rgba(255, 255, 255, 0.6)\",\"position_sticky_breakpoint\":\"m\",\"preserve_color\":true,\"style\":\"tile-muted\",\"vertical_align\":\"middle\",\"width_medium\":\"1-2\"},\"children\":[{\"type\":\"panel\",\"props\":{\"content\":\"\n\n<p>[contact-form-7 id=\\\"93aa321\\\" title=\\\"Contacts FR\\\"]<\\\/p>\",\"content_column_breakpoint\":\"m\",\"content_style\":\"text-large\",\"icon\":\"\",\"icon_width\":80,\"image\":\"\",\"image_align\":\"right\",\"image_grid_breakpoint\":\"m\",\"image_grid_column_gap\":\"large\",\"image_grid_width\":\"1-2\",\"image_margin\":\"medium\",\"image_svg_animate\":false,\"image_svg_color\":\"primary\",\"image_svg_inline\":true,\"image_vertical_align\":true,\"link_margin\":\"medium\",\"link_size\":\"large\",\"link_style\":\"default\",\"link_text\":\"Conosciamoci meglio\",\"margin\":\"default\",\"meta\":\"\",\"meta_align\":\"below-title\",\"meta_color\":\"secondary\",\"meta_element\":\"div\",\"meta_style\":\"h2\",\"panel_link\":false,\"position\":\"relative\",\"position_z_index\":\"1\",\"title\":\"Remplissez <span style=\\\"color:#740201;\\\">le formulaire<\\\/span>\",\"title_align\":\"top\",\"title_element\":\"h2\",\"title_grid_breakpoint\":\"m\",\"title_grid_width\":\"1-2\",\"title_hover_style\":\"reset\",\"title_style\":\"heading-large\"}}]},{\"type\":\"column\",\"props\":{\"image_position\":\"center-center\",\"position_sticky_breakpoint\":\"m\",\"vertical_align\":\"middle\",\"width_medium\":\"1-2\"},\"children\":[{\"type\":\"grid\",\"props\":{\"content_column_breakpoint\":\"m\",\"content_margin\":\"small\",\"content_style\":\"text-large\",\"filter_align\":\"left\",\"filter_all\":true,\"filter_grid_breakpoint\":\"m\",\"filter_grid_width\":\"auto\",\"filter_position\":\"top\",\"filter_style\":\"tab\",\"grid_column_align\":true,\"grid_default\":\"1\",\"grid_divider\":true,\"grid_medium\":\"\",\"grid_row_align\":true,\"icon_color\":\"primary\",\"icon_width\":\"50\",\"image_align\":\"left\",\"image_grid_breakpoint\":\"m\",\"image_grid_column_gap\":\"small\",\"image_grid_width\":\"auto\",\"image_svg_color\":\"emphasis\",\"item_animation\":true,\"link_style\":\"default\",\"link_text\":\"Read more\",\"margin\":\"default\",\"meta_align\":\"below-title\",\"meta_element\":\"div\",\"meta_style\":\"text-meta\",\"show_content\":true,\"show_image\":true,\"show_link\":true,\"show_meta\":true,\"show_title\":true,\"title_align\":\"top\",\"title_element\":\"h3\",\"title_grid_breakpoint\":\"m\",\"title_grid_width\":\"1-2\",\"title_hover_style\":\"reset\",\"title_style\":\"h2\"},\"children\":[{\"type\":\"grid_item\",\"props\":{\"content\":\"\n\n<p><a href=\\\"tel:+390742818038\\\">+39 0742 818038<\\\/a><\\\/p>\",\"icon\":\"receiver\",\"title\":\"T\\u00e9l\\u00e9phone\"}},{\"type\":\"grid_item\",\"props\":{\"content\":\"\n\n<p><a href=\\\"tel:+393336722615\\\">+39 333 6722615<\\\/a><\\\/p>\",\"icon\":\"phone\",\"title\":\"Mobile\"}},{\"type\":\"grid_item\",\"props\":{\"content\":\"\n\n<p><a href=\\\"mailto:corkline@libero.it\\\"><span>corkline@libero.it<\\\/span><\\\/a><\\\/p>\",\"icon\":\"mail\",\"title\":\" Email\"}},{\"type\":\"grid_item\",\"props\":{\"content\":\"Lundi - Vendredi<br\\\/>\\n08h00 - 12h00 \\\/ 14h00 - 18h00<br\\\/>\\nSamedi - Dimanche: ferm\\u00e9\",\"icon\":\"clock\",\"title\":\"Horaires\"}},{\"type\":\"grid_item\",\"props\":{\"content\":\"Zona PiP - Nocera Scalo, 06025 Nocera Umbra (Perugia) Italie\",\"icon\":\"location\",\"title\":\"Adresse\"}}]},{\"type\":\"map\",\"props\":{\"controls\":true,\"dragging\":false,\"image_svg_color\":\"emphasis\",\"link_style\":\"default\",\"link_text\":\"Read more\",\"margin\":\"default\",\"max_zoom\":18,\"meta_align\":\"below-title\",\"meta_element\":\"div\",\"meta_style\":\"text-meta\",\"min_zoom\":0,\"poi\":false,\"show_content\":true,\"show_image\":true,\"show_link\":true,\"show_meta\":true,\"show_title\":true,\"title_element\":\"h3\",\"title_hover_style\":\"reset\",\"type\":\"roadmap\",\"zoom\":10,\"zooming\":true},\"children\":[{\"type\":\"map_item\",\"props\":{\"content\":\"\n\n<p><a href=\\\"https:\\\/\\\/www.google.com\\\/maps\\\/dir\\\/\\\/Cork+Line,+Zona+PiP+-+Nocera+Scalo,+06025+Nocera+Umbra+PG\\\/@43.1050242,12.7632346,17z\\\/data=!4m9!4m8!1m0!1m5!1m1!1s0x132c2af7af11227f:0xf19c0e45112bce1f!2m2!1d12.7632387!2d43.1048359!3e0?entry=ttu\\\" target=\\\"_blank\\\" rel=\\\"noopener\\\">Calculer l'itin\\u00e9raire<\\\/a><\\\/p>\",\"location\":\"43.1050242,12.7632346\"}}]}]}],\"props\":{\"layout\":\"1-2,1-2\"}}],\"name\":\"Pagina\"}],\"version\":\"4.4.9\"} --><\/p>\n","protected":false},"excerpt":{"rendered":"<p>Contacts. Remplissez le formulaire T\u00e9l\u00e9phone +39 0742 818038 Mobile +39 333 6722615 Email corkline@libero.it Horaires Lundi &#8211; Vendredi 08h00 &#8211; 12h00 \/ 14h00 &#8211; 18h00 Samedi &#8211; Dimanche: ferm\u00e9 Adresse Zona PiP &#8211; Nocera Scalo, 06025 Nocera Umbra (Perugia) Italie 43.1050242,12.7632346 Calculer l&rsquo;itin\u00e9raire<\/p>\n","protected":false},"author":2,"featured_media":889,"parent":0,"menu_order":0,"comment_status":"closed","ping_status":"closed","template":"","meta":{"footnotes":""},"class_list":["post-1147","page","type-page","status-publish","has-post-thumbnail","hentry"],"yoast_head":"<!-- This site is optimized with the Yoast SEO plugin v21.8 - https:\/\/yoast.com\/wordpress\/plugins\/seo\/ -->\n<title>Contacts - Cork Line - Sp\u00e9cialistes dans la production de granul\u00e9s de li\u00e8ge<\/title>\n<meta name=\"description\" content=\"Nous sommes \u00e0 votre disposition du lundi au vendredi de 8h \u00e0 12h et de 14h \u00e0 18h - T\u00e9l. 0742818038 - E-mail: corkline@libero.it\" \/>\n<meta name=\"robots\" content=\"index, follow, max-snippet:-1, max-image-preview:large, max-video-preview:-1\" \/>\n<link rel=\"canonical\" href=\"https:\/\/www.sugherificiocorkline.it\/fr\/contacts\/\" \/>\n<meta property=\"og:locale\" content=\"fr_FR\" \/>\n<meta property=\"og:type\" content=\"article\" \/>\n<meta property=\"og:title\" content=\"Contacts - Cork Line - Sp\u00e9cialistes dans la production de granul\u00e9s de li\u00e8ge\" \/>\n<meta property=\"og:description\" content=\"Nous sommes \u00e0 votre disposition du lundi au vendredi de 8h \u00e0 12h et de 14h \u00e0 18h - T\u00e9l. 0742818038 - E-mail: corkline@libero.it\" \/>\n<meta property=\"og:url\" content=\"https:\/\/www.sugherificiocorkline.it\/fr\/contacts\/\" \/>\n<meta property=\"og:site_name\" content=\"Cork Line - Sp\u00e9cialistes dans la production de granul\u00e9s de li\u00e8ge\" \/>\n<meta property=\"article:publisher\" content=\"https:\/\/m.facebook.com\/p\/Cork-Line-100071951215164\/?locale=it_IT\" \/>\n<meta property=\"article:modified_time\" content=\"2025-05-05T13:16:09+00:00\" \/>\n<meta property=\"og:image\" content=\"https:\/\/www.sugherificiocorkline.it\/wp-content\/uploads\/2023\/12\/corkline_granulati_sughero.jpg\" \/>\n\t<meta property=\"og:image:width\" content=\"1160\" \/>\n\t<meta property=\"og:image:height\" content=\"1586\" \/>\n\t<meta property=\"og:image:type\" content=\"image\/jpeg\" \/>\n<meta name=\"twitter:card\" content=\"summary_large_image\" \/>\n<script type=\"application\/ld+json\" class=\"yoast-schema-graph\">{\"@context\":\"https:\/\/schema.org\",\"@graph\":[{\"@type\":\"WebPage\",\"@id\":\"https:\/\/www.sugherificiocorkline.it\/fr\/contacts\/\",\"url\":\"https:\/\/www.sugherificiocorkline.it\/fr\/contacts\/\",\"name\":\"Contacts - Cork Line - Sp\u00e9cialistes dans la production de granul\u00e9s de li\u00e8ge\",\"isPartOf\":{\"@id\":\"https:\/\/www.sugherificiocorkline.it\/fr\/#website\"},\"datePublished\":\"2021-05-06T13:29:16+00:00\",\"dateModified\":\"2025-05-05T13:16:09+00:00\",\"description\":\"Nous sommes \u00e0 votre disposition du lundi au vendredi de 8h \u00e0 12h et de 14h \u00e0 18h - T\u00e9l. 0742818038 - E-mail: corkline@libero.it\",\"breadcrumb\":{\"@id\":\"https:\/\/www.sugherificiocorkline.it\/fr\/contacts\/#breadcrumb\"},\"inLanguage\":\"fr-FR\",\"potentialAction\":[{\"@type\":\"ReadAction\",\"target\":[\"https:\/\/www.sugherificiocorkline.it\/fr\/contacts\/\"]}]},{\"@type\":\"BreadcrumbList\",\"@id\":\"https:\/\/www.sugherificiocorkline.it\/fr\/contacts\/#breadcrumb\",\"itemListElement\":[{\"@type\":\"ListItem\",\"position\":1,\"name\":\"Home\",\"item\":\"https:\/\/www.sugherificiocorkline.it\/fr\/\"},{\"@type\":\"ListItem\",\"position\":2,\"name\":\"Contacts\"}]},{\"@type\":\"WebSite\",\"@id\":\"https:\/\/www.sugherificiocorkline.it\/fr\/#website\",\"url\":\"https:\/\/www.sugherificiocorkline.it\/fr\/\",\"name\":\"Cork Line - Specialisti nella produzione di granulati di sughero\",\"description\":\"\",\"publisher\":{\"@id\":\"https:\/\/www.sugherificiocorkline.it\/fr\/#organization\"},\"potentialAction\":[{\"@type\":\"SearchAction\",\"target\":{\"@type\":\"EntryPoint\",\"urlTemplate\":\"https:\/\/www.sugherificiocorkline.it\/fr\/?s={search_term_string}\"},\"query-input\":\"required name=search_term_string\"}],\"inLanguage\":\"fr-FR\"},{\"@type\":\"Organization\",\"@id\":\"https:\/\/www.sugherificiocorkline.it\/fr\/#organization\",\"name\":\"Cork Line - Sp\u00e9cialistes dans la production de granul\u00e9s de li\u00e8ge\",\"url\":\"https:\/\/www.sugherificiocorkline.it\/fr\/\",\"logo\":{\"@type\":\"ImageObject\",\"inLanguage\":\"fr-FR\",\"@id\":\"https:\/\/www.sugherificiocorkline.it\/fr\/#\/schema\/logo\/image\/\",\"url\":\"https:\/\/www.sugherificiocorkline.it\/wp-content\/uploads\/2021\/05\/logo-corkline.png\",\"contentUrl\":\"https:\/\/www.sugherificiocorkline.it\/wp-content\/uploads\/2021\/05\/logo-corkline.png\",\"width\":245,\"height\":75,\"caption\":\"Cork Line - Sp\u00e9cialistes dans la production de granul\u00e9s de li\u00e8ge\"},\"image\":{\"@id\":\"https:\/\/www.sugherificiocorkline.it\/fr\/#\/schema\/logo\/image\/\"},\"sameAs\":[\"https:\/\/m.facebook.com\/p\/Cork-Line-100071951215164\/?locale=it_IT\"]}]}<\/script>\n<!-- \/ Yoast SEO plugin. -->","yoast_head_json":{"title":"Contacts - Cork Line - Sp\u00e9cialistes dans la production de granul\u00e9s de li\u00e8ge","description":"Nous sommes \u00e0 votre disposition du lundi au vendredi de 8h \u00e0 12h et de 14h \u00e0 18h - T\u00e9l. 0742818038 - E-mail: corkline@libero.it","robots":{"index":"index","follow":"follow","max-snippet":"max-snippet:-1","max-image-preview":"max-image-preview:large","max-video-preview":"max-video-preview:-1"},"canonical":"https:\/\/www.sugherificiocorkline.it\/fr\/contacts\/","og_locale":"fr_FR","og_type":"article","og_title":"Contacts - Cork Line - Sp\u00e9cialistes dans la production de granul\u00e9s de li\u00e8ge","og_description":"Nous sommes \u00e0 votre disposition du lundi au vendredi de 8h \u00e0 12h et de 14h \u00e0 18h - T\u00e9l. 0742818038 - E-mail: corkline@libero.it","og_url":"https:\/\/www.sugherificiocorkline.it\/fr\/contacts\/","og_site_name":"Cork Line - Sp\u00e9cialistes dans la production de granul\u00e9s de li\u00e8ge","article_publisher":"https:\/\/m.facebook.com\/p\/Cork-Line-100071951215164\/?locale=it_IT","article_modified_time":"2025-05-05T13:16:09+00:00","og_image":[{"width":1160,"height":1586,"url":"https:\/\/www.sugherificiocorkline.it\/wp-content\/uploads\/2023\/12\/corkline_granulati_sughero.jpg","type":"image\/jpeg"}],"twitter_card":"summary_large_image","schema":{"@context":"https:\/\/schema.org","@graph":[{"@type":"WebPage","@id":"https:\/\/www.sugherificiocorkline.it\/fr\/contacts\/","url":"https:\/\/www.sugherificiocorkline.it\/fr\/contacts\/","name":"Contacts - Cork Line - Sp\u00e9cialistes dans la production de granul\u00e9s de li\u00e8ge","isPartOf":{"@id":"https:\/\/www.sugherificiocorkline.it\/fr\/#website"},"datePublished":"2021-05-06T13:29:16+00:00","dateModified":"2025-05-05T13:16:09+00:00","description":"Nous sommes \u00e0 votre disposition du lundi au vendredi de 8h \u00e0 12h et de 14h \u00e0 18h - T\u00e9l. 0742818038 - E-mail: corkline@libero.it","breadcrumb":{"@id":"https:\/\/www.sugherificiocorkline.it\/fr\/contacts\/#breadcrumb"},"inLanguage":"fr-FR","potentialAction":[{"@type":"ReadAction","target":["https:\/\/www.sugherificiocorkline.it\/fr\/contacts\/"]}]},{"@type":"BreadcrumbList","@id":"https:\/\/www.sugherificiocorkline.it\/fr\/contacts\/#breadcrumb","itemListElement":[{"@type":"ListItem","position":1,"name":"Home","item":"https:\/\/www.sugherificiocorkline.it\/fr\/"},{"@type":"ListItem","position":2,"name":"Contacts"}]},{"@type":"WebSite","@id":"https:\/\/www.sugherificiocorkline.it\/fr\/#website","url":"https:\/\/www.sugherificiocorkline.it\/fr\/","name":"Cork Line - Specialisti nella produzione di granulati di sughero","description":"","publisher":{"@id":"https:\/\/www.sugherificiocorkline.it\/fr\/#organization"},"potentialAction":[{"@type":"SearchAction","target":{"@type":"EntryPoint","urlTemplate":"https:\/\/www.sugherificiocorkline.it\/fr\/?s={search_term_string}"},"query-input":"required name=search_term_string"}],"inLanguage":"fr-FR"},{"@type":"Organization","@id":"https:\/\/www.sugherificiocorkline.it\/fr\/#organization","name":"Cork Line - Sp\u00e9cialistes dans la production de granul\u00e9s de li\u00e8ge","url":"https:\/\/www.sugherificiocorkline.it\/fr\/","logo":{"@type":"ImageObject","inLanguage":"fr-FR","@id":"https:\/\/www.sugherificiocorkline.it\/fr\/#\/schema\/logo\/image\/","url":"https:\/\/www.sugherificiocorkline.it\/wp-content\/uploads\/2021\/05\/logo-corkline.png","contentUrl":"https:\/\/www.sugherificiocorkline.it\/wp-content\/uploads\/2021\/05\/logo-corkline.png","width":245,"height":75,"caption":"Cork Line - Sp\u00e9cialistes dans la production de granul\u00e9s de li\u00e8ge"},"image":{"@id":"https:\/\/www.sugherificiocorkline.it\/fr\/#\/schema\/logo\/image\/"},"sameAs":["https:\/\/m.facebook.com\/p\/Cork-Line-100071951215164\/?locale=it_IT"]}]}},"_links":{"self":[{"href":"https:\/\/www.sugherificiocorkline.it\/fr\/wp-json\/wp\/v2\/pages\/1147","targetHints":{"allow":["GET"]}}],"collection":[{"href":"https:\/\/www.sugherificiocorkline.it\/fr\/wp-json\/wp\/v2\/pages"}],"about":[{"href":"https:\/\/www.sugherificiocorkline.it\/fr\/wp-json\/wp\/v2\/types\/page"}],"author":[{"embeddable":true,"href":"https:\/\/www.sugherificiocorkline.it\/fr\/wp-json\/wp\/v2\/users\/2"}],"replies":[{"embeddable":true,"href":"https:\/\/www.sugherificiocorkline.it\/fr\/wp-json\/wp\/v2\/comments?post=1147"}],"version-history":[{"count":8,"href":"https:\/\/www.sugherificiocorkline.it\/fr\/wp-json\/wp\/v2\/pages\/1147\/revisions"}],"predecessor-version":[{"id":2174,"href":"https:\/\/www.sugherificiocorkline.it\/fr\/wp-json\/wp\/v2\/pages\/1147\/revisions\/2174"}],"wp:featuredmedia":[{"embeddable":true,"href":"https:\/\/www.sugherificiocorkline.it\/fr\/wp-json\/wp\/v2\/media\/889"}],"wp:attachment":[{"href":"https:\/\/www.sugherificiocorkline.it\/fr\/wp-json\/wp\/v2\/media?parent=1147"}],"curies":[{"name":"wp","href":"https:\/\/api.w.org\/{rel}","templated":true}]}}