{"id":1143,"date":"2021-05-06T12:33:14","date_gmt":"2021-05-06T12:33:14","guid":{"rendered":"https:\/\/www.sugherificiocorkline.it\/oggettistica-in-sughero\/"},"modified":"2024-01-11T16:55:17","modified_gmt":"2024-01-11T16:55:17","slug":"accessoires-en-liege","status":"publish","type":"page","link":"https:\/\/www.sugherificiocorkline.it\/fr\/accessoires-en-liege\/","title":{"rendered":"Accessoires en li\u00e8ge"},"content":{"rendered":"<h1>Accessoires en li\u00e8ge<span style=\"color: #b6b29a;\">.<\/span><\/h1>\n<div>\n<h2>Articles <span style=\"color:#740201;\">m\u00e9nagers<\/span><\/h2>\n<p>Exaltez vos d\u00e9corations<\/p>\n<div>\n<p>Depuis quelques ann\u00e9es, <strong>nous avons \u00e9largi notre gamme de produits en introduisant une s\u00e9rie d&rsquo;articles m\u00e9nagers en li\u00e8ge<\/strong>. Le li\u00e8ge est un mat\u00e9riau extraordinaire, caract\u00e9ris\u00e9 par sa l\u00e9g\u00e8ret\u00e9, son \u00e9lasticit\u00e9, son imperm\u00e9abilit\u00e9 et sa r\u00e9sistance \u00e0 l&rsquo;usure.<\/p>\n<p>Entre autres aspects, <strong>un objet en li\u00e8ge peut retrouver sa beaut\u00e9 originelle avec de petits gestes ou entre les mains d&rsquo;artisans qualifi\u00e9s<\/strong>, ainsi qu&rsquo;\u00eatre facilement recycl\u00e9, retournant au cycle de production de granul\u00e9s de li\u00e8ge. Gr\u00e2ce \u00e0 ces qualit\u00e9s, <strong>il est facile \u00e0 travailler et agr\u00e9able au toucher et \u00e0 la vue<\/strong>.<\/p>\n<p><strong>Le li\u00e8ge est utilis\u00e9 pour cr\u00e9er des accessoires d&rsquo;ameublement simples<\/strong>, notamment des dessous de plat, des sous-verres, des plateaux, des sets de table, des capuchons pour ustensiles de cuisine et bien plus encore.<\/p>\n<p>Gr\u00e2ce \u00e0 ses caract\u00e9ristiques uniques, comme la capacit\u00e9 de respirer, <strong>il est \u00e9galement possible de l&rsquo;utiliser comme rembourrage pour les coussins<\/strong>, les rendant confortables, l\u00e9gers et facilement adaptables aux besoins individuels. <strong>Nous fabriquons \u00e9galement des petites bo\u00eetes de rangement en li\u00e8ge<\/strong>, qui allient la praticit\u00e9 \u00e0 l\u2019esth\u00e9tique naturelle de ce mat\u00e9riau.<\/p>\n<\/div>\n<p><a href=\"https:\/\/www.sugherificiocorkline.it\/fr\/granules-de-liege\/\"><span uk-icon=\"icon: chevron-double-right\"><\/span> D\u00e9couvrez nos granul\u00e9s de li\u00e8ge<\/a><\/p>\n<\/div>\n<div>\n<h2>Si\u00e8ges <span style=\"color:#740201;\"><br \/>en li\u00e8ge<\/span><\/h2>\n<div>\n<p><strong>La polyvalence du li\u00e8ge en fait un mat\u00e9riau id\u00e9al pour l&rsquo;ameublement<\/strong>, permettant la cr\u00e9ation de si\u00e8ges en li\u00e8ge au design uniques en leur genre.<\/p>\n<p><strong>Ces si\u00e8ges peuvent \u00eatre combin\u00e9s ou non avec des tables basses<\/strong>, ajoutant une touche d&rsquo;originalit\u00e9 et de tendance \u00e0 votre salon et rendant l&rsquo;environnement vraiment unique. <strong>Les meubles en li\u00e8ge, en plus d&rsquo;\u00eatre originaux et tendance<\/strong>, <strong>sont \u00e9galement r\u00e9sistants et durables<\/strong>. C&rsquo;est un produit respectueux de l&rsquo;environnement, en tant qu\u2019\u00e9co-durable, car le li\u00e8ge est extrait du ch\u00eane-li\u00e8ge, qui r\u00e9g\u00e9n\u00e8re son \u00e9corce externe tous les 9\/10 ans sans subir de dommages.<\/p>\n<p><strong>Nous offrons la possibilit\u00e9 de concevoir n\u2019importe quel produit en li\u00e8ge sur demande<\/strong>. Notre force r\u00e9side dans une capacit\u00e9 de production \u00e9lev\u00e9e, combin\u00e9e \u00e0 des d\u00e9lais de livraison rapides. Cela a fait de nous une r\u00e9f\u00e9rence tant au niveau local que national, une reconnaissance que nous accueillons avec un grand honneur.<\/p>\n<\/div>\n<\/div>\n<p>\n    <a href=\"https:\/\/www.sugherificiocorkline.it\/fr\/contacts\/\">Demandez des informations<\/a>\n<\/p>\n<p><img decoding=\"async\" src=\"\/wp-content\/uploads\/2023\/12\/sedute_sughero_corkline.jpg\" alt=\"\"><br \/>\n<img decoding=\"async\" src=\"\/wp-content\/uploads\/2021\/05\/saduta-in-sughero-corkline.jpg\" alt=\"\"><\/p>\n<p><!--more--><br \/>\n<!-- {\"type\":\"layout\",\"children\":[{\"type\":\"section\",\"props\":{\"image_position\":\"center-center\",\"style\":\"default\",\"title_breakpoint\":\"xl\",\"title_position\":\"top-left\",\"title_rotation\":\"left\",\"vertical_align\":\"middle\",\"width\":\"large\"},\"children\":[{\"type\":\"row\",\"children\":[{\"type\":\"column\",\"props\":{\"image_position\":\"center-center\",\"position_sticky_breakpoint\":\"m\"},\"children\":[{\"type\":\"breadcrumbs\",\"props\":{\"show_current\":true,\"show_home\":true}},{\"type\":\"headline\",\"props\":{\"animation\":\"slide-left-medium\",\"content\":\"Accessoires en li\\u00e8ge<span style=\\\"color: #b6b29a;\\\">.<\\\/span>\",\"margin_remove_top\":false,\"parallax_blur\":\"50\",\"parallax_opacity\":\"1,0,0\",\"parallax_scale\":\"0.5\",\"parallax_start\":\"50vh + 50%\",\"position_z_index\":\"0\",\"text_align\":\"left\",\"title_element\":\"h1\",\"title_style\":\"heading-xlarge\"},\"name\":\"Headline\"}]}]},{\"type\":\"row\",\"children\":[{\"type\":\"column\",\"props\":{\"image_position\":\"center-center\",\"media_overlay\":\"rgba(255, 255, 255, 0.6)\",\"position_sticky_breakpoint\":\"m\",\"preserve_color\":true,\"style\":\"tile-muted\",\"vertical_align\":\"middle\"},\"children\":[{\"type\":\"panel\",\"props\":{\"content\":\"\n\n<p>Depuis quelques ann\\u00e9es, <strong>nous avons \\u00e9largi notre gamme de produits en introduisant une s\\u00e9rie d'articles m\\u00e9nagers en li\\u00e8ge<\\\/strong>. Le li\\u00e8ge est un mat\\u00e9riau extraordinaire, caract\\u00e9ris\\u00e9 par sa l\\u00e9g\\u00e8ret\\u00e9, son \\u00e9lasticit\\u00e9, son imperm\\u00e9abilit\\u00e9 et sa r\\u00e9sistance \\u00e0 l'usure.<\\\/p>\\n\n\n<p>Entre autres aspects, <strong>un objet en li\\u00e8ge peut retrouver sa beaut\\u00e9 originelle avec de petits gestes ou entre les mains d'artisans qualifi\\u00e9s<\\\/strong>, ainsi qu'\\u00eatre facilement recycl\\u00e9, retournant au cycle de production de granul\\u00e9s de li\\u00e8ge. Gr\\u00e2ce \\u00e0 ces qualit\\u00e9s, <strong>il est facile \\u00e0 travailler et agr\\u00e9able au toucher et \\u00e0 la vue<\\\/strong>.<\\\/p>\\n\n\n<p><strong>Le li\\u00e8ge est utilis\\u00e9 pour cr\\u00e9er des accessoires d'ameublement simples<\\\/strong>, notamment des dessous de plat, des sous-verres, des plateaux, des sets de table, des capuchons pour ustensiles de cuisine et bien plus encore.<\\\/p>\\n\n\n<p>Gr\\u00e2ce \\u00e0 ses caract\\u00e9ristiques uniques, comme la capacit\\u00e9 de respirer, <strong>il est \\u00e9galement possible de l'utiliser comme rembourrage pour les coussins<\\\/strong>, les rendant confortables, l\\u00e9gers et facilement adaptables aux besoins individuels. <strong>Nous fabriquons \\u00e9galement des petites bo\\u00eetes de rangement en li\\u00e8ge<\\\/strong>, qui allient la praticit\\u00e9 \\u00e0 l\\u2019esth\\u00e9tique naturelle de ce mat\\u00e9riau.<\\\/p>\",\"content_column_breakpoint\":\"m\",\"content_style\":\"text-large\",\"icon\":\"\",\"icon_width\":80,\"image\":\"\",\"image_align\":\"right\",\"image_grid_breakpoint\":\"m\",\"image_grid_column_gap\":\"large\",\"image_grid_width\":\"1-2\",\"image_margin\":\"medium\",\"image_svg_animate\":false,\"image_svg_color\":\"primary\",\"image_svg_inline\":true,\"image_vertical_align\":true,\"link\":\"fr\\\/granules-de-liege\\\/\",\"link_margin\":\"medium\",\"link_size\":\"large\",\"link_style\":\"secondary\",\"link_text\":\"<span uk-icon=\\\"icon: chevron-double-right\\\"><\\\/span> D\\u00e9couvrez nos granul\\u00e9s de li\\u00e8ge\",\"margin\":\"default\",\"meta\":\"Exaltez vos d\\u00e9corations\",\"meta_align\":\"below-title\",\"meta_color\":\"secondary\",\"meta_element\":\"div\",\"meta_style\":\"h2\",\"panel_link\":false,\"position\":\"relative\",\"position_z_index\":\"1\",\"title\":\"Articles <span style=\\\"color:#740201;\\\">m\\u00e9nagers<\\\/span>\",\"title_align\":\"top\",\"title_element\":\"h2\",\"title_grid_breakpoint\":\"m\",\"title_grid_width\":\"1-2\",\"title_hover_style\":\"reset\",\"title_style\":\"heading-large\"}}]}]}],\"name\":\"Pagina\"},{\"type\":\"section\",\"props\":{\"animation\":\"slide-bottom-medium\",\"image_position\":\"center-center\",\"padding_remove_bottom\":false,\"padding_remove_top\":false,\"style\":\"default\",\"title_breakpoint\":\"xl\",\"title_position\":\"top-left\",\"title_rotation\":\"left\",\"vertical_align\":\"middle\",\"width\":\"large\"},\"children\":[{\"type\":\"row\",\"children\":[{\"type\":\"column\",\"props\":{\"image_position\":\"center-center\",\"media_overlay\":\"rgba(255, 255, 255, 0.6)\",\"position_sticky_breakpoint\":\"m\",\"vertical_align\":\"middle\",\"width_medium\":\"1-2\"},\"children\":[{\"type\":\"panel\",\"props\":{\"content\":\"\n\n<p><strong>La polyvalence du li\\u00e8ge en fait un mat\\u00e9riau id\\u00e9al pour l'ameublement<\\\/strong>, permettant la cr\\u00e9ation de si\\u00e8ges en li\\u00e8ge au design uniques en leur genre.<\\\/p>\\n\n\n<p><strong>Ces si\\u00e8ges peuvent \\u00eatre combin\\u00e9s ou non avec des tables basses<\\\/strong>, ajoutant une touche d'originalit\\u00e9 et de tendance \\u00e0 votre salon et rendant l'environnement vraiment unique. <strong>Les meubles en li\\u00e8ge, en plus d'\\u00eatre originaux et tendance<\\\/strong>, <strong>sont \\u00e9galement r\\u00e9sistants et durables<\\\/strong>. C'est un produit respectueux de l'environnement, en tant qu\\u2019\\u00e9co-durable, car le li\\u00e8ge est extrait du ch\\u00eane-li\\u00e8ge, qui r\\u00e9g\\u00e9n\\u00e8re son \\u00e9corce externe tous les 9\\\/10 ans sans subir de dommages.<\\\/p>\\n\n\n<p><strong>Nous offrons la possibilit\\u00e9 de concevoir n\\u2019importe quel produit en li\\u00e8ge sur demande<\\\/strong>. Notre force r\\u00e9side dans une capacit\\u00e9 de production \\u00e9lev\\u00e9e, combin\\u00e9e \\u00e0 des d\\u00e9lais de livraison rapides. Cela a fait de nous une r\\u00e9f\\u00e9rence tant au niveau local que national, une reconnaissance que nous accueillons avec un grand honneur.<\\\/p>\",\"content_column_breakpoint\":\"m\",\"content_style\":\"text-large\",\"icon\":\"\",\"icon_width\":80,\"image\":\"\",\"image_align\":\"right\",\"image_grid_breakpoint\":\"m\",\"image_grid_column_gap\":\"large\",\"image_grid_width\":\"1-2\",\"image_margin\":\"medium\",\"image_svg_animate\":false,\"image_svg_color\":\"primary\",\"image_svg_inline\":true,\"image_vertical_align\":true,\"link_margin\":\"medium\",\"link_size\":\"large\",\"link_style\":\"default\",\"link_text\":\"Conosciamoci meglio\",\"margin\":\"default\",\"meta\":\"\",\"meta_align\":\"below-title\",\"meta_color\":\"secondary\",\"meta_element\":\"div\",\"meta_style\":\"h2\",\"panel_link\":false,\"position\":\"relative\",\"position_z_index\":\"1\",\"title\":\"Si\\u00e8ges <span style=\\\"color:#740201;\\\"><br\\\/>en li\\u00e8ge<\\\/span>\",\"title_align\":\"top\",\"title_element\":\"h2\",\"title_grid_breakpoint\":\"m\",\"title_grid_width\":\"1-2\",\"title_hover_style\":\"reset\",\"title_style\":\"heading-large\"}},{\"type\":\"button\",\"props\":{\"animation\":\"parallax\",\"button_size\":\"large\",\"grid_column_gap\":\"\",\"grid_row_gap\":\"\",\"margin\":\"default\",\"parallax_blur\":\"50\",\"parallax_opacity\":\"1,0,0\",\"parallax_scale\":\"0.5\",\"parallax_start\":\"55vh + 50%\",\"text_align\":\"left\"},\"children\":[{\"type\":\"button_item\",\"props\":{\"button_style\":\"primary\",\"content\":\"Demandez des informations\",\"icon\":\"chevron-double-right\",\"icon_align\":\"left\",\"link\":\"fr\\\/contacts\\\/\"}}]}]},{\"type\":\"column\",\"props\":{\"image_position\":\"center-center\",\"position_sticky_breakpoint\":\"m\",\"vertical_align\":\"middle\",\"width_medium\":\"1-2\"},\"children\":[{\"type\":\"image\",\"props\":{\"animation\":\"parallax\",\"image\":\"wp-content\\\/uploads\\\/2023\\\/12\\\/sedute_sughero_corkline.jpg\",\"image_box_decoration\":\"mask\",\"image_box_shadow\":\"large\",\"image_svg_color\":\"emphasis\",\"margin\":\"default\",\"margin_remove_bottom\":true,\"parallax_blur\":\"0 70%,100\",\"parallax_opacity\":\"1 70%,0\",\"parallax_start\":\"50vh\",\"parallax_y\":\"100,-100\"}},{\"type\":\"image\",\"props\":{\"animation\":\"parallax\",\"image\":\"wp-content\\\/uploads\\\/2021\\\/05\\\/saduta-in-sughero-corkline.jpg\",\"image_box_decoration\":\"mask\",\"image_box_shadow\":\"large\",\"image_svg_color\":\"emphasis\",\"margin\":\"default\",\"margin_remove_top\":true,\"parallax_blur\":\"0 70%,100\",\"parallax_opacity\":\"1 70%,0\",\"parallax_start\":\"50vh\",\"parallax_y\":\"100,-100\"}}]}],\"props\":{\"layout\":\"1-2,1-2\"}}],\"name\":\"Panel\"}],\"version\":\"4.2.11\"} --><\/p>\n","protected":false},"excerpt":{"rendered":"<p>Accessoires en li\u00e8ge. Articles m\u00e9nagers Exaltez vos d\u00e9corations Depuis quelques ann\u00e9es, nous avons \u00e9largi notre gamme de produits en introduisant une s\u00e9rie d&rsquo;articles m\u00e9nagers en li\u00e8ge. Le li\u00e8ge est un mat\u00e9riau extraordinaire, caract\u00e9ris\u00e9 par sa l\u00e9g\u00e8ret\u00e9, son \u00e9lasticit\u00e9, son imperm\u00e9abilit\u00e9 et sa r\u00e9sistance \u00e0 l&rsquo;usure. Entre autres aspects, un objet en li\u00e8ge peut retrouver sa [&hellip;]<\/p>\n","protected":false},"author":2,"featured_media":913,"parent":0,"menu_order":0,"comment_status":"closed","ping_status":"closed","template":"","meta":{"footnotes":""},"class_list":["post-1143","page","type-page","status-publish","has-post-thumbnail","hentry"],"yoast_head":"<!-- This site is optimized with the Yoast SEO plugin v21.8 - https:\/\/yoast.com\/wordpress\/plugins\/seo\/ -->\n<title>Accessoires en li\u00e8ge - Cork Line - Sp\u00e9cialistes dans la production de granul\u00e9s de li\u00e8ge<\/title>\n<meta name=\"description\" content=\"Exaltez vos d\u00e9corations avec des accessoires en li\u00e8ge, nous offrons la possibilit\u00e9 de concevoir n\u2019importe quel produit en li\u00e8ge sur demande\" \/>\n<meta name=\"robots\" content=\"index, follow, max-snippet:-1, max-image-preview:large, max-video-preview:-1\" \/>\n<link rel=\"canonical\" href=\"https:\/\/www.sugherificiocorkline.it\/fr\/accessoires-en-liege\/\" \/>\n<meta property=\"og:locale\" content=\"fr_FR\" \/>\n<meta property=\"og:type\" content=\"article\" \/>\n<meta property=\"og:title\" content=\"Accessoires en li\u00e8ge - Cork Line - Sp\u00e9cialistes dans la production de granul\u00e9s de li\u00e8ge\" \/>\n<meta property=\"og:description\" content=\"Exaltez vos d\u00e9corations avec des accessoires en li\u00e8ge, nous offrons la possibilit\u00e9 de concevoir n\u2019importe quel produit en li\u00e8ge sur demande\" \/>\n<meta property=\"og:url\" content=\"https:\/\/www.sugherificiocorkline.it\/fr\/accessoires-en-liege\/\" \/>\n<meta property=\"og:site_name\" content=\"Cork Line - Sp\u00e9cialistes dans la production de granul\u00e9s de li\u00e8ge\" \/>\n<meta property=\"article:publisher\" content=\"https:\/\/m.facebook.com\/p\/Cork-Line-100071951215164\/?locale=it_IT\" \/>\n<meta property=\"article:modified_time\" content=\"2024-01-11T16:55:17+00:00\" \/>\n<meta property=\"og:image\" content=\"https:\/\/www.sugherificiocorkline.it\/wp-content\/uploads\/2023\/12\/sedute_sughero_corkline.jpg\" \/>\n\t<meta property=\"og:image:width\" content=\"800\" \/>\n\t<meta property=\"og:image:height\" content=\"533\" \/>\n\t<meta property=\"og:image:type\" content=\"image\/jpeg\" \/>\n<meta name=\"twitter:card\" content=\"summary_large_image\" \/>\n<meta name=\"twitter:label1\" content=\"Dur\u00e9e de lecture estim\u00e9e\" \/>\n\t<meta name=\"twitter:data1\" content=\"2 minutes\" \/>\n<script type=\"application\/ld+json\" class=\"yoast-schema-graph\">{\"@context\":\"https:\/\/schema.org\",\"@graph\":[{\"@type\":\"WebPage\",\"@id\":\"https:\/\/www.sugherificiocorkline.it\/fr\/accessoires-en-liege\/\",\"url\":\"https:\/\/www.sugherificiocorkline.it\/fr\/accessoires-en-liege\/\",\"name\":\"Accessoires en li\u00e8ge - Cork Line - Sp\u00e9cialistes dans la production de granul\u00e9s de li\u00e8ge\",\"isPartOf\":{\"@id\":\"https:\/\/www.sugherificiocorkline.it\/fr\/#website\"},\"datePublished\":\"2021-05-06T12:33:14+00:00\",\"dateModified\":\"2024-01-11T16:55:17+00:00\",\"description\":\"Exaltez vos d\u00e9corations avec des accessoires en li\u00e8ge, nous offrons la possibilit\u00e9 de concevoir n\u2019importe quel produit en li\u00e8ge sur demande\",\"breadcrumb\":{\"@id\":\"https:\/\/www.sugherificiocorkline.it\/fr\/accessoires-en-liege\/#breadcrumb\"},\"inLanguage\":\"fr-FR\",\"potentialAction\":[{\"@type\":\"ReadAction\",\"target\":[\"https:\/\/www.sugherificiocorkline.it\/fr\/accessoires-en-liege\/\"]}]},{\"@type\":\"BreadcrumbList\",\"@id\":\"https:\/\/www.sugherificiocorkline.it\/fr\/accessoires-en-liege\/#breadcrumb\",\"itemListElement\":[{\"@type\":\"ListItem\",\"position\":1,\"name\":\"Home\",\"item\":\"https:\/\/www.sugherificiocorkline.it\/fr\/\"},{\"@type\":\"ListItem\",\"position\":2,\"name\":\"Accessoires en li\u00e8ge\"}]},{\"@type\":\"WebSite\",\"@id\":\"https:\/\/www.sugherificiocorkline.it\/fr\/#website\",\"url\":\"https:\/\/www.sugherificiocorkline.it\/fr\/\",\"name\":\"Cork Line - Specialisti nella produzione di granulati di sughero\",\"description\":\"\",\"publisher\":{\"@id\":\"https:\/\/www.sugherificiocorkline.it\/fr\/#organization\"},\"potentialAction\":[{\"@type\":\"SearchAction\",\"target\":{\"@type\":\"EntryPoint\",\"urlTemplate\":\"https:\/\/www.sugherificiocorkline.it\/fr\/?s={search_term_string}\"},\"query-input\":\"required name=search_term_string\"}],\"inLanguage\":\"fr-FR\"},{\"@type\":\"Organization\",\"@id\":\"https:\/\/www.sugherificiocorkline.it\/fr\/#organization\",\"name\":\"Cork Line - Sp\u00e9cialistes dans la production de granul\u00e9s de li\u00e8ge\",\"url\":\"https:\/\/www.sugherificiocorkline.it\/fr\/\",\"logo\":{\"@type\":\"ImageObject\",\"inLanguage\":\"fr-FR\",\"@id\":\"https:\/\/www.sugherificiocorkline.it\/fr\/#\/schema\/logo\/image\/\",\"url\":\"https:\/\/www.sugherificiocorkline.it\/wp-content\/uploads\/2021\/05\/logo-corkline.png\",\"contentUrl\":\"https:\/\/www.sugherificiocorkline.it\/wp-content\/uploads\/2021\/05\/logo-corkline.png\",\"width\":245,\"height\":75,\"caption\":\"Cork Line - Sp\u00e9cialistes dans la production de granul\u00e9s de li\u00e8ge\"},\"image\":{\"@id\":\"https:\/\/www.sugherificiocorkline.it\/fr\/#\/schema\/logo\/image\/\"},\"sameAs\":[\"https:\/\/m.facebook.com\/p\/Cork-Line-100071951215164\/?locale=it_IT\"]}]}<\/script>\n<!-- \/ Yoast SEO plugin. -->","yoast_head_json":{"title":"Accessoires en li\u00e8ge - Cork Line - Sp\u00e9cialistes dans la production de granul\u00e9s de li\u00e8ge","description":"Exaltez vos d\u00e9corations avec des accessoires en li\u00e8ge, nous offrons la possibilit\u00e9 de concevoir n\u2019importe quel produit en li\u00e8ge sur demande","robots":{"index":"index","follow":"follow","max-snippet":"max-snippet:-1","max-image-preview":"max-image-preview:large","max-video-preview":"max-video-preview:-1"},"canonical":"https:\/\/www.sugherificiocorkline.it\/fr\/accessoires-en-liege\/","og_locale":"fr_FR","og_type":"article","og_title":"Accessoires en li\u00e8ge - Cork Line - Sp\u00e9cialistes dans la production de granul\u00e9s de li\u00e8ge","og_description":"Exaltez vos d\u00e9corations avec des accessoires en li\u00e8ge, nous offrons la possibilit\u00e9 de concevoir n\u2019importe quel produit en li\u00e8ge sur demande","og_url":"https:\/\/www.sugherificiocorkline.it\/fr\/accessoires-en-liege\/","og_site_name":"Cork Line - Sp\u00e9cialistes dans la production de granul\u00e9s de li\u00e8ge","article_publisher":"https:\/\/m.facebook.com\/p\/Cork-Line-100071951215164\/?locale=it_IT","article_modified_time":"2024-01-11T16:55:17+00:00","og_image":[{"width":800,"height":533,"url":"https:\/\/www.sugherificiocorkline.it\/wp-content\/uploads\/2023\/12\/sedute_sughero_corkline.jpg","type":"image\/jpeg"}],"twitter_card":"summary_large_image","twitter_misc":{"Dur\u00e9e de lecture estim\u00e9e":"2 minutes"},"schema":{"@context":"https:\/\/schema.org","@graph":[{"@type":"WebPage","@id":"https:\/\/www.sugherificiocorkline.it\/fr\/accessoires-en-liege\/","url":"https:\/\/www.sugherificiocorkline.it\/fr\/accessoires-en-liege\/","name":"Accessoires en li\u00e8ge - Cork Line - Sp\u00e9cialistes dans la production de granul\u00e9s de li\u00e8ge","isPartOf":{"@id":"https:\/\/www.sugherificiocorkline.it\/fr\/#website"},"datePublished":"2021-05-06T12:33:14+00:00","dateModified":"2024-01-11T16:55:17+00:00","description":"Exaltez vos d\u00e9corations avec des accessoires en li\u00e8ge, nous offrons la possibilit\u00e9 de concevoir n\u2019importe quel produit en li\u00e8ge sur demande","breadcrumb":{"@id":"https:\/\/www.sugherificiocorkline.it\/fr\/accessoires-en-liege\/#breadcrumb"},"inLanguage":"fr-FR","potentialAction":[{"@type":"ReadAction","target":["https:\/\/www.sugherificiocorkline.it\/fr\/accessoires-en-liege\/"]}]},{"@type":"BreadcrumbList","@id":"https:\/\/www.sugherificiocorkline.it\/fr\/accessoires-en-liege\/#breadcrumb","itemListElement":[{"@type":"ListItem","position":1,"name":"Home","item":"https:\/\/www.sugherificiocorkline.it\/fr\/"},{"@type":"ListItem","position":2,"name":"Accessoires en li\u00e8ge"}]},{"@type":"WebSite","@id":"https:\/\/www.sugherificiocorkline.it\/fr\/#website","url":"https:\/\/www.sugherificiocorkline.it\/fr\/","name":"Cork Line - Specialisti nella produzione di granulati di sughero","description":"","publisher":{"@id":"https:\/\/www.sugherificiocorkline.it\/fr\/#organization"},"potentialAction":[{"@type":"SearchAction","target":{"@type":"EntryPoint","urlTemplate":"https:\/\/www.sugherificiocorkline.it\/fr\/?s={search_term_string}"},"query-input":"required name=search_term_string"}],"inLanguage":"fr-FR"},{"@type":"Organization","@id":"https:\/\/www.sugherificiocorkline.it\/fr\/#organization","name":"Cork Line - Sp\u00e9cialistes dans la production de granul\u00e9s de li\u00e8ge","url":"https:\/\/www.sugherificiocorkline.it\/fr\/","logo":{"@type":"ImageObject","inLanguage":"fr-FR","@id":"https:\/\/www.sugherificiocorkline.it\/fr\/#\/schema\/logo\/image\/","url":"https:\/\/www.sugherificiocorkline.it\/wp-content\/uploads\/2021\/05\/logo-corkline.png","contentUrl":"https:\/\/www.sugherificiocorkline.it\/wp-content\/uploads\/2021\/05\/logo-corkline.png","width":245,"height":75,"caption":"Cork Line - Sp\u00e9cialistes dans la production de granul\u00e9s de li\u00e8ge"},"image":{"@id":"https:\/\/www.sugherificiocorkline.it\/fr\/#\/schema\/logo\/image\/"},"sameAs":["https:\/\/m.facebook.com\/p\/Cork-Line-100071951215164\/?locale=it_IT"]}]}},"_links":{"self":[{"href":"https:\/\/www.sugherificiocorkline.it\/fr\/wp-json\/wp\/v2\/pages\/1143","targetHints":{"allow":["GET"]}}],"collection":[{"href":"https:\/\/www.sugherificiocorkline.it\/fr\/wp-json\/wp\/v2\/pages"}],"about":[{"href":"https:\/\/www.sugherificiocorkline.it\/fr\/wp-json\/wp\/v2\/types\/page"}],"author":[{"embeddable":true,"href":"https:\/\/www.sugherificiocorkline.it\/fr\/wp-json\/wp\/v2\/users\/2"}],"replies":[{"embeddable":true,"href":"https:\/\/www.sugherificiocorkline.it\/fr\/wp-json\/wp\/v2\/comments?post=1143"}],"version-history":[{"count":5,"href":"https:\/\/www.sugherificiocorkline.it\/fr\/wp-json\/wp\/v2\/pages\/1143\/revisions"}],"predecessor-version":[{"id":1297,"href":"https:\/\/www.sugherificiocorkline.it\/fr\/wp-json\/wp\/v2\/pages\/1143\/revisions\/1297"}],"wp:featuredmedia":[{"embeddable":true,"href":"https:\/\/www.sugherificiocorkline.it\/fr\/wp-json\/wp\/v2\/media\/913"}],"wp:attachment":[{"href":"https:\/\/www.sugherificiocorkline.it\/fr\/wp-json\/wp\/v2\/media?parent=1143"}],"curies":[{"name":"wp","href":"https:\/\/api.w.org\/{rel}","templated":true}]}}