{"id":1138,"date":"2021-05-06T11:32:32","date_gmt":"2021-05-06T11:32:32","guid":{"rendered":"https:\/\/www.sugherificiocorkline.it\/presepi-in-sughero\/"},"modified":"2024-01-11T16:52:49","modified_gmt":"2024-01-11T16:52:49","slug":"creches-en-liege","status":"publish","type":"page","link":"https:\/\/www.sugherificiocorkline.it\/fr\/creches-en-liege\/","title":{"rendered":"Cr\u00e8ches en li\u00e8ge"},"content":{"rendered":"<h1>Cr\u00e8ches en li\u00e8ge<span style=\"color: #b6b29a;\">.<\/span><\/h1>\n<div>\n<h2>Panneaux et objets <span style=\"color:#740201;\">pour cr\u00e8ches<\/span><\/h2>\n<p>Cabanes, maisons et petites cr\u00e8ches pr\u00eates \u00e0 l&#8217;emploi<\/p>\n<div>\n<p><a href=\"https:\/\/www.sugherificiocorkline.it\/fr\/\">Cork Line<\/a> s&rsquo;est sp\u00e9cialis\u00e9e au fil des ann\u00e9es dans la <strong>fabrication de panneaux et d&rsquo;articles en li\u00e8ge pour les cr\u00e8ches<\/strong>. L&rsquo;utilisation du li\u00e8ge repr\u00e9sente une union entre la tradition et l\u2019innovation dans ce monde fascinant de la production des cr\u00e8ches, <strong>contribuant \u00e0 cr\u00e9er une atmosph\u00e8re de No\u00ebl encore plus magique lors de la mise en place de la cr\u00e8che<\/strong>.<\/p>\n<p>Nos produits offrent non seulement une structure exceptionnellement r\u00e9sistante, mais <strong>\u00e9galement des effets sp\u00e9ciaux qui permettent de recr\u00e9er des murs<\/strong> ou des sols opus incertum qui semblent r\u00e9alis\u00e9s en assemblant un puzzle de carreaux. <strong>Chaque jour<\/strong>, <strong>nous travaillons pour garantir une satisfaction maximale \u00e0 nos clients<\/strong> et cela nous a fait devenir une r\u00e9f\u00e9rence au niveau local et national dans le domaine des cr\u00e8ches.<\/p>\n<\/div>\n<p><a href=\"https:\/\/www.sugherificiocorkline.it\/fr\/panneaux-de-liege\/\"><span uk-icon=\"icon: chevron-double-right\"><\/span> D\u00e9couvrez nos panneaux pour l&rsquo;isolation thermo-acoustique<\/a><\/p>\n<\/div>\n<div>\n<h2>Rendre l&rsquo;ambiance de No\u00ebl <span style=\"color:#740201;\">magique<\/span><\/h2>\n<div>\n<p><strong>Notre offre consiste \u00e0<\/strong>:<\/p>\n<ul>\n<li>panneaux en li\u00e8ge dessin\u00e9s;<\/li>\n<li>granul\u00e9s de granulom\u00e9trie tr\u00e8s fine;<\/li>\n<li>morceaux d&rsquo;\u00e9corce en li\u00e8ge;<\/li>\n<li>cr\u00e8ches de petite\/moyenne\/grande taille.<\/li>\n<\/ul>\n<p><strong>Nous offrons \u00e0 nos clients la possibilit\u00e9 de demander des cr\u00e9ations sur mesure<\/strong>, r\u00e9alis\u00e9es par des artisans hautement sp\u00e9cialis\u00e9s avec lesquels nous collaborons depuis de nombreuses ann\u00e9es. Ces cr\u00e9ations comprennent <strong>des cabanes<\/strong>,<strong> des maisons et des cr\u00e8ches de diff\u00e9rentes tailles<\/strong>,<strong> pr\u00eates \u00e0 l&#8217;emploi<\/strong>, et en plus nous pouvons fournir des effets sp\u00e9ciaux comme des maisons et des rues illumin\u00e9es ou l\u2019effet de variation du jour \u00e0 la nuit avec des atmosph\u00e8res \u00e9l\u00e9gantes.<\/p>\n<p><a href=\"https:\/\/www.sugherificiocorkline.it\/fr\/\">Cork Line<\/a> propose <strong>une large gamme de panneaux en li\u00e8ge d\u00e9cor\u00e9s<\/strong>, capables de reproduire fid\u00e8lement diff\u00e9rentes finitions, notamment les pierres et les fa\u00e7ades apparentes. La possibilit\u00e9 de choisir entre diff\u00e9rentes couleurs contribue \u00e0 accentuer leur ressemblance avec les murs en pierres authentiques.<\/p>\n<p>Pour trouver la cr\u00e8che parfaite pour vos besoins, <a href=\"https:\/\/www.sugherificiocorkline.it\/fr\/contacts\/\">nous vous invitons \u00e0 visiter notre bureau<\/a>. Ensemble, nous travaillerons \u00e0 la conception d&rsquo;une cr\u00e8che personnalis\u00e9e pour satisfaire vos pr\u00e9f\u00e9rences et demandes sp\u00e9cifiques.<\/p>\n<\/div>\n<\/div>\n<p>\n    <a href=\"https:\/\/www.sugherificiocorkline.it\/fr\/contacts\/\">Demandez des informations<\/a>\n<\/p>\n<p><img decoding=\"async\" src=\"\/wp-content\/uploads\/2023\/12\/sughero-presepe.jpg\" alt=\"\"><br \/>\n<img decoding=\"async\" src=\"\/wp-content\/uploads\/2021\/05\/presepe-sughero-perugia.jpg\" alt=\"\"><\/p>\n<p><!--more--><br \/>\n<!-- {\"type\":\"layout\",\"children\":[{\"type\":\"section\",\"props\":{\"image_position\":\"center-center\",\"style\":\"default\",\"title_breakpoint\":\"xl\",\"title_position\":\"top-left\",\"title_rotation\":\"left\",\"vertical_align\":\"middle\",\"width\":\"large\"},\"children\":[{\"type\":\"row\",\"children\":[{\"type\":\"column\",\"props\":{\"image_position\":\"center-center\",\"position_sticky_breakpoint\":\"m\"},\"children\":[{\"type\":\"breadcrumbs\",\"props\":{\"show_current\":true,\"show_home\":true}},{\"type\":\"headline\",\"props\":{\"animation\":\"slide-left-medium\",\"content\":\"Cr\\u00e8ches en li\\u00e8ge<span style=\\\"color: #b6b29a;\\\">.<\\\/span>\",\"margin_remove_top\":false,\"parallax_blur\":\"50\",\"parallax_opacity\":\"1,0,0\",\"parallax_scale\":\"0.5\",\"parallax_start\":\"50vh + 50%\",\"position_z_index\":\"0\",\"text_align\":\"left\",\"title_element\":\"h1\",\"title_style\":\"heading-xlarge\"},\"name\":\"Headline\"}]}]},{\"type\":\"row\",\"children\":[{\"type\":\"column\",\"props\":{\"image_position\":\"center-center\",\"media_overlay\":\"rgba(255, 255, 255, 0.6)\",\"position_sticky_breakpoint\":\"m\",\"preserve_color\":true,\"style\":\"tile-muted\",\"vertical_align\":\"middle\"},\"children\":[{\"type\":\"panel\",\"props\":{\"content\":\"\n\n<p><a href=\\\"https:\\\/\\\/www.sugherificiocorkline.it\\\/fr\\\/\\\">Cork Line<\\\/a> s'est sp\\u00e9cialis\\u00e9e au fil des ann\\u00e9es dans la <strong>fabrication de panneaux et d'articles en li\\u00e8ge pour les cr\\u00e8ches<\\\/strong>. L'utilisation du li\\u00e8ge repr\\u00e9sente une union entre la tradition et l\\u2019innovation dans ce monde fascinant de la production des cr\\u00e8ches, <strong>contribuant \\u00e0 cr\\u00e9er une atmosph\\u00e8re de No\\u00ebl encore plus magique lors de la mise en place de la cr\\u00e8che<\\\/strong>.<\\\/p>\\n\n\n<p>Nos produits offrent non seulement une structure exceptionnellement r\\u00e9sistante, mais <strong>\\u00e9galement des effets sp\\u00e9ciaux qui permettent de recr\\u00e9er des murs<\\\/strong> ou des sols opus incertum qui semblent r\\u00e9alis\\u00e9s en assemblant un puzzle de carreaux. <strong>Chaque jour<\\\/strong>, <strong>nous travaillons pour garantir une satisfaction maximale \\u00e0 nos clients<\\\/strong> et cela nous a fait devenir une r\\u00e9f\\u00e9rence au niveau local et national dans le domaine des cr\\u00e8ches.<\\\/p>\",\"content_column_breakpoint\":\"m\",\"content_style\":\"text-large\",\"icon\":\"\",\"icon_width\":80,\"image\":\"\",\"image_align\":\"right\",\"image_grid_breakpoint\":\"m\",\"image_grid_column_gap\":\"large\",\"image_grid_width\":\"1-2\",\"image_margin\":\"medium\",\"image_svg_animate\":false,\"image_svg_color\":\"primary\",\"image_svg_inline\":true,\"image_vertical_align\":true,\"link\":\"fr\\\/panneaux-de-liege\\\/\",\"link_margin\":\"medium\",\"link_size\":\"large\",\"link_style\":\"secondary\",\"link_text\":\"<span uk-icon=\\\"icon: chevron-double-right\\\"><\\\/span> D\\u00e9couvrez nos panneaux pour l'isolation thermo-acoustique\",\"margin\":\"default\",\"meta\":\"Cabanes, maisons et petites cr\\u00e8ches pr\\u00eates \\u00e0 l'emploi\",\"meta_align\":\"below-title\",\"meta_color\":\"secondary\",\"meta_element\":\"div\",\"meta_style\":\"h2\",\"panel_link\":false,\"position\":\"relative\",\"position_z_index\":\"1\",\"title\":\"Panneaux et objets <span style=\\\"color:#740201;\\\">pour cr\\u00e8ches<\\\/span>\",\"title_align\":\"top\",\"title_element\":\"h2\",\"title_grid_breakpoint\":\"m\",\"title_grid_width\":\"1-2\",\"title_hover_style\":\"reset\",\"title_style\":\"heading-large\"}}]}]}],\"name\":\"Pagina\"},{\"type\":\"section\",\"props\":{\"animation\":\"slide-bottom-medium\",\"image_position\":\"center-center\",\"padding_remove_bottom\":false,\"padding_remove_top\":false,\"style\":\"default\",\"title_breakpoint\":\"xl\",\"title_position\":\"top-left\",\"title_rotation\":\"left\",\"vertical_align\":\"middle\",\"width\":\"large\"},\"children\":[{\"type\":\"row\",\"children\":[{\"type\":\"column\",\"props\":{\"image_position\":\"center-center\",\"media_overlay\":\"rgba(255, 255, 255, 0.6)\",\"position_sticky_breakpoint\":\"m\",\"vertical_align\":\"middle\",\"width_medium\":\"1-2\"},\"children\":[{\"type\":\"panel\",\"props\":{\"content\":\"\n\n<p><strong>Notre offre consiste \\u00e0<\\\/strong>:<\\\/p>\\n\n\n<ul>\\n\n\n<li>panneaux en li\\u00e8ge dessin\\u00e9s;<\\\/li>\\n\n\n<li>granul\\u00e9s de granulom\\u00e9trie tr\\u00e8s fine;<\\\/li>\\n\n\n<li>morceaux d'\\u00e9corce en li\\u00e8ge;<\\\/li>\\n\n\n<li>cr\\u00e8ches de petite\\\/moyenne\\\/grande taille.<\\\/li>\\n<\\\/ul>\\n\n\n<p><strong>Nous offrons \\u00e0 nos clients la possibilit\\u00e9 de demander des cr\\u00e9ations sur mesure<\\\/strong>, r\\u00e9alis\\u00e9es par des artisans hautement sp\\u00e9cialis\\u00e9s avec lesquels nous collaborons depuis de nombreuses ann\\u00e9es. Ces cr\\u00e9ations comprennent <strong>des cabanes<\\\/strong>,<strong> des maisons et des cr\\u00e8ches de diff\\u00e9rentes tailles<\\\/strong>,<strong> pr\\u00eates \\u00e0 l'emploi<\\\/strong>, et en plus nous pouvons fournir des effets sp\\u00e9ciaux comme des maisons et des rues illumin\\u00e9es ou l\\u2019effet de variation du jour \\u00e0 la nuit avec des atmosph\\u00e8res \\u00e9l\\u00e9gantes.<\\\/p>\\n\n\n<p><a href=\\\"https:\\\/\\\/www.sugherificiocorkline.it\\\/fr\\\/\\\">Cork Line<\\\/a> propose <strong>une large gamme de panneaux en li\\u00e8ge d\\u00e9cor\\u00e9s<\\\/strong>, capables de reproduire fid\\u00e8lement diff\\u00e9rentes finitions, notamment les pierres et les fa\\u00e7ades apparentes. La possibilit\\u00e9 de choisir entre diff\\u00e9rentes couleurs contribue \\u00e0 accentuer leur ressemblance avec les murs en pierres authentiques.<\\\/p>\\n\n\n<p>Pour trouver la cr\\u00e8che parfaite pour vos besoins, <a href=\\\"https:\\\/\\\/www.sugherificiocorkline.it\\\/fr\\\/contacts\\\/\\\">nous vous invitons \\u00e0 visiter notre bureau<\\\/a>. Ensemble, nous travaillerons \\u00e0 la conception d'une cr\\u00e8che personnalis\\u00e9e pour satisfaire vos pr\\u00e9f\\u00e9rences et demandes sp\\u00e9cifiques.<\\\/p>\",\"content_column_breakpoint\":\"m\",\"content_style\":\"text-large\",\"icon\":\"\",\"icon_width\":80,\"image\":\"\",\"image_align\":\"right\",\"image_grid_breakpoint\":\"m\",\"image_grid_column_gap\":\"large\",\"image_grid_width\":\"1-2\",\"image_margin\":\"medium\",\"image_svg_animate\":false,\"image_svg_color\":\"primary\",\"image_svg_inline\":true,\"image_vertical_align\":true,\"link_margin\":\"medium\",\"link_size\":\"large\",\"link_style\":\"default\",\"link_text\":\"Conosciamoci meglio\",\"margin\":\"default\",\"meta\":\"\",\"meta_align\":\"below-title\",\"meta_color\":\"secondary\",\"meta_element\":\"div\",\"meta_style\":\"h2\",\"panel_link\":false,\"position\":\"relative\",\"position_z_index\":\"1\",\"title\":\"Rendre l'ambiance de No\\u00ebl <span style=\\\"color:#740201;\\\">magique<\\\/span>\",\"title_align\":\"top\",\"title_element\":\"h2\",\"title_grid_breakpoint\":\"m\",\"title_grid_width\":\"1-2\",\"title_hover_style\":\"reset\",\"title_style\":\"heading-large\"}},{\"type\":\"button\",\"props\":{\"animation\":\"parallax\",\"button_size\":\"large\",\"grid_column_gap\":\"\",\"grid_row_gap\":\"\",\"margin\":\"default\",\"parallax_blur\":\"50\",\"parallax_opacity\":\"1,0,0\",\"parallax_scale\":\"0.5\",\"parallax_start\":\"55vh + 50%\",\"text_align\":\"left\"},\"children\":[{\"type\":\"button_item\",\"props\":{\"button_style\":\"primary\",\"content\":\"Demandez des informations\",\"icon\":\"chevron-double-right\",\"icon_align\":\"left\",\"link\":\"fr\\\/contacts\\\/\"}}]}]},{\"type\":\"column\",\"props\":{\"image_position\":\"center-center\",\"position_sticky_breakpoint\":\"m\",\"vertical_align\":\"middle\",\"width_medium\":\"1-2\"},\"children\":[{\"type\":\"image\",\"props\":{\"animation\":\"parallax\",\"image\":\"wp-content\\\/uploads\\\/2023\\\/12\\\/sughero-presepe.jpg\",\"image_box_decoration\":\"mask\",\"image_box_shadow\":\"large\",\"image_svg_color\":\"emphasis\",\"margin\":\"default\",\"margin_remove_bottom\":true,\"parallax_blur\":\"0 70%,100\",\"parallax_opacity\":\"1 70%,0\",\"parallax_start\":\"50vh\",\"parallax_y\":\"100,-100\"}},{\"type\":\"image\",\"props\":{\"animation\":\"parallax\",\"image\":\"wp-content\\\/uploads\\\/2021\\\/05\\\/presepe-sughero-perugia.jpg\",\"image_box_decoration\":\"mask\",\"image_box_shadow\":\"large\",\"image_svg_color\":\"emphasis\",\"margin\":\"default\",\"margin_remove_top\":true,\"parallax_blur\":\"0 70%,100\",\"parallax_opacity\":\"1 70%,0\",\"parallax_start\":\"50vh\",\"parallax_y\":\"100,-100\"}}]}],\"props\":{\"layout\":\"1-2,1-2\"}}],\"name\":\"Panel\"}],\"version\":\"4.2.11\"} --><\/p>\n","protected":false},"excerpt":{"rendered":"<p>Cr\u00e8ches en li\u00e8ge. Panneaux et objets pour cr\u00e8ches Cabanes, maisons et petites cr\u00e8ches pr\u00eates \u00e0 l&#8217;emploi Cork Line s&rsquo;est sp\u00e9cialis\u00e9e au fil des ann\u00e9es dans la fabrication de panneaux et d&rsquo;articles en li\u00e8ge pour les cr\u00e8ches. L&rsquo;utilisation du li\u00e8ge repr\u00e9sente une union entre la tradition et l\u2019innovation dans ce monde fascinant de la production des [&hellip;]<\/p>\n","protected":false},"author":2,"featured_media":1374,"parent":0,"menu_order":0,"comment_status":"closed","ping_status":"closed","template":"","meta":{"footnotes":""},"class_list":["post-1138","page","type-page","status-publish","has-post-thumbnail","hentry"],"yoast_head":"<!-- This site is optimized with the Yoast SEO plugin v21.8 - https:\/\/yoast.com\/wordpress\/plugins\/seo\/ -->\n<title>Cr\u00e8ches en li\u00e8ge - Cork Line - Sp\u00e9cialistes dans la production de granul\u00e9s de li\u00e8ge<\/title>\n<meta name=\"description\" content=\"Cabanes, maisons et petites cr\u00e8ches pr\u00eates \u00e0 l\u2019emploi, d\u00e9couvrez notre s\u00e9lection de panneaux et d&#039;articles en li\u00e8ge pour cr\u00e8ches\" \/>\n<meta name=\"robots\" content=\"index, follow, max-snippet:-1, max-image-preview:large, max-video-preview:-1\" \/>\n<link rel=\"canonical\" href=\"https:\/\/www.sugherificiocorkline.it\/fr\/creches-en-liege\/\" \/>\n<meta property=\"og:locale\" content=\"fr_FR\" \/>\n<meta property=\"og:type\" content=\"article\" \/>\n<meta property=\"og:title\" content=\"Cr\u00e8ches en li\u00e8ge - Cork Line - Sp\u00e9cialistes dans la production de granul\u00e9s de li\u00e8ge\" \/>\n<meta property=\"og:description\" content=\"Cabanes, maisons et petites cr\u00e8ches pr\u00eates \u00e0 l\u2019emploi, d\u00e9couvrez notre s\u00e9lection de panneaux et d&#039;articles en li\u00e8ge pour cr\u00e8ches\" \/>\n<meta property=\"og:url\" content=\"https:\/\/www.sugherificiocorkline.it\/fr\/creches-en-liege\/\" \/>\n<meta property=\"og:site_name\" content=\"Cork Line - Sp\u00e9cialistes dans la production de granul\u00e9s de li\u00e8ge\" \/>\n<meta property=\"article:publisher\" content=\"https:\/\/m.facebook.com\/p\/Cork-Line-100071951215164\/?locale=it_IT\" \/>\n<meta property=\"article:modified_time\" content=\"2024-01-11T16:52:49+00:00\" \/>\n<meta property=\"og:image\" content=\"https:\/\/www.sugherificiocorkline.it\/wp-content\/uploads\/2021\/05\/presepe-sughero-perugia.jpg\" \/>\n\t<meta property=\"og:image:width\" content=\"800\" \/>\n\t<meta property=\"og:image:height\" content=\"448\" \/>\n\t<meta property=\"og:image:type\" content=\"image\/jpeg\" \/>\n<meta name=\"twitter:card\" content=\"summary_large_image\" \/>\n<meta name=\"twitter:label1\" content=\"Dur\u00e9e de lecture estim\u00e9e\" \/>\n\t<meta name=\"twitter:data1\" content=\"2 minutes\" \/>\n<script type=\"application\/ld+json\" class=\"yoast-schema-graph\">{\"@context\":\"https:\/\/schema.org\",\"@graph\":[{\"@type\":\"WebPage\",\"@id\":\"https:\/\/www.sugherificiocorkline.it\/fr\/creches-en-liege\/\",\"url\":\"https:\/\/www.sugherificiocorkline.it\/fr\/creches-en-liege\/\",\"name\":\"Cr\u00e8ches en li\u00e8ge - Cork Line - Sp\u00e9cialistes dans la production de granul\u00e9s de li\u00e8ge\",\"isPartOf\":{\"@id\":\"https:\/\/www.sugherificiocorkline.it\/fr\/#website\"},\"datePublished\":\"2021-05-06T11:32:32+00:00\",\"dateModified\":\"2024-01-11T16:52:49+00:00\",\"description\":\"Cabanes, maisons et petites cr\u00e8ches pr\u00eates \u00e0 l\u2019emploi, d\u00e9couvrez notre s\u00e9lection de panneaux et d'articles en li\u00e8ge pour cr\u00e8ches\",\"breadcrumb\":{\"@id\":\"https:\/\/www.sugherificiocorkline.it\/fr\/creches-en-liege\/#breadcrumb\"},\"inLanguage\":\"fr-FR\",\"potentialAction\":[{\"@type\":\"ReadAction\",\"target\":[\"https:\/\/www.sugherificiocorkline.it\/fr\/creches-en-liege\/\"]}]},{\"@type\":\"BreadcrumbList\",\"@id\":\"https:\/\/www.sugherificiocorkline.it\/fr\/creches-en-liege\/#breadcrumb\",\"itemListElement\":[{\"@type\":\"ListItem\",\"position\":1,\"name\":\"Home\",\"item\":\"https:\/\/www.sugherificiocorkline.it\/fr\/\"},{\"@type\":\"ListItem\",\"position\":2,\"name\":\"Cr\u00e8ches en li\u00e8ge\"}]},{\"@type\":\"WebSite\",\"@id\":\"https:\/\/www.sugherificiocorkline.it\/fr\/#website\",\"url\":\"https:\/\/www.sugherificiocorkline.it\/fr\/\",\"name\":\"Cork Line - Specialisti nella produzione di granulati di sughero\",\"description\":\"\",\"publisher\":{\"@id\":\"https:\/\/www.sugherificiocorkline.it\/fr\/#organization\"},\"potentialAction\":[{\"@type\":\"SearchAction\",\"target\":{\"@type\":\"EntryPoint\",\"urlTemplate\":\"https:\/\/www.sugherificiocorkline.it\/fr\/?s={search_term_string}\"},\"query-input\":\"required name=search_term_string\"}],\"inLanguage\":\"fr-FR\"},{\"@type\":\"Organization\",\"@id\":\"https:\/\/www.sugherificiocorkline.it\/fr\/#organization\",\"name\":\"Cork Line - Sp\u00e9cialistes dans la production de granul\u00e9s de li\u00e8ge\",\"url\":\"https:\/\/www.sugherificiocorkline.it\/fr\/\",\"logo\":{\"@type\":\"ImageObject\",\"inLanguage\":\"fr-FR\",\"@id\":\"https:\/\/www.sugherificiocorkline.it\/fr\/#\/schema\/logo\/image\/\",\"url\":\"https:\/\/www.sugherificiocorkline.it\/wp-content\/uploads\/2021\/05\/logo-corkline.png\",\"contentUrl\":\"https:\/\/www.sugherificiocorkline.it\/wp-content\/uploads\/2021\/05\/logo-corkline.png\",\"width\":245,\"height\":75,\"caption\":\"Cork Line - Sp\u00e9cialistes dans la production de granul\u00e9s de li\u00e8ge\"},\"image\":{\"@id\":\"https:\/\/www.sugherificiocorkline.it\/fr\/#\/schema\/logo\/image\/\"},\"sameAs\":[\"https:\/\/m.facebook.com\/p\/Cork-Line-100071951215164\/?locale=it_IT\"]}]}<\/script>\n<!-- \/ Yoast SEO plugin. -->","yoast_head_json":{"title":"Cr\u00e8ches en li\u00e8ge - Cork Line - Sp\u00e9cialistes dans la production de granul\u00e9s de li\u00e8ge","description":"Cabanes, maisons et petites cr\u00e8ches pr\u00eates \u00e0 l\u2019emploi, d\u00e9couvrez notre s\u00e9lection de panneaux et d'articles en li\u00e8ge pour cr\u00e8ches","robots":{"index":"index","follow":"follow","max-snippet":"max-snippet:-1","max-image-preview":"max-image-preview:large","max-video-preview":"max-video-preview:-1"},"canonical":"https:\/\/www.sugherificiocorkline.it\/fr\/creches-en-liege\/","og_locale":"fr_FR","og_type":"article","og_title":"Cr\u00e8ches en li\u00e8ge - Cork Line - Sp\u00e9cialistes dans la production de granul\u00e9s de li\u00e8ge","og_description":"Cabanes, maisons et petites cr\u00e8ches pr\u00eates \u00e0 l\u2019emploi, d\u00e9couvrez notre s\u00e9lection de panneaux et d'articles en li\u00e8ge pour cr\u00e8ches","og_url":"https:\/\/www.sugherificiocorkline.it\/fr\/creches-en-liege\/","og_site_name":"Cork Line - Sp\u00e9cialistes dans la production de granul\u00e9s de li\u00e8ge","article_publisher":"https:\/\/m.facebook.com\/p\/Cork-Line-100071951215164\/?locale=it_IT","article_modified_time":"2024-01-11T16:52:49+00:00","og_image":[{"width":800,"height":448,"url":"https:\/\/www.sugherificiocorkline.it\/wp-content\/uploads\/2021\/05\/presepe-sughero-perugia.jpg","type":"image\/jpeg"}],"twitter_card":"summary_large_image","twitter_misc":{"Dur\u00e9e de lecture estim\u00e9e":"2 minutes"},"schema":{"@context":"https:\/\/schema.org","@graph":[{"@type":"WebPage","@id":"https:\/\/www.sugherificiocorkline.it\/fr\/creches-en-liege\/","url":"https:\/\/www.sugherificiocorkline.it\/fr\/creches-en-liege\/","name":"Cr\u00e8ches en li\u00e8ge - Cork Line - Sp\u00e9cialistes dans la production de granul\u00e9s de li\u00e8ge","isPartOf":{"@id":"https:\/\/www.sugherificiocorkline.it\/fr\/#website"},"datePublished":"2021-05-06T11:32:32+00:00","dateModified":"2024-01-11T16:52:49+00:00","description":"Cabanes, maisons et petites cr\u00e8ches pr\u00eates \u00e0 l\u2019emploi, d\u00e9couvrez notre s\u00e9lection de panneaux et d'articles en li\u00e8ge pour cr\u00e8ches","breadcrumb":{"@id":"https:\/\/www.sugherificiocorkline.it\/fr\/creches-en-liege\/#breadcrumb"},"inLanguage":"fr-FR","potentialAction":[{"@type":"ReadAction","target":["https:\/\/www.sugherificiocorkline.it\/fr\/creches-en-liege\/"]}]},{"@type":"BreadcrumbList","@id":"https:\/\/www.sugherificiocorkline.it\/fr\/creches-en-liege\/#breadcrumb","itemListElement":[{"@type":"ListItem","position":1,"name":"Home","item":"https:\/\/www.sugherificiocorkline.it\/fr\/"},{"@type":"ListItem","position":2,"name":"Cr\u00e8ches en li\u00e8ge"}]},{"@type":"WebSite","@id":"https:\/\/www.sugherificiocorkline.it\/fr\/#website","url":"https:\/\/www.sugherificiocorkline.it\/fr\/","name":"Cork Line - Specialisti nella produzione di granulati di sughero","description":"","publisher":{"@id":"https:\/\/www.sugherificiocorkline.it\/fr\/#organization"},"potentialAction":[{"@type":"SearchAction","target":{"@type":"EntryPoint","urlTemplate":"https:\/\/www.sugherificiocorkline.it\/fr\/?s={search_term_string}"},"query-input":"required name=search_term_string"}],"inLanguage":"fr-FR"},{"@type":"Organization","@id":"https:\/\/www.sugherificiocorkline.it\/fr\/#organization","name":"Cork Line - Sp\u00e9cialistes dans la production de granul\u00e9s de li\u00e8ge","url":"https:\/\/www.sugherificiocorkline.it\/fr\/","logo":{"@type":"ImageObject","inLanguage":"fr-FR","@id":"https:\/\/www.sugherificiocorkline.it\/fr\/#\/schema\/logo\/image\/","url":"https:\/\/www.sugherificiocorkline.it\/wp-content\/uploads\/2021\/05\/logo-corkline.png","contentUrl":"https:\/\/www.sugherificiocorkline.it\/wp-content\/uploads\/2021\/05\/logo-corkline.png","width":245,"height":75,"caption":"Cork Line - Sp\u00e9cialistes dans la production de granul\u00e9s de li\u00e8ge"},"image":{"@id":"https:\/\/www.sugherificiocorkline.it\/fr\/#\/schema\/logo\/image\/"},"sameAs":["https:\/\/m.facebook.com\/p\/Cork-Line-100071951215164\/?locale=it_IT"]}]}},"_links":{"self":[{"href":"https:\/\/www.sugherificiocorkline.it\/fr\/wp-json\/wp\/v2\/pages\/1138","targetHints":{"allow":["GET"]}}],"collection":[{"href":"https:\/\/www.sugherificiocorkline.it\/fr\/wp-json\/wp\/v2\/pages"}],"about":[{"href":"https:\/\/www.sugherificiocorkline.it\/fr\/wp-json\/wp\/v2\/types\/page"}],"author":[{"embeddable":true,"href":"https:\/\/www.sugherificiocorkline.it\/fr\/wp-json\/wp\/v2\/users\/2"}],"replies":[{"embeddable":true,"href":"https:\/\/www.sugherificiocorkline.it\/fr\/wp-json\/wp\/v2\/comments?post=1138"}],"version-history":[{"count":10,"href":"https:\/\/www.sugherificiocorkline.it\/fr\/wp-json\/wp\/v2\/pages\/1138\/revisions"}],"predecessor-version":[{"id":1290,"href":"https:\/\/www.sugherificiocorkline.it\/fr\/wp-json\/wp\/v2\/pages\/1138\/revisions\/1290"}],"wp:featuredmedia":[{"embeddable":true,"href":"https:\/\/www.sugherificiocorkline.it\/fr\/wp-json\/wp\/v2\/media\/1374"}],"wp:attachment":[{"href":"https:\/\/www.sugherificiocorkline.it\/fr\/wp-json\/wp\/v2\/media?parent=1138"}],"curies":[{"name":"wp","href":"https:\/\/api.w.org\/{rel}","templated":true}]}}