{"id":1137,"date":"2021-05-06T10:02:58","date_gmt":"2021-05-06T10:02:58","guid":{"rendered":"https:\/\/www.sugherificiocorkline.it\/pannelli-in-sughero\/"},"modified":"2024-01-11T16:51:32","modified_gmt":"2024-01-11T16:51:32","slug":"panneaux-de-liege","status":"publish","type":"page","link":"https:\/\/www.sugherificiocorkline.it\/fr\/panneaux-de-liege\/","title":{"rendered":"Panneaux de li\u00e8ge"},"content":{"rendered":"<h1>Panneaux pour l\u2019isolation thermo-acoustique<span style=\"color: #b6b29a;\">.<\/span><\/h1>\n<div>\n<h2>Bien isoler <span style=\"color:#740201;\">sa maison<\/span><\/h2>\n<p>Conception et r\u00e9alisation<\/p>\n<div>\n<p>Depuis de nombreuses ann\u00e9es, <strong>nous nous consacrons avec passion \u00e0 la cr\u00e9ation de panneaux en li\u00e8ge destin\u00e9s \u00e0 l&rsquo;isolation thermo-acoustique<\/strong>. Le li\u00e8ge repr\u00e9sente une solution naturelle et \u00e9cologique d\u2019isolation, tant d\u2019un point de vue thermique qu\u2019acoustique.<\/p>\n<p>L&rsquo;isolation des b\u00e2timents joue un r\u00f4le crucial non seulement dans les \u00e9conomies d\u2019argent et dans l&rsquo;am\u00e9lioration du confort de la maison, mais aussi dans la responsabilit\u00e9 environnementale. <strong>Une maison bien isol\u00e9e contribue \u00e0 r\u00e9duire la consommation d\u2019\u00e9nergie pour le chauffage et\/ou la climatisation<\/strong>, tout en am\u00e9liorant la qualit\u00e9 de l\u2019environnement dans lequel nous vivons. <strong>C\u2019est une \u00e9tape concr\u00e8te vers un mode de vie durable et respectueux de l\u2019\u00e9cosyst\u00e8me qui nous entoure<\/strong>.<\/p>\n<p>Et rappelez-vous\u2026 <strong>l&rsquo;installation d&rsquo;un syst\u00e8me d&rsquo;isolation en li\u00e8ge de haute qualit\u00e9 est nettement plus pratique que les interventions purement esth\u00e9tiques<\/strong> et elle offre des avantages durables, \u00e9tant donn\u00e9 que le li\u00e8ge est un mat\u00e9riau qui ne se d\u00e9compose pas, qui ne s&rsquo;effrite pas et qui reste intact et stable pour toujours.<\/p>\n<\/div>\n<p><a href=\"https:\/\/www.sugherificiocorkline.it\/fr\/creches-en-liege\/\"><span uk-icon=\"icon: chevron-double-right\"><\/span> D\u00e9couvrez nos panneaux destin\u00e9s \u00e0 la r\u00e9alisation de cr\u00e8ches en li\u00e8ge<\/a><\/p>\n<\/div>\n<div>\n<h2>Syst\u00e8me de <span style=\"color:#740201;\">rev\u00eatement<\/span><\/h2>\n<div>\n<p>Dans le secteur de la construction, <strong>notre entreprise propose des solutions tr\u00e8s efficaces pour l&rsquo;isolation thermique et acoustique des b\u00e2timents<\/strong>. Nous fournissons une large gamme de produits, notamment:<\/p>\n<ol>\n<li><strong>Panneaux en li\u00e8ge blond de diff\u00e9rentes \u00e9paisseurs<\/strong>, <strong>id\u00e9aux pour l&rsquo;isolation thermo-acoustique des murs et des toits<\/strong>. Ces panneaux peuvent \u00eatre utilis\u00e9s \u00e0 la fois pour un syst\u00e8me de rev\u00eatement interne et externe et pour l\u2019isolation des cavit\u00e9s.<\/li>\n<li><strong>Feuilles en li\u00e8ge hautement compress\u00e9es<\/strong> d&rsquo;une densit\u00e9 de 300 \u00e0 350 kg\/m3, con\u00e7ues pour l&rsquo;isolation anti-vibration.<\/li>\n<li><strong>Granul\u00e9s de li\u00e8ge adapt\u00e9s \u00e0 l&rsquo;isolation des cavit\u00e9s ou \u00e0 l&rsquo;isolation des combles<\/strong>.<\/li>\n<li><strong>Granul\u00e9s de li\u00e8ge utilis\u00e9s pour la fabrication d&rsquo;enduits thermo-isolants<\/strong>.<\/li>\n<\/ol>\n<p><strong>Les panneaux en li\u00e8ge \u00ab\u00a0blond\u00a0\u00bb repr\u00e9sentent un choix exceptionnel<\/strong>, m\u00eame dans des contextes d&rsquo;architecture verte, gr\u00e2ce \u00e0 leurs caract\u00e9ristiques thermiques uniques:<\/p>\n<ul>\n<li><strong>r\u00e9sistance aux agents atmosph\u00e9riques<\/strong>;<\/li>\n<li><strong>r\u00e9sistance aux agents acides<\/strong>, notamment aux sucs gastriques, en tant qu\u2019imperm\u00e9ables aux rongeurs, insectes et oiseaux;<\/li>\n<li><strong>respirabilit\u00e9 et perm\u00e9abilit\u00e9 \u00e0 la vapeur<\/strong>, mais en m\u00eame temps hydrofuges et imperm\u00e9ables \u00e0 l&rsquo;eau;<\/li>\n<li><strong>imputrescibilit\u00e9 m\u00eame en milieu humide<\/strong>;<\/li>\n<li><strong>r\u00e9sistance au feu<\/strong>, car ils ne propagent pas la flamme et ils sont autoextinguibles;<\/li>\n<li><strong>pr\u00e9servation de leurs caract\u00e9ristiques inchang\u00e9es dans le temps, garantissant une dur\u00e9e presque illimit\u00e9e<\/strong>. Par exemple, apr\u00e8s la d\u00e9molition d&rsquo;un b\u00e2timent, le li\u00e8ge peut \u00eatre r\u00e9cup\u00e9r\u00e9 et recycl\u00e9 pour une nouvelle isolation, conservant ainsi ses qualit\u00e9s intactes.<\/li>\n<\/ul>\n<\/div>\n<\/div>\n<p>\n    <a href=\"https:\/\/www.sugherificiocorkline.it\/fr\/contacts\/\">Demandez des informations<\/a>\n<\/p>\n<p><img decoding=\"async\" src=\"\/wp-content\/uploads\/2023\/11\/cork_floor.jpg\" alt=\"\"><br \/>\n<img decoding=\"async\" src=\"\/wp-content\/uploads\/2021\/05\/isolamento-temrico-acustico-perugia.jpg\" alt=\"\"><\/p>\n<p><!--more--><br \/>\n<!-- {\"type\":\"layout\",\"children\":[{\"type\":\"section\",\"props\":{\"image_position\":\"center-center\",\"style\":\"default\",\"title_breakpoint\":\"xl\",\"title_position\":\"top-left\",\"title_rotation\":\"left\",\"vertical_align\":\"middle\",\"width\":\"large\"},\"children\":[{\"type\":\"row\",\"children\":[{\"type\":\"column\",\"props\":{\"image_position\":\"center-center\",\"position_sticky_breakpoint\":\"m\"},\"children\":[{\"type\":\"breadcrumbs\",\"props\":{\"show_current\":true,\"show_home\":true}},{\"type\":\"headline\",\"props\":{\"animation\":\"slide-left-medium\",\"content\":\"Panneaux pour l\\u2019isolation thermo-acoustique<span style=\\\"color: #b6b29a;\\\">.<\\\/span>\",\"margin_remove_top\":false,\"parallax_blur\":\"50\",\"parallax_opacity\":\"1,0,0\",\"parallax_scale\":\"0.5\",\"parallax_start\":\"50vh + 50%\",\"position_z_index\":\"0\",\"text_align\":\"left\",\"title_element\":\"h1\",\"title_style\":\"heading-xlarge\"},\"name\":\"Headline\"}]}]},{\"type\":\"row\",\"children\":[{\"type\":\"column\",\"props\":{\"image_position\":\"center-center\",\"media_overlay\":\"rgba(255, 255, 255, 0.6)\",\"position_sticky_breakpoint\":\"m\",\"preserve_color\":true,\"style\":\"tile-muted\",\"vertical_align\":\"middle\"},\"children\":[{\"type\":\"panel\",\"props\":{\"content\":\"\n\n<p>Depuis de nombreuses ann\\u00e9es, <strong>nous nous consacrons avec passion \\u00e0 la cr\\u00e9ation de panneaux en li\\u00e8ge destin\\u00e9s \\u00e0 l'isolation thermo-acoustique<\\\/strong>. Le li\\u00e8ge repr\\u00e9sente une solution naturelle et \\u00e9cologique d\\u2019isolation, tant d\\u2019un point de vue thermique qu\\u2019acoustique.<\\\/p>\\n\n\n<p>L'isolation des b\\u00e2timents joue un r\\u00f4le crucial non seulement dans les \\u00e9conomies d\\u2019argent et dans l'am\\u00e9lioration du confort de la maison, mais aussi dans la responsabilit\\u00e9 environnementale. <strong>Une maison bien isol\\u00e9e contribue \\u00e0 r\\u00e9duire la consommation d\\u2019\\u00e9nergie pour le chauffage et\\\/ou la climatisation<\\\/strong>, tout en am\\u00e9liorant la qualit\\u00e9 de l\\u2019environnement dans lequel nous vivons. <strong>C\\u2019est une \\u00e9tape concr\\u00e8te vers un mode de vie durable et respectueux de l\\u2019\\u00e9cosyst\\u00e8me qui nous entoure<\\\/strong>.<\\\/p>\\n\n\n<p>Et rappelez-vous\\u2026 <strong>l'installation d'un syst\\u00e8me d'isolation en li\\u00e8ge de haute qualit\\u00e9 est nettement plus pratique que les interventions purement esth\\u00e9tiques<\\\/strong> et elle offre des avantages durables, \\u00e9tant donn\\u00e9 que le li\\u00e8ge est un mat\\u00e9riau qui ne se d\\u00e9compose pas, qui ne s'effrite pas et qui reste intact et stable pour toujours.<\\\/p>\",\"content_column_breakpoint\":\"m\",\"content_style\":\"text-large\",\"icon\":\"\",\"icon_width\":80,\"image\":\"\",\"image_align\":\"right\",\"image_grid_breakpoint\":\"m\",\"image_grid_column_gap\":\"large\",\"image_grid_width\":\"1-2\",\"image_margin\":\"medium\",\"image_svg_animate\":false,\"image_svg_color\":\"primary\",\"image_svg_inline\":true,\"image_vertical_align\":true,\"link\":\"fr\\\/creches-en-liege\\\/\",\"link_margin\":\"medium\",\"link_size\":\"large\",\"link_style\":\"secondary\",\"link_text\":\"<span uk-icon=\\\"icon: chevron-double-right\\\"><\\\/span> D\\u00e9couvrez nos panneaux destin\\u00e9s \\u00e0 la r\\u00e9alisation de cr\\u00e8ches en li\\u00e8ge\",\"margin\":\"default\",\"meta\":\"Conception et r\\u00e9alisation\",\"meta_align\":\"below-title\",\"meta_color\":\"secondary\",\"meta_element\":\"div\",\"meta_style\":\"h2\",\"panel_link\":false,\"position\":\"relative\",\"position_z_index\":\"1\",\"title\":\"Bien isoler <span style=\\\"color:#740201;\\\">sa maison<\\\/span>\",\"title_align\":\"top\",\"title_element\":\"h2\",\"title_grid_breakpoint\":\"m\",\"title_grid_width\":\"1-2\",\"title_hover_style\":\"reset\",\"title_style\":\"heading-large\"}}]}]}],\"name\":\"Pagina\"},{\"type\":\"section\",\"props\":{\"animation\":\"slide-bottom-medium\",\"image_position\":\"center-center\",\"padding_remove_bottom\":false,\"padding_remove_top\":false,\"style\":\"default\",\"title_breakpoint\":\"xl\",\"title_position\":\"top-left\",\"title_rotation\":\"left\",\"vertical_align\":\"middle\",\"width\":\"large\"},\"children\":[{\"type\":\"row\",\"children\":[{\"type\":\"column\",\"props\":{\"image_position\":\"center-center\",\"media_overlay\":\"rgba(255, 255, 255, 0.6)\",\"position_sticky_breakpoint\":\"m\",\"vertical_align\":\"middle\",\"width_medium\":\"1-2\"},\"children\":[{\"type\":\"panel\",\"props\":{\"content\":\"\n\n<p>Dans le secteur de la construction, <strong>notre entreprise propose des solutions tr\\u00e8s efficaces pour l'isolation thermique et acoustique des b\\u00e2timents<\\\/strong>. Nous fournissons une large gamme de produits, notamment:<\\\/p>\\n\n\n<ol>\\n\n\n<li><strong>Panneaux en li\\u00e8ge blond de diff\\u00e9rentes \\u00e9paisseurs<\\\/strong>, <strong>id\\u00e9aux pour l'isolation thermo-acoustique des murs et des toits<\\\/strong>. Ces panneaux peuvent \\u00eatre utilis\\u00e9s \\u00e0 la fois pour un syst\\u00e8me de rev\\u00eatement interne et externe et pour l\\u2019isolation des cavit\\u00e9s.<\\\/li>\\n\n\n<li><strong>Feuilles en li\\u00e8ge hautement compress\\u00e9es<\\\/strong> d'une densit\\u00e9 de 300 \\u00e0 350 kg\\\/m3, con\\u00e7ues pour l'isolation anti-vibration.<\\\/li>\\n\n\n<li><strong>Granul\\u00e9s de li\\u00e8ge adapt\\u00e9s \\u00e0 l'isolation des cavit\\u00e9s ou \\u00e0 l'isolation des combles<\\\/strong>.<\\\/li>\\n\n\n<li><strong>Granul\\u00e9s de li\\u00e8ge utilis\\u00e9s pour la fabrication d'enduits thermo-isolants<\\\/strong>.<\\\/li>\\n<\\\/ol>\\n\n\n<p><strong>Les panneaux en li\\u00e8ge \\\"blond\\\" repr\\u00e9sentent un choix exceptionnel<\\\/strong>, m\\u00eame dans des contextes d'architecture verte, gr\\u00e2ce \\u00e0 leurs caract\\u00e9ristiques thermiques uniques:<\\\/p>\\n\n\n<ul>\\n\n\n<li><strong>r\\u00e9sistance aux agents atmosph\\u00e9riques<\\\/strong>;<\\\/li>\\n\n\n<li><strong>r\\u00e9sistance aux agents acides<\\\/strong>, notamment aux sucs gastriques, en tant qu\\u2019imperm\\u00e9ables aux rongeurs, insectes et oiseaux;<\\\/li>\\n\n\n<li><strong>respirabilit\\u00e9 et perm\\u00e9abilit\\u00e9 \\u00e0 la vapeur<\\\/strong>, mais en m\\u00eame temps hydrofuges et imperm\\u00e9ables \\u00e0 l'eau;<\\\/li>\\n\n\n<li><strong>imputrescibilit\\u00e9 m\\u00eame en milieu humide<\\\/strong>;<\\\/li>\\n\n\n<li><strong>r\\u00e9sistance au feu<\\\/strong>, car ils ne propagent pas la flamme et ils sont autoextinguibles;<\\\/li>\\n\n\n<li><strong>pr\\u00e9servation de leurs caract\\u00e9ristiques inchang\\u00e9es dans le temps, garantissant une dur\\u00e9e presque illimit\\u00e9e<\\\/strong>. Par exemple, apr\\u00e8s la d\\u00e9molition d'un b\\u00e2timent, le li\\u00e8ge peut \\u00eatre r\\u00e9cup\\u00e9r\\u00e9 et recycl\\u00e9 pour une nouvelle isolation, conservant ainsi ses qualit\\u00e9s intactes.<\\\/li>\\n<\\\/ul>\",\"content_column_breakpoint\":\"m\",\"content_style\":\"text-large\",\"icon\":\"\",\"icon_width\":80,\"image\":\"\",\"image_align\":\"right\",\"image_grid_breakpoint\":\"m\",\"image_grid_column_gap\":\"large\",\"image_grid_width\":\"1-2\",\"image_margin\":\"medium\",\"image_svg_animate\":false,\"image_svg_color\":\"primary\",\"image_svg_inline\":true,\"image_vertical_align\":true,\"link_margin\":\"medium\",\"link_size\":\"large\",\"link_style\":\"default\",\"link_text\":\"Conosciamoci meglio\",\"margin\":\"default\",\"meta\":\"\",\"meta_align\":\"below-title\",\"meta_color\":\"secondary\",\"meta_element\":\"div\",\"meta_style\":\"h2\",\"panel_link\":false,\"position\":\"relative\",\"position_z_index\":\"1\",\"title\":\"Syst\\u00e8me de <span style=\\\"color:#740201;\\\">rev\\u00eatement<\\\/span>\",\"title_align\":\"top\",\"title_element\":\"h2\",\"title_grid_breakpoint\":\"m\",\"title_grid_width\":\"1-2\",\"title_hover_style\":\"reset\",\"title_style\":\"heading-large\"}},{\"type\":\"button\",\"props\":{\"animation\":\"parallax\",\"button_size\":\"large\",\"grid_column_gap\":\"\",\"grid_row_gap\":\"\",\"margin\":\"default\",\"parallax_blur\":\"50\",\"parallax_opacity\":\"1,0,0\",\"parallax_scale\":\"0.5\",\"parallax_start\":\"55vh + 50%\",\"text_align\":\"left\"},\"children\":[{\"type\":\"button_item\",\"props\":{\"button_style\":\"primary\",\"content\":\"Demandez des informations\",\"icon\":\"chevron-double-right\",\"icon_align\":\"left\",\"link\":\"fr\\\/contacts\\\/\"}}]}]},{\"type\":\"column\",\"props\":{\"image_position\":\"center-center\",\"position_sticky_breakpoint\":\"m\",\"vertical_align\":\"middle\",\"width_medium\":\"1-2\"},\"children\":[{\"type\":\"image\",\"props\":{\"animation\":\"parallax\",\"image\":\"wp-content\\\/uploads\\\/2023\\\/11\\\/cork_floor.jpg\",\"image_box_decoration\":\"mask\",\"image_box_shadow\":\"large\",\"image_svg_color\":\"emphasis\",\"margin\":\"default\",\"margin_remove_bottom\":true,\"parallax_blur\":\"0 70%,100\",\"parallax_opacity\":\"1 70%,0\",\"parallax_start\":\"50vh\",\"parallax_y\":\"100,-100\"}},{\"type\":\"image\",\"props\":{\"animation\":\"parallax\",\"image\":\"wp-content\\\/uploads\\\/2021\\\/05\\\/isolamento-temrico-acustico-perugia.jpg\",\"image_box_decoration\":\"mask\",\"image_box_shadow\":\"large\",\"image_svg_color\":\"emphasis\",\"margin\":\"default\",\"margin_remove_top\":true,\"parallax_blur\":\"0 70%,100\",\"parallax_opacity\":\"1 70%,0\",\"parallax_start\":\"50vh\",\"parallax_y\":\"100,-100\"}}]}],\"props\":{\"layout\":\"1-2,1-2\"}}],\"name\":\"Panel\"}],\"version\":\"4.2.11\"} --><\/p>\n","protected":false},"excerpt":{"rendered":"<p>Panneaux pour l\u2019isolation thermo-acoustique. Bien isoler sa maison Conception et r\u00e9alisation Depuis de nombreuses ann\u00e9es, nous nous consacrons avec passion \u00e0 la cr\u00e9ation de panneaux en li\u00e8ge destin\u00e9s \u00e0 l&rsquo;isolation thermo-acoustique. Le li\u00e8ge repr\u00e9sente une solution naturelle et \u00e9cologique d\u2019isolation, tant d\u2019un point de vue thermique qu\u2019acoustique. L&rsquo;isolation des b\u00e2timents joue un r\u00f4le crucial non [&hellip;]<\/p>\n","protected":false},"author":2,"featured_media":1372,"parent":0,"menu_order":0,"comment_status":"closed","ping_status":"closed","template":"","meta":{"footnotes":""},"class_list":["post-1137","page","type-page","status-publish","has-post-thumbnail","hentry"],"yoast_head":"<!-- This site is optimized with the Yoast SEO plugin v21.8 - https:\/\/yoast.com\/wordpress\/plugins\/seo\/ -->\n<title>Panneaux de li\u00e8ge - Cork Line - Sp\u00e9cialistes dans la production de granul\u00e9s de li\u00e8ge<\/title>\n<meta name=\"description\" content=\"D\u00e9couvrez nos panneaux de li\u00e8ge pour l&#039;isolation thermique et acoustique, un pas concret vers un mode de vie durable\" \/>\n<meta name=\"robots\" content=\"index, follow, max-snippet:-1, max-image-preview:large, max-video-preview:-1\" \/>\n<link rel=\"canonical\" href=\"https:\/\/www.sugherificiocorkline.it\/fr\/panneaux-de-liege\/\" \/>\n<meta property=\"og:locale\" content=\"fr_FR\" \/>\n<meta property=\"og:type\" content=\"article\" \/>\n<meta property=\"og:title\" content=\"Panneaux de li\u00e8ge - Cork Line - Sp\u00e9cialistes dans la production de granul\u00e9s de li\u00e8ge\" \/>\n<meta property=\"og:description\" content=\"D\u00e9couvrez nos panneaux de li\u00e8ge pour l&#039;isolation thermique et acoustique, un pas concret vers un mode de vie durable\" \/>\n<meta property=\"og:url\" content=\"https:\/\/www.sugherificiocorkline.it\/fr\/panneaux-de-liege\/\" \/>\n<meta property=\"og:site_name\" content=\"Cork Line - Sp\u00e9cialistes dans la production de granul\u00e9s de li\u00e8ge\" \/>\n<meta property=\"article:publisher\" content=\"https:\/\/m.facebook.com\/p\/Cork-Line-100071951215164\/?locale=it_IT\" \/>\n<meta property=\"article:modified_time\" content=\"2024-01-11T16:51:32+00:00\" \/>\n<meta property=\"og:image\" content=\"https:\/\/www.sugherificiocorkline.it\/wp-content\/uploads\/2023\/11\/cork_floor.jpg\" \/>\n\t<meta property=\"og:image:width\" content=\"1160\" \/>\n\t<meta property=\"og:image:height\" content=\"1586\" \/>\n\t<meta property=\"og:image:type\" content=\"image\/jpeg\" \/>\n<meta name=\"twitter:card\" content=\"summary_large_image\" \/>\n<meta name=\"twitter:label1\" content=\"Dur\u00e9e de lecture estim\u00e9e\" \/>\n\t<meta name=\"twitter:data1\" content=\"2 minutes\" \/>\n<script type=\"application\/ld+json\" class=\"yoast-schema-graph\">{\"@context\":\"https:\/\/schema.org\",\"@graph\":[{\"@type\":\"WebPage\",\"@id\":\"https:\/\/www.sugherificiocorkline.it\/fr\/panneaux-de-liege\/\",\"url\":\"https:\/\/www.sugherificiocorkline.it\/fr\/panneaux-de-liege\/\",\"name\":\"Panneaux de li\u00e8ge - Cork Line - Sp\u00e9cialistes dans la production de granul\u00e9s de li\u00e8ge\",\"isPartOf\":{\"@id\":\"https:\/\/www.sugherificiocorkline.it\/fr\/#website\"},\"datePublished\":\"2021-05-06T10:02:58+00:00\",\"dateModified\":\"2024-01-11T16:51:32+00:00\",\"description\":\"D\u00e9couvrez nos panneaux de li\u00e8ge pour l'isolation thermique et acoustique, un pas concret vers un mode de vie durable\",\"breadcrumb\":{\"@id\":\"https:\/\/www.sugherificiocorkline.it\/fr\/panneaux-de-liege\/#breadcrumb\"},\"inLanguage\":\"fr-FR\",\"potentialAction\":[{\"@type\":\"ReadAction\",\"target\":[\"https:\/\/www.sugherificiocorkline.it\/fr\/panneaux-de-liege\/\"]}]},{\"@type\":\"BreadcrumbList\",\"@id\":\"https:\/\/www.sugherificiocorkline.it\/fr\/panneaux-de-liege\/#breadcrumb\",\"itemListElement\":[{\"@type\":\"ListItem\",\"position\":1,\"name\":\"Home\",\"item\":\"https:\/\/www.sugherificiocorkline.it\/fr\/\"},{\"@type\":\"ListItem\",\"position\":2,\"name\":\"Panneaux de li\u00e8ge\"}]},{\"@type\":\"WebSite\",\"@id\":\"https:\/\/www.sugherificiocorkline.it\/fr\/#website\",\"url\":\"https:\/\/www.sugherificiocorkline.it\/fr\/\",\"name\":\"Cork Line - Specialisti nella produzione di granulati di sughero\",\"description\":\"\",\"publisher\":{\"@id\":\"https:\/\/www.sugherificiocorkline.it\/fr\/#organization\"},\"potentialAction\":[{\"@type\":\"SearchAction\",\"target\":{\"@type\":\"EntryPoint\",\"urlTemplate\":\"https:\/\/www.sugherificiocorkline.it\/fr\/?s={search_term_string}\"},\"query-input\":\"required name=search_term_string\"}],\"inLanguage\":\"fr-FR\"},{\"@type\":\"Organization\",\"@id\":\"https:\/\/www.sugherificiocorkline.it\/fr\/#organization\",\"name\":\"Cork Line - Sp\u00e9cialistes dans la production de granul\u00e9s de li\u00e8ge\",\"url\":\"https:\/\/www.sugherificiocorkline.it\/fr\/\",\"logo\":{\"@type\":\"ImageObject\",\"inLanguage\":\"fr-FR\",\"@id\":\"https:\/\/www.sugherificiocorkline.it\/fr\/#\/schema\/logo\/image\/\",\"url\":\"https:\/\/www.sugherificiocorkline.it\/wp-content\/uploads\/2021\/05\/logo-corkline.png\",\"contentUrl\":\"https:\/\/www.sugherificiocorkline.it\/wp-content\/uploads\/2021\/05\/logo-corkline.png\",\"width\":245,\"height\":75,\"caption\":\"Cork Line - Sp\u00e9cialistes dans la production de granul\u00e9s de li\u00e8ge\"},\"image\":{\"@id\":\"https:\/\/www.sugherificiocorkline.it\/fr\/#\/schema\/logo\/image\/\"},\"sameAs\":[\"https:\/\/m.facebook.com\/p\/Cork-Line-100071951215164\/?locale=it_IT\"]}]}<\/script>\n<!-- \/ Yoast SEO plugin. -->","yoast_head_json":{"title":"Panneaux de li\u00e8ge - Cork Line - Sp\u00e9cialistes dans la production de granul\u00e9s de li\u00e8ge","description":"D\u00e9couvrez nos panneaux de li\u00e8ge pour l'isolation thermique et acoustique, un pas concret vers un mode de vie durable","robots":{"index":"index","follow":"follow","max-snippet":"max-snippet:-1","max-image-preview":"max-image-preview:large","max-video-preview":"max-video-preview:-1"},"canonical":"https:\/\/www.sugherificiocorkline.it\/fr\/panneaux-de-liege\/","og_locale":"fr_FR","og_type":"article","og_title":"Panneaux de li\u00e8ge - Cork Line - Sp\u00e9cialistes dans la production de granul\u00e9s de li\u00e8ge","og_description":"D\u00e9couvrez nos panneaux de li\u00e8ge pour l'isolation thermique et acoustique, un pas concret vers un mode de vie durable","og_url":"https:\/\/www.sugherificiocorkline.it\/fr\/panneaux-de-liege\/","og_site_name":"Cork Line - Sp\u00e9cialistes dans la production de granul\u00e9s de li\u00e8ge","article_publisher":"https:\/\/m.facebook.com\/p\/Cork-Line-100071951215164\/?locale=it_IT","article_modified_time":"2024-01-11T16:51:32+00:00","og_image":[{"width":1160,"height":1586,"url":"https:\/\/www.sugherificiocorkline.it\/wp-content\/uploads\/2023\/11\/cork_floor.jpg","type":"image\/jpeg"}],"twitter_card":"summary_large_image","twitter_misc":{"Dur\u00e9e de lecture estim\u00e9e":"2 minutes"},"schema":{"@context":"https:\/\/schema.org","@graph":[{"@type":"WebPage","@id":"https:\/\/www.sugherificiocorkline.it\/fr\/panneaux-de-liege\/","url":"https:\/\/www.sugherificiocorkline.it\/fr\/panneaux-de-liege\/","name":"Panneaux de li\u00e8ge - Cork Line - Sp\u00e9cialistes dans la production de granul\u00e9s de li\u00e8ge","isPartOf":{"@id":"https:\/\/www.sugherificiocorkline.it\/fr\/#website"},"datePublished":"2021-05-06T10:02:58+00:00","dateModified":"2024-01-11T16:51:32+00:00","description":"D\u00e9couvrez nos panneaux de li\u00e8ge pour l'isolation thermique et acoustique, un pas concret vers un mode de vie durable","breadcrumb":{"@id":"https:\/\/www.sugherificiocorkline.it\/fr\/panneaux-de-liege\/#breadcrumb"},"inLanguage":"fr-FR","potentialAction":[{"@type":"ReadAction","target":["https:\/\/www.sugherificiocorkline.it\/fr\/panneaux-de-liege\/"]}]},{"@type":"BreadcrumbList","@id":"https:\/\/www.sugherificiocorkline.it\/fr\/panneaux-de-liege\/#breadcrumb","itemListElement":[{"@type":"ListItem","position":1,"name":"Home","item":"https:\/\/www.sugherificiocorkline.it\/fr\/"},{"@type":"ListItem","position":2,"name":"Panneaux de li\u00e8ge"}]},{"@type":"WebSite","@id":"https:\/\/www.sugherificiocorkline.it\/fr\/#website","url":"https:\/\/www.sugherificiocorkline.it\/fr\/","name":"Cork Line - Specialisti nella produzione di granulati di sughero","description":"","publisher":{"@id":"https:\/\/www.sugherificiocorkline.it\/fr\/#organization"},"potentialAction":[{"@type":"SearchAction","target":{"@type":"EntryPoint","urlTemplate":"https:\/\/www.sugherificiocorkline.it\/fr\/?s={search_term_string}"},"query-input":"required name=search_term_string"}],"inLanguage":"fr-FR"},{"@type":"Organization","@id":"https:\/\/www.sugherificiocorkline.it\/fr\/#organization","name":"Cork Line - Sp\u00e9cialistes dans la production de granul\u00e9s de li\u00e8ge","url":"https:\/\/www.sugherificiocorkline.it\/fr\/","logo":{"@type":"ImageObject","inLanguage":"fr-FR","@id":"https:\/\/www.sugherificiocorkline.it\/fr\/#\/schema\/logo\/image\/","url":"https:\/\/www.sugherificiocorkline.it\/wp-content\/uploads\/2021\/05\/logo-corkline.png","contentUrl":"https:\/\/www.sugherificiocorkline.it\/wp-content\/uploads\/2021\/05\/logo-corkline.png","width":245,"height":75,"caption":"Cork Line - Sp\u00e9cialistes dans la production de granul\u00e9s de li\u00e8ge"},"image":{"@id":"https:\/\/www.sugherificiocorkline.it\/fr\/#\/schema\/logo\/image\/"},"sameAs":["https:\/\/m.facebook.com\/p\/Cork-Line-100071951215164\/?locale=it_IT"]}]}},"_links":{"self":[{"href":"https:\/\/www.sugherificiocorkline.it\/fr\/wp-json\/wp\/v2\/pages\/1137","targetHints":{"allow":["GET"]}}],"collection":[{"href":"https:\/\/www.sugherificiocorkline.it\/fr\/wp-json\/wp\/v2\/pages"}],"about":[{"href":"https:\/\/www.sugherificiocorkline.it\/fr\/wp-json\/wp\/v2\/types\/page"}],"author":[{"embeddable":true,"href":"https:\/\/www.sugherificiocorkline.it\/fr\/wp-json\/wp\/v2\/users\/2"}],"replies":[{"embeddable":true,"href":"https:\/\/www.sugherificiocorkline.it\/fr\/wp-json\/wp\/v2\/comments?post=1137"}],"version-history":[{"count":8,"href":"https:\/\/www.sugherificiocorkline.it\/fr\/wp-json\/wp\/v2\/pages\/1137\/revisions"}],"predecessor-version":[{"id":1284,"href":"https:\/\/www.sugherificiocorkline.it\/fr\/wp-json\/wp\/v2\/pages\/1137\/revisions\/1284"}],"wp:featuredmedia":[{"embeddable":true,"href":"https:\/\/www.sugherificiocorkline.it\/fr\/wp-json\/wp\/v2\/media\/1372"}],"wp:attachment":[{"href":"https:\/\/www.sugherificiocorkline.it\/fr\/wp-json\/wp\/v2\/media?parent=1137"}],"curies":[{"name":"wp","href":"https:\/\/api.w.org\/{rel}","templated":true}]}}