{"id":1136,"date":"2021-05-06T10:00:07","date_gmt":"2021-05-06T10:00:07","guid":{"rendered":"https:\/\/www.sugherificiocorkline.it\/granulati-di-sughero\/"},"modified":"2024-01-11T16:50:51","modified_gmt":"2024-01-11T16:50:51","slug":"granules-de-liege","status":"publish","type":"page","link":"https:\/\/www.sugherificiocorkline.it\/fr\/granules-de-liege\/","title":{"rendered":"Granul\u00e9s de li\u00e8ge"},"content":{"rendered":"<h1>Granul\u00e9s de li\u00e8ge<span style=\"color: #b6b29a;\">.<\/span><\/h1>\n<div>\n<h2>Produits de <span style=\"color:#740201;\">construction<\/span><\/h2>\n<p>Un mat\u00e9riau ancien projet\u00e9 vers le futur<\/p>\n<div>\n<p>Cette mati\u00e8re premi\u00e8re extraordinaire <strong>provient du ch\u00eane-li\u00e8ge dont l&rsquo;\u00e9corce externe est extraite tous les 9\/10 ans<\/strong> gr\u00e2ce au savoir-faire d&rsquo;artisans experts. Cette op\u00e9ration n\u2019endommage pas la plante, car elle r\u00e9g\u00e9n\u00e8re naturellement son \u00e9corce. <strong>Le li\u00e8ge est donc une ressource renouvelable par excellence<\/strong>.<\/p>\n<p>L&rsquo;utilisation de granul\u00e9s de li\u00e8ge dans le secteur de la construction est tr\u00e8s polyvalente. <strong>Ils sont utilis\u00e9s dans la production d&rsquo;enduits thermo-isolants et ils peuvent \u00eatre m\u00e9lang\u00e9s au caoutchouc pour produire des tapis isolants \u00e0 usage civil et industriel<\/strong>. Leur utilisation est fr\u00e9quente dans la <strong>cr\u00e9ation de chapes all\u00e9g\u00e9es<\/strong> (par exemple dans des projets de r\u00e9novation et de r\u00e9cup\u00e9ration de b\u00e2timents anciens, l&rsquo;utilisation de sols all\u00e9g\u00e9s r\u00e9duit les charges des structures) <strong>ou pour \u00eatre pos\u00e9es dans les combles<\/strong>.<\/p>\n<p><strong>Cork Line produit des granul\u00e9s de haute qualit\u00e9<\/strong>, disponibles en diff\u00e9rentes granulom\u00e9tries, <strong>avec des d\u00e9lais de livraison rapides<\/strong>:<\/p>\n<ul>\n<li>Granul\u00e9s de 1 mm de densit\u00e9 comprise entre 60 kg\/m3 et 80 kg\/m3.<\/li>\n<li>Granul\u00e9s de 2 mm de densit\u00e9 comprise entre 60 kg\/m3 et 80 kg\/m3.<\/li>\n<li>Granul\u00e9s de 3 mm de densit\u00e9 comprise entre 60 kg\/m3 et 80 kg\/m3.<\/li>\n<li>M\u00e9lange des granulom\u00e9tries pr\u00e9c\u00e9dentes.<\/li>\n<li>Granul\u00e9s sur demande du client, pour la densit\u00e9 et le m\u00e9lange de granulom\u00e9tries.<\/li>\n<\/ul>\n<\/div>\n<p><a href=\"https:\/\/www.sugherificiocorkline.it\/fr\/panneaux-de-liege\/\"><span uk-icon=\"icon: chevron-double-right\"><\/span> D\u00e9couvrez nos panneaux pour l&rsquo;isolation thermo-acoustique<\/a><\/p>\n<\/div>\n<div>\n<h2>Avantages <span style=\"color:#740201;\"><br \/>et b\u00e9n\u00e9fices <\/span><\/h2>\n<div>\n<p>L&rsquo;utilisation de <a href=\"https:\/\/www.sugherificiocorkline.it\/fr\/panneaux-de-liege\/\">granul\u00e9s de li\u00e8ge pour l&rsquo;isolation thermique<\/a> repr\u00e9sente une option extr\u00eamement avantageuse pour une habitation, notamment d&rsquo;un point de vue financier.<\/p>\n<p>Ce type d\u2019isolation <strong>co\u00fbte nettement moins cher que les interventions esth\u00e9tiques<\/strong> et offre \u00e9galement des avantages extr\u00eamement positifs \u00e0 long terme.<\/p>\n<p><a href=\"https:\/\/www.sugherificiocorkline.it\/fr\/\">Cork Line<\/a> propose <strong>une vari\u00e9t\u00e9 de granul\u00e9s de li\u00e8ge<\/strong>, <strong>diff\u00e9renci\u00e9s par leur taille et leur densit\u00e9<\/strong>. Deux types sont particuli\u00e8rement recherch\u00e9s par nos clients:<\/p>\n<ul>\n<li>Granul\u00e9s de 3 \u00e0 6 mm de densit\u00e9 comprise entre 100 et 110 kg\/m3, disponibles en sacs de raphia d&rsquo;environ 10 kg.<\/li>\n<li>Granul\u00e9s de 4 \u00e0 20 mm de densit\u00e9 comprise entre 130 et 150 kg\/m3, disponibles aussi bien en sacs de raphia d&rsquo;environ 10 kg qu&rsquo;en big bags.<\/li>\n<\/ul>\n<\/div>\n<\/div>\n<p>\n    <a href=\"https:\/\/www.sugherificiocorkline.it\/fr\/contacts\/\">Demandez des informations<\/a>\n<\/p>\n<p><img decoding=\"async\" src=\"\/wp-content\/uploads\/2021\/05\/granulato-edile.jpg\" alt=\"\"><\/p>\n<p><!--more--><br \/>\n<!-- {\"type\":\"layout\",\"children\":[{\"type\":\"section\",\"props\":{\"image_position\":\"center-center\",\"style\":\"default\",\"title_breakpoint\":\"xl\",\"title_position\":\"top-left\",\"title_rotation\":\"left\",\"vertical_align\":\"middle\",\"width\":\"large\"},\"children\":[{\"type\":\"row\",\"children\":[{\"type\":\"column\",\"props\":{\"image_position\":\"center-center\",\"position_sticky_breakpoint\":\"m\"},\"children\":[{\"type\":\"breadcrumbs\",\"props\":{\"show_current\":true,\"show_home\":true}},{\"type\":\"headline\",\"props\":{\"animation\":\"slide-left-medium\",\"content\":\"Granul\\u00e9s de li\\u00e8ge<span style=\\\"color: #b6b29a;\\\">.<\\\/span>\",\"margin_remove_top\":false,\"parallax_blur\":\"50\",\"parallax_opacity\":\"1,0,0\",\"parallax_scale\":\"0.5\",\"parallax_start\":\"50vh + 50%\",\"position_z_index\":\"0\",\"text_align\":\"left\",\"title_element\":\"h1\",\"title_style\":\"heading-xlarge\"},\"name\":\"Headline\"}]}]},{\"type\":\"row\",\"children\":[{\"type\":\"column\",\"props\":{\"image_position\":\"center-center\",\"media_overlay\":\"rgba(255, 255, 255, 0.6)\",\"position_sticky_breakpoint\":\"m\",\"preserve_color\":true,\"style\":\"tile-muted\",\"vertical_align\":\"middle\"},\"children\":[{\"type\":\"panel\",\"props\":{\"content\":\"\n\n<p>Cette mati\\u00e8re premi\\u00e8re extraordinaire <strong>provient du ch\\u00eane-li\\u00e8ge dont l'\\u00e9corce externe est extraite tous les 9\\\/10 ans<\\\/strong> gr\\u00e2ce au savoir-faire d'artisans experts. Cette op\\u00e9ration n\\u2019endommage pas la plante, car elle r\\u00e9g\\u00e9n\\u00e8re naturellement son \\u00e9corce. <strong>Le li\\u00e8ge est donc une ressource renouvelable par excellence<\\\/strong>.<\\\/p>\\n\n\n<p>L'utilisation de granul\\u00e9s de li\\u00e8ge dans le secteur de la construction est tr\\u00e8s polyvalente. <strong>Ils sont utilis\\u00e9s dans la production d'enduits thermo-isolants et ils peuvent \\u00eatre m\\u00e9lang\\u00e9s au caoutchouc pour produire des tapis isolants \\u00e0 usage civil et industriel<\\\/strong>. Leur utilisation est fr\\u00e9quente dans la <strong>cr\\u00e9ation de chapes all\\u00e9g\\u00e9es<\\\/strong> (par exemple dans des projets de r\\u00e9novation et de r\\u00e9cup\\u00e9ration de b\\u00e2timents anciens, l'utilisation de sols all\\u00e9g\\u00e9s r\\u00e9duit les charges des structures) <strong>ou pour \\u00eatre pos\\u00e9es dans les combles<\\\/strong>.<\\\/p>\\n\n\n<p><strong>Cork Line produit des granul\\u00e9s de haute qualit\\u00e9<\\\/strong>, disponibles en diff\\u00e9rentes granulom\\u00e9tries, <strong>avec des d\\u00e9lais de livraison rapides<\\\/strong>:<\\\/p>\\n\n\n<ul>\\n\n\n<li>Granul\\u00e9s de 1 mm de densit\\u00e9 comprise entre 60 kg\\\/m3 et 80 kg\\\/m3.<\\\/li>\\n\n\n<li>Granul\\u00e9s de 2 mm de densit\\u00e9 comprise entre 60 kg\\\/m3 et 80 kg\\\/m3.<\\\/li>\\n\n\n<li>Granul\\u00e9s de 3 mm de densit\\u00e9 comprise entre 60 kg\\\/m3 et 80 kg\\\/m3.<\\\/li>\\n\n\n<li>M\\u00e9lange des granulom\\u00e9tries pr\\u00e9c\\u00e9dentes.<\\\/li>\\n\n\n<li>Granul\\u00e9s sur demande du client, pour la densit\\u00e9 et le m\\u00e9lange de granulom\\u00e9tries.<\\\/li>\\n<\\\/ul>\",\"content_column_breakpoint\":\"m\",\"content_style\":\"text-large\",\"icon\":\"\",\"icon_width\":80,\"image\":\"\",\"image_align\":\"right\",\"image_grid_breakpoint\":\"m\",\"image_grid_column_gap\":\"large\",\"image_grid_width\":\"1-2\",\"image_margin\":\"medium\",\"image_svg_animate\":false,\"image_svg_color\":\"primary\",\"image_svg_inline\":true,\"image_vertical_align\":true,\"link\":\"fr\\\/panneaux-de-liege\\\/\",\"link_margin\":\"medium\",\"link_size\":\"large\",\"link_style\":\"secondary\",\"link_text\":\"<span uk-icon=\\\"icon: chevron-double-right\\\"><\\\/span> D\\u00e9couvrez nos panneaux pour l'isolation thermo-acoustique\",\"margin\":\"default\",\"meta\":\"Un mat\\u00e9riau ancien projet\\u00e9 vers le futur\",\"meta_align\":\"below-title\",\"meta_color\":\"secondary\",\"meta_element\":\"div\",\"meta_style\":\"h2\",\"panel_link\":false,\"position\":\"relative\",\"position_z_index\":\"1\",\"title\":\"Produits de <span style=\\\"color:#740201;\\\">construction<\\\/span>\",\"title_align\":\"top\",\"title_element\":\"h2\",\"title_grid_breakpoint\":\"m\",\"title_grid_width\":\"1-2\",\"title_hover_style\":\"reset\",\"title_style\":\"heading-large\"}}]}]}],\"name\":\"Pagina\"},{\"type\":\"section\",\"props\":{\"animation\":\"slide-bottom-medium\",\"image_position\":\"center-center\",\"padding_remove_bottom\":false,\"padding_remove_top\":false,\"style\":\"default\",\"title_breakpoint\":\"xl\",\"title_position\":\"top-left\",\"title_rotation\":\"left\",\"vertical_align\":\"middle\",\"width\":\"large\"},\"children\":[{\"type\":\"row\",\"children\":[{\"type\":\"column\",\"props\":{\"image_position\":\"center-center\",\"media_overlay\":\"rgba(255, 255, 255, 0.6)\",\"position_sticky_breakpoint\":\"m\",\"vertical_align\":\"middle\",\"width_medium\":\"1-2\"},\"children\":[{\"type\":\"panel\",\"props\":{\"content\":\"\n\n<p>L'utilisation de <a href=\\\"https:\\\/\\\/www.sugherificiocorkline.it\\\/fr\\\/panneaux-de-liege\\\/\\\">granul\\u00e9s de li\\u00e8ge pour l'isolation thermique<\\\/a> repr\\u00e9sente une option extr\\u00eamement avantageuse pour une habitation, notamment d'un point de vue financier.<\\\/p>\\n\n\n<p>Ce type d\\u2019isolation <strong>co\\u00fbte nettement moins cher que les interventions esth\\u00e9tiques<\\\/strong> et offre \\u00e9galement des avantages extr\\u00eamement positifs \\u00e0 long terme.<\\\/p>\\n\n\n<p><a href=\\\"https:\\\/\\\/www.sugherificiocorkline.it\\\/fr\\\/\\\">Cork Line<\\\/a> propose <strong>une vari\\u00e9t\\u00e9 de granul\\u00e9s de li\\u00e8ge<\\\/strong>, <strong>diff\\u00e9renci\\u00e9s par leur taille et leur densit\\u00e9<\\\/strong>. Deux types sont particuli\\u00e8rement recherch\\u00e9s par nos clients:<\\\/p>\\n\n\n<ul>\\n\n\n<li>Granul\\u00e9s de 3 \\u00e0 6 mm de densit\\u00e9 comprise entre 100 et 110 kg\\\/m3, disponibles en sacs de raphia d'environ 10 kg.<\\\/li>\\n\n\n<li>Granul\\u00e9s de 4 \\u00e0 20 mm de densit\\u00e9 comprise entre 130 et 150 kg\\\/m3, disponibles aussi bien en sacs de raphia d'environ 10 kg qu'en big bags.<\\\/li>\\n<\\\/ul>\",\"content_column_breakpoint\":\"m\",\"content_style\":\"text-large\",\"icon\":\"\",\"icon_width\":80,\"image\":\"\",\"image_align\":\"right\",\"image_grid_breakpoint\":\"m\",\"image_grid_column_gap\":\"large\",\"image_grid_width\":\"1-2\",\"image_margin\":\"medium\",\"image_svg_animate\":false,\"image_svg_color\":\"primary\",\"image_svg_inline\":true,\"image_vertical_align\":true,\"link_margin\":\"medium\",\"link_size\":\"large\",\"link_style\":\"default\",\"link_text\":\"Conosciamoci meglio\",\"margin\":\"default\",\"meta\":\"\",\"meta_align\":\"below-title\",\"meta_color\":\"secondary\",\"meta_element\":\"div\",\"meta_style\":\"h2\",\"panel_link\":false,\"position\":\"relative\",\"position_z_index\":\"1\",\"title\":\"Avantages <span style=\\\"color:#740201;\\\"><br\\\/>et b\\u00e9n\\u00e9fices <\\\/span>\",\"title_align\":\"top\",\"title_element\":\"h2\",\"title_grid_breakpoint\":\"m\",\"title_grid_width\":\"1-2\",\"title_hover_style\":\"reset\",\"title_style\":\"heading-large\"}},{\"type\":\"button\",\"props\":{\"animation\":\"parallax\",\"button_size\":\"large\",\"grid_column_gap\":\"\",\"grid_row_gap\":\"\",\"margin\":\"default\",\"parallax_blur\":\"50\",\"parallax_opacity\":\"1,0,0\",\"parallax_scale\":\"0.5\",\"parallax_start\":\"55vh + 50%\",\"text_align\":\"left\"},\"children\":[{\"type\":\"button_item\",\"props\":{\"button_style\":\"primary\",\"content\":\"Demandez des informations\",\"icon\":\"chevron-double-right\",\"icon_align\":\"left\",\"link\":\"fr\\\/contacts\\\/\"}}]}]},{\"type\":\"column\",\"props\":{\"image_position\":\"center-center\",\"position_sticky_breakpoint\":\"m\",\"vertical_align\":\"middle\",\"width_medium\":\"1-2\"},\"children\":[{\"type\":\"image\",\"props\":{\"animation\":\"parallax\",\"image\":\"wp-content\\\/uploads\\\/2021\\\/05\\\/granulato-edile.jpg\",\"image_box_decoration\":\"mask\",\"image_box_shadow\":\"large\",\"image_svg_color\":\"emphasis\",\"margin\":\"default\",\"margin_remove_bottom\":true,\"margin_remove_top\":false,\"parallax_blur\":\"0 70%,100\",\"parallax_opacity\":\"1 70%,0\",\"parallax_start\":\"50vh\",\"parallax_y\":\"100,-100\"}}]}],\"props\":{\"layout\":\"1-2,1-2\"}}],\"name\":\"Panel\"}],\"version\":\"4.2.11\"} --><\/p>\n","protected":false},"excerpt":{"rendered":"<p>Granul\u00e9s de li\u00e8ge. Produits de construction Un mat\u00e9riau ancien projet\u00e9 vers le futur Cette mati\u00e8re premi\u00e8re extraordinaire provient du ch\u00eane-li\u00e8ge dont l&rsquo;\u00e9corce externe est extraite tous les 9\/10 ans gr\u00e2ce au savoir-faire d&rsquo;artisans experts. Cette op\u00e9ration n\u2019endommage pas la plante, car elle r\u00e9g\u00e9n\u00e8re naturellement son \u00e9corce. Le li\u00e8ge est donc une ressource renouvelable par excellence. [&hellip;]<\/p>\n","protected":false},"author":2,"featured_media":1370,"parent":0,"menu_order":0,"comment_status":"closed","ping_status":"closed","template":"","meta":{"footnotes":""},"class_list":["post-1136","page","type-page","status-publish","has-post-thumbnail","hentry"],"yoast_head":"<!-- This site is optimized with the Yoast SEO plugin v21.8 - https:\/\/yoast.com\/wordpress\/plugins\/seo\/ -->\n<title>Granul\u00e9s de li\u00e8ge - Cork Line - Sp\u00e9cialistes dans la production de granul\u00e9s de li\u00e8ge<\/title>\n<meta name=\"description\" content=\"Cork Line produit des granul\u00e9s de li\u00e8ge de haute qualit\u00e9, disponibles en diff\u00e9rentes granulom\u00e9tries et dans des d\u00e9lais de livraison rapides\" \/>\n<meta name=\"robots\" content=\"index, follow, max-snippet:-1, max-image-preview:large, max-video-preview:-1\" \/>\n<link rel=\"canonical\" href=\"https:\/\/www.sugherificiocorkline.it\/fr\/granules-de-liege\/\" \/>\n<meta property=\"og:locale\" content=\"fr_FR\" \/>\n<meta property=\"og:type\" content=\"article\" \/>\n<meta property=\"og:title\" content=\"Granul\u00e9s de li\u00e8ge - Cork Line - Sp\u00e9cialistes dans la production de granul\u00e9s de li\u00e8ge\" \/>\n<meta property=\"og:description\" content=\"Cork Line produit des granul\u00e9s de li\u00e8ge de haute qualit\u00e9, disponibles en diff\u00e9rentes granulom\u00e9tries et dans des d\u00e9lais de livraison rapides\" \/>\n<meta property=\"og:url\" content=\"https:\/\/www.sugherificiocorkline.it\/fr\/granules-de-liege\/\" \/>\n<meta property=\"og:site_name\" content=\"Cork Line - Sp\u00e9cialistes dans la production de granul\u00e9s de li\u00e8ge\" \/>\n<meta property=\"article:publisher\" content=\"https:\/\/m.facebook.com\/p\/Cork-Line-100071951215164\/?locale=it_IT\" \/>\n<meta property=\"article:modified_time\" content=\"2024-01-11T16:50:51+00:00\" \/>\n<meta property=\"og:image\" content=\"https:\/\/www.sugherificiocorkline.it\/wp-content\/uploads\/2021\/05\/granulato-edile.jpg\" \/>\n\t<meta property=\"og:image:width\" content=\"797\" \/>\n\t<meta property=\"og:image:height\" content=\"923\" \/>\n\t<meta property=\"og:image:type\" content=\"image\/jpeg\" \/>\n<meta name=\"twitter:card\" content=\"summary_large_image\" \/>\n<meta name=\"twitter:label1\" content=\"Dur\u00e9e de lecture estim\u00e9e\" \/>\n\t<meta name=\"twitter:data1\" content=\"2 minutes\" \/>\n<script type=\"application\/ld+json\" class=\"yoast-schema-graph\">{\"@context\":\"https:\/\/schema.org\",\"@graph\":[{\"@type\":\"WebPage\",\"@id\":\"https:\/\/www.sugherificiocorkline.it\/fr\/granules-de-liege\/\",\"url\":\"https:\/\/www.sugherificiocorkline.it\/fr\/granules-de-liege\/\",\"name\":\"Granul\u00e9s de li\u00e8ge - Cork Line - Sp\u00e9cialistes dans la production de granul\u00e9s de li\u00e8ge\",\"isPartOf\":{\"@id\":\"https:\/\/www.sugherificiocorkline.it\/fr\/#website\"},\"datePublished\":\"2021-05-06T10:00:07+00:00\",\"dateModified\":\"2024-01-11T16:50:51+00:00\",\"description\":\"Cork Line produit des granul\u00e9s de li\u00e8ge de haute qualit\u00e9, disponibles en diff\u00e9rentes granulom\u00e9tries et dans des d\u00e9lais de livraison rapides\",\"breadcrumb\":{\"@id\":\"https:\/\/www.sugherificiocorkline.it\/fr\/granules-de-liege\/#breadcrumb\"},\"inLanguage\":\"fr-FR\",\"potentialAction\":[{\"@type\":\"ReadAction\",\"target\":[\"https:\/\/www.sugherificiocorkline.it\/fr\/granules-de-liege\/\"]}]},{\"@type\":\"BreadcrumbList\",\"@id\":\"https:\/\/www.sugherificiocorkline.it\/fr\/granules-de-liege\/#breadcrumb\",\"itemListElement\":[{\"@type\":\"ListItem\",\"position\":1,\"name\":\"Home\",\"item\":\"https:\/\/www.sugherificiocorkline.it\/fr\/\"},{\"@type\":\"ListItem\",\"position\":2,\"name\":\"Granul\u00e9s de li\u00e8ge\"}]},{\"@type\":\"WebSite\",\"@id\":\"https:\/\/www.sugherificiocorkline.it\/fr\/#website\",\"url\":\"https:\/\/www.sugherificiocorkline.it\/fr\/\",\"name\":\"Cork Line - Specialisti nella produzione di granulati di sughero\",\"description\":\"\",\"publisher\":{\"@id\":\"https:\/\/www.sugherificiocorkline.it\/fr\/#organization\"},\"potentialAction\":[{\"@type\":\"SearchAction\",\"target\":{\"@type\":\"EntryPoint\",\"urlTemplate\":\"https:\/\/www.sugherificiocorkline.it\/fr\/?s={search_term_string}\"},\"query-input\":\"required name=search_term_string\"}],\"inLanguage\":\"fr-FR\"},{\"@type\":\"Organization\",\"@id\":\"https:\/\/www.sugherificiocorkline.it\/fr\/#organization\",\"name\":\"Cork Line - Sp\u00e9cialistes dans la production de granul\u00e9s de li\u00e8ge\",\"url\":\"https:\/\/www.sugherificiocorkline.it\/fr\/\",\"logo\":{\"@type\":\"ImageObject\",\"inLanguage\":\"fr-FR\",\"@id\":\"https:\/\/www.sugherificiocorkline.it\/fr\/#\/schema\/logo\/image\/\",\"url\":\"https:\/\/www.sugherificiocorkline.it\/wp-content\/uploads\/2021\/05\/logo-corkline.png\",\"contentUrl\":\"https:\/\/www.sugherificiocorkline.it\/wp-content\/uploads\/2021\/05\/logo-corkline.png\",\"width\":245,\"height\":75,\"caption\":\"Cork Line - Sp\u00e9cialistes dans la production de granul\u00e9s de li\u00e8ge\"},\"image\":{\"@id\":\"https:\/\/www.sugherificiocorkline.it\/fr\/#\/schema\/logo\/image\/\"},\"sameAs\":[\"https:\/\/m.facebook.com\/p\/Cork-Line-100071951215164\/?locale=it_IT\"]}]}<\/script>\n<!-- \/ Yoast SEO plugin. -->","yoast_head_json":{"title":"Granul\u00e9s de li\u00e8ge - Cork Line - Sp\u00e9cialistes dans la production de granul\u00e9s de li\u00e8ge","description":"Cork Line produit des granul\u00e9s de li\u00e8ge de haute qualit\u00e9, disponibles en diff\u00e9rentes granulom\u00e9tries et dans des d\u00e9lais de livraison rapides","robots":{"index":"index","follow":"follow","max-snippet":"max-snippet:-1","max-image-preview":"max-image-preview:large","max-video-preview":"max-video-preview:-1"},"canonical":"https:\/\/www.sugherificiocorkline.it\/fr\/granules-de-liege\/","og_locale":"fr_FR","og_type":"article","og_title":"Granul\u00e9s de li\u00e8ge - Cork Line - Sp\u00e9cialistes dans la production de granul\u00e9s de li\u00e8ge","og_description":"Cork Line produit des granul\u00e9s de li\u00e8ge de haute qualit\u00e9, disponibles en diff\u00e9rentes granulom\u00e9tries et dans des d\u00e9lais de livraison rapides","og_url":"https:\/\/www.sugherificiocorkline.it\/fr\/granules-de-liege\/","og_site_name":"Cork Line - Sp\u00e9cialistes dans la production de granul\u00e9s de li\u00e8ge","article_publisher":"https:\/\/m.facebook.com\/p\/Cork-Line-100071951215164\/?locale=it_IT","article_modified_time":"2024-01-11T16:50:51+00:00","og_image":[{"width":797,"height":923,"url":"https:\/\/www.sugherificiocorkline.it\/wp-content\/uploads\/2021\/05\/granulato-edile.jpg","type":"image\/jpeg"}],"twitter_card":"summary_large_image","twitter_misc":{"Dur\u00e9e de lecture estim\u00e9e":"2 minutes"},"schema":{"@context":"https:\/\/schema.org","@graph":[{"@type":"WebPage","@id":"https:\/\/www.sugherificiocorkline.it\/fr\/granules-de-liege\/","url":"https:\/\/www.sugherificiocorkline.it\/fr\/granules-de-liege\/","name":"Granul\u00e9s de li\u00e8ge - Cork Line - Sp\u00e9cialistes dans la production de granul\u00e9s de li\u00e8ge","isPartOf":{"@id":"https:\/\/www.sugherificiocorkline.it\/fr\/#website"},"datePublished":"2021-05-06T10:00:07+00:00","dateModified":"2024-01-11T16:50:51+00:00","description":"Cork Line produit des granul\u00e9s de li\u00e8ge de haute qualit\u00e9, disponibles en diff\u00e9rentes granulom\u00e9tries et dans des d\u00e9lais de livraison rapides","breadcrumb":{"@id":"https:\/\/www.sugherificiocorkline.it\/fr\/granules-de-liege\/#breadcrumb"},"inLanguage":"fr-FR","potentialAction":[{"@type":"ReadAction","target":["https:\/\/www.sugherificiocorkline.it\/fr\/granules-de-liege\/"]}]},{"@type":"BreadcrumbList","@id":"https:\/\/www.sugherificiocorkline.it\/fr\/granules-de-liege\/#breadcrumb","itemListElement":[{"@type":"ListItem","position":1,"name":"Home","item":"https:\/\/www.sugherificiocorkline.it\/fr\/"},{"@type":"ListItem","position":2,"name":"Granul\u00e9s de li\u00e8ge"}]},{"@type":"WebSite","@id":"https:\/\/www.sugherificiocorkline.it\/fr\/#website","url":"https:\/\/www.sugherificiocorkline.it\/fr\/","name":"Cork Line - Specialisti nella produzione di granulati di sughero","description":"","publisher":{"@id":"https:\/\/www.sugherificiocorkline.it\/fr\/#organization"},"potentialAction":[{"@type":"SearchAction","target":{"@type":"EntryPoint","urlTemplate":"https:\/\/www.sugherificiocorkline.it\/fr\/?s={search_term_string}"},"query-input":"required name=search_term_string"}],"inLanguage":"fr-FR"},{"@type":"Organization","@id":"https:\/\/www.sugherificiocorkline.it\/fr\/#organization","name":"Cork Line - Sp\u00e9cialistes dans la production de granul\u00e9s de li\u00e8ge","url":"https:\/\/www.sugherificiocorkline.it\/fr\/","logo":{"@type":"ImageObject","inLanguage":"fr-FR","@id":"https:\/\/www.sugherificiocorkline.it\/fr\/#\/schema\/logo\/image\/","url":"https:\/\/www.sugherificiocorkline.it\/wp-content\/uploads\/2021\/05\/logo-corkline.png","contentUrl":"https:\/\/www.sugherificiocorkline.it\/wp-content\/uploads\/2021\/05\/logo-corkline.png","width":245,"height":75,"caption":"Cork Line - Sp\u00e9cialistes dans la production de granul\u00e9s de li\u00e8ge"},"image":{"@id":"https:\/\/www.sugherificiocorkline.it\/fr\/#\/schema\/logo\/image\/"},"sameAs":["https:\/\/m.facebook.com\/p\/Cork-Line-100071951215164\/?locale=it_IT"]}]}},"_links":{"self":[{"href":"https:\/\/www.sugherificiocorkline.it\/fr\/wp-json\/wp\/v2\/pages\/1136","targetHints":{"allow":["GET"]}}],"collection":[{"href":"https:\/\/www.sugherificiocorkline.it\/fr\/wp-json\/wp\/v2\/pages"}],"about":[{"href":"https:\/\/www.sugherificiocorkline.it\/fr\/wp-json\/wp\/v2\/types\/page"}],"author":[{"embeddable":true,"href":"https:\/\/www.sugherificiocorkline.it\/fr\/wp-json\/wp\/v2\/users\/2"}],"replies":[{"embeddable":true,"href":"https:\/\/www.sugherificiocorkline.it\/fr\/wp-json\/wp\/v2\/comments?post=1136"}],"version-history":[{"count":7,"href":"https:\/\/www.sugherificiocorkline.it\/fr\/wp-json\/wp\/v2\/pages\/1136\/revisions"}],"predecessor-version":[{"id":1276,"href":"https:\/\/www.sugherificiocorkline.it\/fr\/wp-json\/wp\/v2\/pages\/1136\/revisions\/1276"}],"wp:featuredmedia":[{"embeddable":true,"href":"https:\/\/www.sugherificiocorkline.it\/fr\/wp-json\/wp\/v2\/media\/1370"}],"wp:attachment":[{"href":"https:\/\/www.sugherificiocorkline.it\/fr\/wp-json\/wp\/v2\/media?parent=1136"}],"curies":[{"name":"wp","href":"https:\/\/api.w.org\/{rel}","templated":true}]}}