{"id":1135,"date":"2021-05-06T09:54:09","date_gmt":"2021-05-06T09:54:09","guid":{"rendered":"https:\/\/www.sugherificiocorkline.it\/chi-siamo\/"},"modified":"2024-01-11T16:50:05","modified_gmt":"2024-01-11T16:50:05","slug":"qui-sommes-nous","status":"publish","type":"page","link":"https:\/\/www.sugherificiocorkline.it\/fr\/qui-sommes-nous\/","title":{"rendered":"Qui sommes-nous"},"content":{"rendered":"<h1>Qui sommes-nous<span style=\"color: #b6b29a;\">.<\/span><\/h1>\n<div>\n<h2>Notre <span style=\"color:#740201;\">histoire<\/span><\/h2>\n<p>Conception et r\u00e9alisation<\/p>\n<div>\n<p><strong>La fabrique de li\u00e8ge Cork Line est solidement pr\u00e9sente dans le secteur du li\u00e8ge depuis de nombreuses ann\u00e9es<\/strong>. En 1980, la premi\u00e8re unit\u00e9 de production a \u00e9t\u00e9 cr\u00e9\u00e9e \u00e0 Nocera Umbra (P\u00e9rouse), un lieu r\u00e9put\u00e9 pour la production de pantoufles et ensuite de chaussures.<\/p>\n<p>L&rsquo;id\u00e9e initiale de la famille Caparvi, qui a men\u00e9 \u00e0 la cr\u00e9ation du premier site de production, \u00e9tait de <strong>devenir le principal fournisseur de l&rsquo;insert en li\u00e8ge utilis\u00e9 \u00e0 l&rsquo;int\u00e9rieur des pantoufles<\/strong>. Ce choix a \u00e9t\u00e9 effectu\u00e9 dans une zone g\u00e9ographique qui n&rsquo;avait pas de traditions profond\u00e9ment enracin\u00e9es dans la transformation de ce mat\u00e9riau, <strong>faisant preuve d\u2019une approche innovante dans le secteur<\/strong>.<\/p>\n<p>Au fil des ann\u00e9es, l&rsquo;entreprise s&rsquo;est d\u00e9velopp\u00e9e pour devenir un <strong>leader national dans la fourniture de fonds en li\u00e8ge<\/strong>. Elle a \u00e9tabli des collaborations avec les plus importantes marques actives dans la production de pantoufles, en conservant le caract\u00e8re artisanal, mais <strong>en introduisant des processus de production tr\u00e8s efficaces capables de satisfaire m\u00eame des commandes importantes en peu de temps<\/strong>.<\/p>\n<\/div>\n<p><a href=\"https:\/\/www.sugherificiocorkline.it\/fr\/granules-de-liege\/\"><span uk-icon=\"icon: chevron-double-right\"><\/span> D\u00e9couvrez nos granul\u00e9s de li\u00e8ge<\/a><\/p>\n<\/div>\n<div>\n<h2>Granul\u00e9s <span style=\"color:#740201;\"><br \/>de li\u00e8ge<\/span><\/h2>\n<div>\n<p>Par la suite, <strong>l&rsquo;entreprise a d\u00e9velopp\u00e9 une technologie innovante pour la production de granul\u00e9s de li\u00e8ge<\/strong> qui constitue aujourd&rsquo;hui le c\u0153ur de notre activit\u00e9. Notre succ\u00e8s est d\u00fb au <strong>grand respect que la propri\u00e9t\u00e9 porte aux ressources humaines employ\u00e9es et \u00e0 nos fournisseurs<\/strong> et il repose sur la mission de fournir des produits sur mesure \u00e0 nos clients, <strong>en garantissant la qualit\u00e9 qu&rsquo;ils demandent et des d\u00e9lais de fabrication tr\u00e8s rapides<\/strong>.<\/p>\n<p>Aujourd&rsquo;hui, <a href=\"https:\/\/www.sugherificiocorkline.it\/fr\/\">Cork Line<\/a>, leader dans le secteur des granul\u00e9s de li\u00e8ge, <strong>traite plus de 20 000 quintaux d&rsquo;\u00e9corce en li\u00e8ge au sein de son unit\u00e9 op\u00e9rationnelle de 4 000 m\u00e8tres carr\u00e9s<\/strong>, dont 2 000 sont couverts. Ces granul\u00e9s sont produits en diff\u00e9rentes tailles et avec plusieurs densit\u00e9s et m\u00e9langes selon la demande de nos clients, qui peuvent \u00e9galement choisir le type de conditionnement.<\/p>\n<p><strong>La gestion des livraisons est \u00e9galement g\u00e9r\u00e9e par notre bureau<\/strong>, \u00e9vitant ainsi les temps morts entre la fin de la fabrication du lot produit et le chargement au client.<\/p>\n<\/div>\n<\/div>\n<p>\n    <a href=\"https:\/\/www.sugherificiocorkline.it\/fr\/contacts\/\">Contactez-nous<\/a>\n<\/p>\n<p><img decoding=\"async\" src=\"\/wp-content\/uploads\/2021\/05\/granulato-edile.jpg\" alt=\"\"><\/p>\n<p><!--more--><br \/>\n<!-- {\"type\":\"layout\",\"children\":[{\"type\":\"section\",\"props\":{\"image_position\":\"center-center\",\"style\":\"default\",\"title_breakpoint\":\"xl\",\"title_position\":\"top-left\",\"title_rotation\":\"left\",\"vertical_align\":\"middle\",\"width\":\"large\"},\"children\":[{\"type\":\"row\",\"children\":[{\"type\":\"column\",\"props\":{\"image_position\":\"center-center\",\"position_sticky_breakpoint\":\"m\"},\"children\":[{\"type\":\"breadcrumbs\",\"props\":{\"show_current\":true,\"show_home\":true}},{\"type\":\"headline\",\"props\":{\"animation\":\"slide-left-medium\",\"content\":\"Qui sommes-nous<span style=\\\"color: #b6b29a;\\\">.<\\\/span>\",\"margin_remove_top\":false,\"parallax_blur\":\"50\",\"parallax_opacity\":\"1,0,0\",\"parallax_scale\":\"0.5\",\"parallax_start\":\"50vh + 50%\",\"position_z_index\":\"0\",\"text_align\":\"left\",\"title_element\":\"h1\",\"title_style\":\"heading-xlarge\"},\"name\":\"Headline\"}]}]},{\"type\":\"row\",\"children\":[{\"type\":\"column\",\"props\":{\"image_position\":\"center-center\",\"media_overlay\":\"rgba(255, 255, 255, 0.6)\",\"position_sticky_breakpoint\":\"m\",\"preserve_color\":true,\"style\":\"tile-muted\",\"vertical_align\":\"middle\"},\"children\":[{\"type\":\"panel\",\"props\":{\"content\":\"\n\n<p><strong>La fabrique de li\\u00e8ge Cork Line est solidement pr\\u00e9sente dans le secteur du li\\u00e8ge depuis de nombreuses ann\\u00e9es<\\\/strong>. En 1980, la premi\\u00e8re unit\\u00e9 de production a \\u00e9t\\u00e9 cr\\u00e9\\u00e9e \\u00e0 Nocera Umbra (P\\u00e9rouse), un lieu r\\u00e9put\\u00e9 pour la production de pantoufles et ensuite de chaussures.<\\\/p>\\n\n\n<p>L'id\\u00e9e initiale de la famille Caparvi, qui a men\\u00e9 \\u00e0 la cr\\u00e9ation du premier site de production, \\u00e9tait de <strong>devenir le principal fournisseur de l'insert en li\\u00e8ge utilis\\u00e9 \\u00e0 l'int\\u00e9rieur des pantoufles<\\\/strong>. Ce choix a \\u00e9t\\u00e9 effectu\\u00e9 dans une zone g\\u00e9ographique qui n'avait pas de traditions profond\\u00e9ment enracin\\u00e9es dans la transformation de ce mat\\u00e9riau, <strong>faisant preuve d\\u2019une approche innovante dans le secteur<\\\/strong>.<\\\/p>\\n\n\n<p>Au fil des ann\\u00e9es, l'entreprise s'est d\\u00e9velopp\\u00e9e pour devenir un <strong>leader national dans la fourniture de fonds en li\\u00e8ge<\\\/strong>. Elle a \\u00e9tabli des collaborations avec les plus importantes marques actives dans la production de pantoufles, en conservant le caract\\u00e8re artisanal, mais <strong>en introduisant des processus de production tr\\u00e8s efficaces capables de satisfaire m\\u00eame des commandes importantes en peu de temps<\\\/strong>.<\\\/p>\",\"content_column_breakpoint\":\"m\",\"content_style\":\"text-large\",\"icon\":\"\",\"icon_width\":80,\"image\":\"\",\"image_align\":\"right\",\"image_grid_breakpoint\":\"m\",\"image_grid_column_gap\":\"large\",\"image_grid_width\":\"1-2\",\"image_margin\":\"medium\",\"image_svg_animate\":false,\"image_svg_color\":\"primary\",\"image_svg_inline\":true,\"image_vertical_align\":true,\"link\":\"fr\\\/granules-de-liege\\\/\",\"link_margin\":\"medium\",\"link_size\":\"large\",\"link_style\":\"secondary\",\"link_text\":\"<span uk-icon=\\\"icon: chevron-double-right\\\"><\\\/span> D\\u00e9couvrez nos granul\\u00e9s de li\\u00e8ge\",\"margin\":\"default\",\"meta\":\"Conception et r\\u00e9alisation\",\"meta_align\":\"below-title\",\"meta_color\":\"secondary\",\"meta_element\":\"div\",\"meta_style\":\"h2\",\"panel_link\":false,\"position\":\"relative\",\"position_z_index\":\"1\",\"title\":\"Notre <span style=\\\"color:#740201;\\\">histoire<\\\/span>\",\"title_align\":\"top\",\"title_element\":\"h2\",\"title_grid_breakpoint\":\"m\",\"title_grid_width\":\"1-2\",\"title_hover_style\":\"reset\",\"title_style\":\"heading-large\"}}]}]}],\"name\":\"Pagina\"},{\"type\":\"section\",\"props\":{\"animation\":\"slide-bottom-medium\",\"image_position\":\"center-center\",\"padding_remove_bottom\":false,\"padding_remove_top\":false,\"style\":\"default\",\"title_breakpoint\":\"xl\",\"title_position\":\"top-left\",\"title_rotation\":\"left\",\"vertical_align\":\"middle\",\"width\":\"large\"},\"children\":[{\"type\":\"row\",\"children\":[{\"type\":\"column\",\"props\":{\"image_position\":\"center-center\",\"media_overlay\":\"rgba(255, 255, 255, 0.6)\",\"position_sticky_breakpoint\":\"m\",\"vertical_align\":\"middle\",\"width_medium\":\"1-2\"},\"children\":[{\"type\":\"panel\",\"props\":{\"content\":\"\n\n<p>Par la suite, <strong>l'entreprise a d\\u00e9velopp\\u00e9 une technologie innovante pour la production de granul\\u00e9s de li\\u00e8ge<\\\/strong> qui constitue aujourd'hui le c\\u0153ur de notre activit\\u00e9. Notre succ\\u00e8s est d\\u00fb au <strong>grand respect que la propri\\u00e9t\\u00e9 porte aux ressources humaines employ\\u00e9es et \\u00e0 nos fournisseurs<\\\/strong> et il repose sur la mission de fournir des produits sur mesure \\u00e0 nos clients, <strong>en garantissant la qualit\\u00e9 qu'ils demandent et des d\\u00e9lais de fabrication tr\\u00e8s rapides<\\\/strong>.<\\\/p>\\n\n\n<p>Aujourd'hui, <a href=\\\"https:\\\/\\\/www.sugherificiocorkline.it\\\/fr\\\/\\\">Cork Line<\\\/a>, leader dans le secteur des granul\\u00e9s de li\\u00e8ge, <strong>traite plus de 20 000 quintaux d'\\u00e9corce en li\\u00e8ge au sein de son unit\\u00e9 op\\u00e9rationnelle de 4 000 m\\u00e8tres carr\\u00e9s<\\\/strong>, dont 2 000 sont couverts. Ces granul\\u00e9s sont produits en diff\\u00e9rentes tailles et avec plusieurs densit\\u00e9s et m\\u00e9langes selon la demande de nos clients, qui peuvent \\u00e9galement choisir le type de conditionnement.<\\\/p>\\n\n\n<p><strong>La gestion des livraisons est \\u00e9galement g\\u00e9r\\u00e9e par notre bureau<\\\/strong>, \\u00e9vitant ainsi les temps morts entre la fin de la fabrication du lot produit et le chargement au client.<\\\/p>\",\"content_column_breakpoint\":\"m\",\"content_style\":\"text-large\",\"icon\":\"\",\"icon_width\":80,\"image\":\"\",\"image_align\":\"right\",\"image_grid_breakpoint\":\"m\",\"image_grid_column_gap\":\"large\",\"image_grid_width\":\"1-2\",\"image_margin\":\"medium\",\"image_svg_animate\":false,\"image_svg_color\":\"primary\",\"image_svg_inline\":true,\"image_vertical_align\":true,\"link_margin\":\"medium\",\"link_size\":\"large\",\"link_style\":\"default\",\"link_text\":\"Conosciamoci meglio\",\"margin\":\"default\",\"meta\":\"\",\"meta_align\":\"below-title\",\"meta_color\":\"secondary\",\"meta_element\":\"div\",\"meta_style\":\"h2\",\"panel_link\":false,\"position\":\"relative\",\"position_z_index\":\"1\",\"title\":\"Granul\\u00e9s <span style=\\\"color:#740201;\\\"><br\\\/>de li\\u00e8ge<\\\/span>\",\"title_align\":\"top\",\"title_element\":\"h2\",\"title_grid_breakpoint\":\"m\",\"title_grid_width\":\"1-2\",\"title_hover_style\":\"reset\",\"title_style\":\"heading-large\"}},{\"type\":\"button\",\"props\":{\"animation\":\"parallax\",\"button_size\":\"large\",\"grid_column_gap\":\"\",\"grid_row_gap\":\"\",\"margin\":\"default\",\"parallax_blur\":\"50\",\"parallax_opacity\":\"1,0,0\",\"parallax_scale\":\"0.5\",\"parallax_start\":\"55vh + 50%\",\"text_align\":\"left\"},\"children\":[{\"type\":\"button_item\",\"props\":{\"button_style\":\"primary\",\"content\":\"Contactez-nous\",\"icon\":\"chevron-double-right\",\"icon_align\":\"left\",\"link\":\"fr\\\/contacts\\\/\"}}]}]},{\"type\":\"column\",\"props\":{\"image_position\":\"center-center\",\"position_sticky_breakpoint\":\"m\",\"vertical_align\":\"middle\",\"width_medium\":\"1-2\"},\"children\":[{\"type\":\"image\",\"props\":{\"animation\":\"parallax\",\"image\":\"wp-content\\\/uploads\\\/2021\\\/05\\\/granulato-edile.jpg\",\"image_box_decoration\":\"mask\",\"image_box_shadow\":\"large\",\"image_svg_color\":\"emphasis\",\"margin\":\"default\",\"parallax_blur\":\"0 70%,100\",\"parallax_opacity\":\"1 70%,0\",\"parallax_start\":\"50vh\",\"parallax_y\":\"100,-100\"}}]}],\"props\":{\"layout\":\"1-2,1-2\"}}],\"name\":\"Panel\"}],\"version\":\"4.2.11\"} --><\/p>\n","protected":false},"excerpt":{"rendered":"<p>Qui sommes-nous. Notre histoire Conception et r\u00e9alisation La fabrique de li\u00e8ge Cork Line est solidement pr\u00e9sente dans le secteur du li\u00e8ge depuis de nombreuses ann\u00e9es. En 1980, la premi\u00e8re unit\u00e9 de production a \u00e9t\u00e9 cr\u00e9\u00e9e \u00e0 Nocera Umbra (P\u00e9rouse), un lieu r\u00e9put\u00e9 pour la production de pantoufles et ensuite de chaussures. L&rsquo;id\u00e9e initiale de la [&hellip;]<\/p>\n","protected":false},"author":2,"featured_media":1370,"parent":0,"menu_order":0,"comment_status":"closed","ping_status":"closed","template":"","meta":{"footnotes":""},"class_list":["post-1135","page","type-page","status-publish","has-post-thumbnail","hentry"],"yoast_head":"<!-- This site is optimized with the Yoast SEO plugin v21.8 - https:\/\/yoast.com\/wordpress\/plugins\/seo\/ -->\n<title>Qui sommes-nous - Cork Line - Sp\u00e9cialistes dans la production de granul\u00e9s de li\u00e8ge<\/title>\n<meta name=\"description\" content=\"Cork Line, une pr\u00e9sence solide dans l&#039;industrie du li\u00e8ge et un fournisseur national de premier plan de fonds en li\u00e8ge, en savoir plus\" \/>\n<meta name=\"robots\" content=\"index, follow, max-snippet:-1, max-image-preview:large, max-video-preview:-1\" \/>\n<link rel=\"canonical\" href=\"https:\/\/www.sugherificiocorkline.it\/fr\/qui-sommes-nous\/\" \/>\n<meta property=\"og:locale\" content=\"fr_FR\" \/>\n<meta property=\"og:type\" content=\"article\" \/>\n<meta property=\"og:title\" content=\"Qui sommes-nous - Cork Line - Sp\u00e9cialistes dans la production de granul\u00e9s de li\u00e8ge\" \/>\n<meta property=\"og:description\" content=\"Cork Line, une pr\u00e9sence solide dans l&#039;industrie du li\u00e8ge et un fournisseur national de premier plan de fonds en li\u00e8ge, en savoir plus\" \/>\n<meta property=\"og:url\" content=\"https:\/\/www.sugherificiocorkline.it\/fr\/qui-sommes-nous\/\" \/>\n<meta property=\"og:site_name\" content=\"Cork Line - Sp\u00e9cialistes dans la production de granul\u00e9s de li\u00e8ge\" \/>\n<meta property=\"article:publisher\" content=\"https:\/\/m.facebook.com\/p\/Cork-Line-100071951215164\/?locale=it_IT\" \/>\n<meta property=\"article:modified_time\" content=\"2024-01-11T16:50:05+00:00\" \/>\n<meta property=\"og:image\" content=\"https:\/\/www.sugherificiocorkline.it\/wp-content\/uploads\/2021\/05\/granulato-edile.jpg\" \/>\n\t<meta property=\"og:image:width\" content=\"797\" \/>\n\t<meta property=\"og:image:height\" content=\"923\" \/>\n\t<meta property=\"og:image:type\" content=\"image\/jpeg\" \/>\n<meta name=\"twitter:card\" content=\"summary_large_image\" \/>\n<meta name=\"twitter:label1\" content=\"Dur\u00e9e de lecture estim\u00e9e\" \/>\n\t<meta name=\"twitter:data1\" content=\"2 minutes\" \/>\n<script type=\"application\/ld+json\" class=\"yoast-schema-graph\">{\"@context\":\"https:\/\/schema.org\",\"@graph\":[{\"@type\":\"WebPage\",\"@id\":\"https:\/\/www.sugherificiocorkline.it\/fr\/qui-sommes-nous\/\",\"url\":\"https:\/\/www.sugherificiocorkline.it\/fr\/qui-sommes-nous\/\",\"name\":\"Qui sommes-nous - Cork Line - Sp\u00e9cialistes dans la production de granul\u00e9s de li\u00e8ge\",\"isPartOf\":{\"@id\":\"https:\/\/www.sugherificiocorkline.it\/fr\/#website\"},\"datePublished\":\"2021-05-06T09:54:09+00:00\",\"dateModified\":\"2024-01-11T16:50:05+00:00\",\"description\":\"Cork Line, une pr\u00e9sence solide dans l'industrie du li\u00e8ge et un fournisseur national de premier plan de fonds en li\u00e8ge, en savoir plus\",\"breadcrumb\":{\"@id\":\"https:\/\/www.sugherificiocorkline.it\/fr\/qui-sommes-nous\/#breadcrumb\"},\"inLanguage\":\"fr-FR\",\"potentialAction\":[{\"@type\":\"ReadAction\",\"target\":[\"https:\/\/www.sugherificiocorkline.it\/fr\/qui-sommes-nous\/\"]}]},{\"@type\":\"BreadcrumbList\",\"@id\":\"https:\/\/www.sugherificiocorkline.it\/fr\/qui-sommes-nous\/#breadcrumb\",\"itemListElement\":[{\"@type\":\"ListItem\",\"position\":1,\"name\":\"Home\",\"item\":\"https:\/\/www.sugherificiocorkline.it\/fr\/\"},{\"@type\":\"ListItem\",\"position\":2,\"name\":\"Qui sommes-nous\"}]},{\"@type\":\"WebSite\",\"@id\":\"https:\/\/www.sugherificiocorkline.it\/fr\/#website\",\"url\":\"https:\/\/www.sugherificiocorkline.it\/fr\/\",\"name\":\"Cork Line - Specialisti nella produzione di granulati di sughero\",\"description\":\"\",\"publisher\":{\"@id\":\"https:\/\/www.sugherificiocorkline.it\/fr\/#organization\"},\"potentialAction\":[{\"@type\":\"SearchAction\",\"target\":{\"@type\":\"EntryPoint\",\"urlTemplate\":\"https:\/\/www.sugherificiocorkline.it\/fr\/?s={search_term_string}\"},\"query-input\":\"required name=search_term_string\"}],\"inLanguage\":\"fr-FR\"},{\"@type\":\"Organization\",\"@id\":\"https:\/\/www.sugherificiocorkline.it\/fr\/#organization\",\"name\":\"Cork Line - Sp\u00e9cialistes dans la production de granul\u00e9s de li\u00e8ge\",\"url\":\"https:\/\/www.sugherificiocorkline.it\/fr\/\",\"logo\":{\"@type\":\"ImageObject\",\"inLanguage\":\"fr-FR\",\"@id\":\"https:\/\/www.sugherificiocorkline.it\/fr\/#\/schema\/logo\/image\/\",\"url\":\"https:\/\/www.sugherificiocorkline.it\/wp-content\/uploads\/2021\/05\/logo-corkline.png\",\"contentUrl\":\"https:\/\/www.sugherificiocorkline.it\/wp-content\/uploads\/2021\/05\/logo-corkline.png\",\"width\":245,\"height\":75,\"caption\":\"Cork Line - Sp\u00e9cialistes dans la production de granul\u00e9s de li\u00e8ge\"},\"image\":{\"@id\":\"https:\/\/www.sugherificiocorkline.it\/fr\/#\/schema\/logo\/image\/\"},\"sameAs\":[\"https:\/\/m.facebook.com\/p\/Cork-Line-100071951215164\/?locale=it_IT\"]}]}<\/script>\n<!-- \/ Yoast SEO plugin. -->","yoast_head_json":{"title":"Qui sommes-nous - Cork Line - Sp\u00e9cialistes dans la production de granul\u00e9s de li\u00e8ge","description":"Cork Line, une pr\u00e9sence solide dans l'industrie du li\u00e8ge et un fournisseur national de premier plan de fonds en li\u00e8ge, en savoir plus","robots":{"index":"index","follow":"follow","max-snippet":"max-snippet:-1","max-image-preview":"max-image-preview:large","max-video-preview":"max-video-preview:-1"},"canonical":"https:\/\/www.sugherificiocorkline.it\/fr\/qui-sommes-nous\/","og_locale":"fr_FR","og_type":"article","og_title":"Qui sommes-nous - Cork Line - Sp\u00e9cialistes dans la production de granul\u00e9s de li\u00e8ge","og_description":"Cork Line, une pr\u00e9sence solide dans l'industrie du li\u00e8ge et un fournisseur national de premier plan de fonds en li\u00e8ge, en savoir plus","og_url":"https:\/\/www.sugherificiocorkline.it\/fr\/qui-sommes-nous\/","og_site_name":"Cork Line - Sp\u00e9cialistes dans la production de granul\u00e9s de li\u00e8ge","article_publisher":"https:\/\/m.facebook.com\/p\/Cork-Line-100071951215164\/?locale=it_IT","article_modified_time":"2024-01-11T16:50:05+00:00","og_image":[{"width":797,"height":923,"url":"https:\/\/www.sugherificiocorkline.it\/wp-content\/uploads\/2021\/05\/granulato-edile.jpg","type":"image\/jpeg"}],"twitter_card":"summary_large_image","twitter_misc":{"Dur\u00e9e de lecture estim\u00e9e":"2 minutes"},"schema":{"@context":"https:\/\/schema.org","@graph":[{"@type":"WebPage","@id":"https:\/\/www.sugherificiocorkline.it\/fr\/qui-sommes-nous\/","url":"https:\/\/www.sugherificiocorkline.it\/fr\/qui-sommes-nous\/","name":"Qui sommes-nous - Cork Line - Sp\u00e9cialistes dans la production de granul\u00e9s de li\u00e8ge","isPartOf":{"@id":"https:\/\/www.sugherificiocorkline.it\/fr\/#website"},"datePublished":"2021-05-06T09:54:09+00:00","dateModified":"2024-01-11T16:50:05+00:00","description":"Cork Line, une pr\u00e9sence solide dans l'industrie du li\u00e8ge et un fournisseur national de premier plan de fonds en li\u00e8ge, en savoir plus","breadcrumb":{"@id":"https:\/\/www.sugherificiocorkline.it\/fr\/qui-sommes-nous\/#breadcrumb"},"inLanguage":"fr-FR","potentialAction":[{"@type":"ReadAction","target":["https:\/\/www.sugherificiocorkline.it\/fr\/qui-sommes-nous\/"]}]},{"@type":"BreadcrumbList","@id":"https:\/\/www.sugherificiocorkline.it\/fr\/qui-sommes-nous\/#breadcrumb","itemListElement":[{"@type":"ListItem","position":1,"name":"Home","item":"https:\/\/www.sugherificiocorkline.it\/fr\/"},{"@type":"ListItem","position":2,"name":"Qui sommes-nous"}]},{"@type":"WebSite","@id":"https:\/\/www.sugherificiocorkline.it\/fr\/#website","url":"https:\/\/www.sugherificiocorkline.it\/fr\/","name":"Cork Line - Specialisti nella produzione di granulati di sughero","description":"","publisher":{"@id":"https:\/\/www.sugherificiocorkline.it\/fr\/#organization"},"potentialAction":[{"@type":"SearchAction","target":{"@type":"EntryPoint","urlTemplate":"https:\/\/www.sugherificiocorkline.it\/fr\/?s={search_term_string}"},"query-input":"required name=search_term_string"}],"inLanguage":"fr-FR"},{"@type":"Organization","@id":"https:\/\/www.sugherificiocorkline.it\/fr\/#organization","name":"Cork Line - Sp\u00e9cialistes dans la production de granul\u00e9s de li\u00e8ge","url":"https:\/\/www.sugherificiocorkline.it\/fr\/","logo":{"@type":"ImageObject","inLanguage":"fr-FR","@id":"https:\/\/www.sugherificiocorkline.it\/fr\/#\/schema\/logo\/image\/","url":"https:\/\/www.sugherificiocorkline.it\/wp-content\/uploads\/2021\/05\/logo-corkline.png","contentUrl":"https:\/\/www.sugherificiocorkline.it\/wp-content\/uploads\/2021\/05\/logo-corkline.png","width":245,"height":75,"caption":"Cork Line - Sp\u00e9cialistes dans la production de granul\u00e9s de li\u00e8ge"},"image":{"@id":"https:\/\/www.sugherificiocorkline.it\/fr\/#\/schema\/logo\/image\/"},"sameAs":["https:\/\/m.facebook.com\/p\/Cork-Line-100071951215164\/?locale=it_IT"]}]}},"_links":{"self":[{"href":"https:\/\/www.sugherificiocorkline.it\/fr\/wp-json\/wp\/v2\/pages\/1135","targetHints":{"allow":["GET"]}}],"collection":[{"href":"https:\/\/www.sugherificiocorkline.it\/fr\/wp-json\/wp\/v2\/pages"}],"about":[{"href":"https:\/\/www.sugherificiocorkline.it\/fr\/wp-json\/wp\/v2\/types\/page"}],"author":[{"embeddable":true,"href":"https:\/\/www.sugherificiocorkline.it\/fr\/wp-json\/wp\/v2\/users\/2"}],"replies":[{"embeddable":true,"href":"https:\/\/www.sugherificiocorkline.it\/fr\/wp-json\/wp\/v2\/comments?post=1135"}],"version-history":[{"count":6,"href":"https:\/\/www.sugherificiocorkline.it\/fr\/wp-json\/wp\/v2\/pages\/1135\/revisions"}],"predecessor-version":[{"id":1271,"href":"https:\/\/www.sugherificiocorkline.it\/fr\/wp-json\/wp\/v2\/pages\/1135\/revisions\/1271"}],"wp:featuredmedia":[{"embeddable":true,"href":"https:\/\/www.sugherificiocorkline.it\/fr\/wp-json\/wp\/v2\/media\/1370"}],"wp:attachment":[{"href":"https:\/\/www.sugherificiocorkline.it\/fr\/wp-json\/wp\/v2\/media?parent=1135"}],"curies":[{"name":"wp","href":"https:\/\/api.w.org\/{rel}","templated":true}]}}